{"id":27402,"date":"2025-07-21T05:46:20","date_gmt":"2025-07-21T05:46:20","guid":{"rendered":"https:\/\/jmmedicalec.com\/nuevo\/?page_id=27402"},"modified":"2025-07-21T05:50:38","modified_gmt":"2025-07-21T05:50:38","slug":"blog","status":"publish","type":"page","link":"https:\/\/jmmedicalec.com\/nuevo\/blog\/","title":{"rendered":"BLOG"},"content":{"rendered":"\t\t<div data-elementor-type=\"wp-page\" data-elementor-id=\"27402\" class=\"elementor elementor-27402\">\n\t\t\t\t<div class=\"elementor-element elementor-element-2dda459 e-flex e-con-boxed e-con e-parent\" data-id=\"2dda459\" data-element_type=\"container\">\n\t\t\t\t\t<div class=\"e-con-inner\">\n\t\t\t\t<div class=\"elementor-element elementor-element-2c5ca87 sc_style_default sc_fly_static elementor-widget elementor-widget-trx_sc_blogger\" data-id=\"2c5ca87\" data-element_type=\"widget\" data-widget_type=\"trx_sc_blogger.default\">\n\t\t\t\t<div class=\"elementor-widget-container\">\n\t\t\t\t\t<div \t\tclass=\"sc_blogger sc_blogger_default sc_blogger_default_classic sc_item_filters_tabs_none alignnone\" ><div class=\"sc_blogger_columns_wrap sc_item_columns sc_item_posts_container trx_addons_columns_wrap columns_padding_bottom columns_in_single_row\" ><div class=\"trx_addons_column-1_3\"><div data-post-id=\"20911\" data-item-number=\"1\" class=\"sc_blogger_item sc_item_container post_container sc_blogger_item_default sc_blogger_item_default_classic sc_blogger_item_odd sc_blogger_item_align_center post_format_standard sc_blogger_item_with_image sc_blogger_item_with_excerpt sc_blogger_item_image_position_top post-20911 post type-post status-publish format-standard has-post-thumbnail hentry category-blog tag-equipos-portatiles tag-tecnologia-en-salud tag-confianza tag-fisioterapia-ecuador tag-innovacion-medica tag-historia-jm-medical\" ><div class=\"sc_blogger_item_body\"><div class=\"post_featured with_thumb hover_link sc_item_featured sc_blogger_item_featured\"><img fetchpriority=\"high\" decoding=\"async\" width=\"890\" height=\"664\" src=\"https:\/\/jmmedicalec.com\/nuevo\/wp-content\/uploads\/2025\/07\/A2-890x664.jpg\" class=\"attachment-asclepius-thumb-square size-asclepius-thumb-square wp-post-image\" alt=\"\" srcset=\"https:\/\/jmmedicalec.com\/nuevo\/wp-content\/uploads\/2025\/07\/A2-890x664.jpg 890w, https:\/\/jmmedicalec.com\/nuevo\/wp-content\/uploads\/2025\/07\/A2-320x240.jpg 320w\" sizes=\"(max-width: 890px) 100vw, 890px\" \/>\t\t\t\t\t\t<div class=\"mask\"><\/div>\n\t\t\t\t\t\t\t\t\t<a href=\"https:\/\/jmmedicalec.com\/nuevo\/jm-medical-17-anos-fisioterapia-ecuador\/\"  aria-hidden=\"true\" class=\"link\"><\/a>\n\t\t\t<\/div><div class=\"sc_blogger_item_content entry-content\"><div class=\"post_meta sc_blogger_item_meta post_meta_categories\"><span class=\"post_meta_item post_categories cat_sep\"><a href=\"https:\/\/jmmedicalec.com\/nuevo\/category\/blog\/\" rel=\"category tag\">BLOG<\/a><\/span><\/div><h5 class=\"sc_blogger_item_title entry-title\" data-item-number=\"1\"><a href=\"https:\/\/jmmedicalec.com\/nuevo\/jm-medical-17-anos-fisioterapia-ecuador\/\" rel=\"bookmark\">JM Medical: 17 a\u00f1os construyendo confianza e innovaci\u00f3n en el cuidado del movimiento<\/a><\/h5><div class=\"post_meta sc_blogger_item_meta post_meta\"><span class=\"post_meta_item post_date\"><a href=\"https:\/\/jmmedicalec.com\/nuevo\/jm-medical-17-anos-fisioterapia-ecuador\/\">julio 14, 2025<\/a><\/span><span class=\"post_meta_item post_share\"><span class=\"socials_share socials_size_tiny socials_type_drop socials_dir_horizontal\"><a href=\"#\" class=\"socials_caption\"><span class=\"socials_caption_label\">Share<\/span><\/a><span class=\"social_items\"><a class=\"social_item social_item_popup\" href=\"https:\/\/www.facebook.com\/JM-Medical-102765898919879\/\" data-link=\"https:\/\/www.facebook.com\/JM-Medical-102765898919879\/\" data-count=\"facebook-1\"><span class=\"social_icon social_icon_facebook-1 sc_icon_type_icons\" style=\"\"><span class=\"icon-facebook-1\"><\/span><i>Facebook<\/i><\/span><\/a><a class=\"social_item\" href=\"mailto:test@fwe.com?subject=JM%20Medical:%2017%20a\u00f1os%20construyendo%20confianza%20e%20innovaci\u00f3n%20en%20el%20cuidado%20del%20movimiento&#038;body=https%3A%2F%2Fjmmedicalec.com%2Fnuevo%2Fjm-medical-17-anos-fisioterapia-ecuador%2F\" target=\"_blank\" data-count=\"share-email\"><span class=\"social_icon social_icon_share-email sc_icon_type_icons\" style=\"\"><span class=\"icon-share-email\"><\/span><i>Share-email<\/i><\/span><\/a><a class=\"social_item\" title=\"Copy URL to clipboard\" data-message=\"Copied!\" data-copy-link-url=\"https:\/\/jmmedicalec.com\/nuevo\/jm-medical-17-anos-fisioterapia-ecuador\/\" nopopup=\"true\" href=\"#\" target=\"_blank\" data-count=\"link\"><span class=\"social_icon social_icon_link sc_icon_type_icons\" style=\"\"><span class=\"icon-link\"><\/span><i>Link<\/i><\/span><\/a><a class=\"social_item social_item_popup\" href=\"https:\/\/www.instagram.com\/jmmedical\/\" data-link=\"https:\/\/www.instagram.com\/jmmedical\/\" data-count=\"instagramm\"><span class=\"social_icon social_icon_instagramm sc_icon_type_icons\" style=\"\"><span class=\"icon-instagramm\"><\/span><i>Instagram<\/i><\/span><\/a><\/span><\/span><\/span><\/div><div class=\"sc_blogger_item_excerpt\">Desde sus inicios en abril de 2008, JM Medical naci\u00f3 con un objetivo claro: transformar el acceso a la fisioterapia en Ecuador. Detectamos una brecha evidente: muchos profesionales de la&hellip;<\/div><\/div><!-- .entry-content --><\/div><!-- .sc_blogger_item_body --><\/div><!-- .sc_blogger_item --><\/div><div class=\"trx_addons_column-1_3\"><div data-post-id=\"20723\" data-item-number=\"2\" class=\"sc_blogger_item sc_item_container post_container sc_blogger_item_default sc_blogger_item_default_classic sc_blogger_item_even sc_blogger_item_align_center post_format_standard sc_blogger_item_with_image sc_blogger_item_with_excerpt sc_blogger_item_image_position_top post-20723 post type-post status-publish format-standard has-post-thumbnail hentry category-blog tag-equipos-fisioterapia-ecuador tag-salud-en-movimiento tag-equipos-medicos tag-fisioterapia-moderna tag-tecnologia-portatil\" ><div class=\"sc_blogger_item_body\"><div class=\"post_featured with_thumb hover_link sc_item_featured sc_blogger_item_featured\"><img decoding=\"async\" width=\"890\" height=\"664\" src=\"https:\/\/jmmedicalec.com\/nuevo\/wp-content\/uploads\/2025\/07\/JM-MEDICAL-1-890x664.png\" class=\"attachment-asclepius-thumb-square size-asclepius-thumb-square wp-post-image\" alt=\"\" srcset=\"https:\/\/jmmedicalec.com\/nuevo\/wp-content\/uploads\/2025\/07\/JM-MEDICAL-1-890x664.png 890w, https:\/\/jmmedicalec.com\/nuevo\/wp-content\/uploads\/2025\/07\/JM-MEDICAL-1-320x240.png 320w\" sizes=\"(max-width: 890px) 100vw, 890px\" \/>\t\t\t\t\t\t<div class=\"mask\"><\/div>\n\t\t\t\t\t\t\t\t\t<a href=\"https:\/\/jmmedicalec.com\/nuevo\/tecnologia-portatil-en-fisioterapia-ecuador\/\"  aria-hidden=\"true\" class=\"link\"><\/a>\n\t\t\t<\/div><div class=\"sc_blogger_item_content entry-content\"><div class=\"post_meta sc_blogger_item_meta post_meta_categories\"><span class=\"post_meta_item post_categories cat_sep\"><a href=\"https:\/\/jmmedicalec.com\/nuevo\/category\/blog\/\" rel=\"category tag\">BLOG<\/a><\/span><\/div><h5 class=\"sc_blogger_item_title entry-title\" data-item-number=\"2\"><a href=\"https:\/\/jmmedicalec.com\/nuevo\/tecnologia-portatil-en-fisioterapia-ecuador\/\" rel=\"bookmark\">\u00bfPor qu\u00e9 la tecnolog\u00eda port\u00e1til est\u00e1 revolucionando la fisioterapia en Ecuador?<\/a><\/h5><div class=\"post_meta sc_blogger_item_meta post_meta\"><span class=\"post_meta_item post_date\"><a href=\"https:\/\/jmmedicalec.com\/nuevo\/tecnologia-portatil-en-fisioterapia-ecuador\/\">julio 15, 2025<\/a><\/span><span class=\"post_meta_item post_share\"><span class=\"socials_share socials_size_tiny socials_type_drop socials_dir_horizontal\"><a href=\"#\" class=\"socials_caption\"><span class=\"socials_caption_label\">Share<\/span><\/a><span class=\"social_items\"><a class=\"social_item social_item_popup\" href=\"https:\/\/www.facebook.com\/JM-Medical-102765898919879\/\" data-link=\"https:\/\/www.facebook.com\/JM-Medical-102765898919879\/\" data-count=\"facebook-1\"><span class=\"social_icon social_icon_facebook-1 sc_icon_type_icons\" style=\"\"><span class=\"icon-facebook-1\"><\/span><i>Facebook<\/i><\/span><\/a><a class=\"social_item\" href=\"mailto:test@fwe.com?subject=\u00bfPor%20qu\u00e9%20la%20tecnolog\u00eda%20port\u00e1til%20est\u00e1%20revolucionando%20la%20fisioterapia%20en%20Ecuador?&#038;body=https%3A%2F%2Fjmmedicalec.com%2Fnuevo%2Ftecnologia-portatil-en-fisioterapia-ecuador%2F\" target=\"_blank\" data-count=\"share-email\"><span class=\"social_icon social_icon_share-email sc_icon_type_icons\" style=\"\"><span class=\"icon-share-email\"><\/span><i>Share-email<\/i><\/span><\/a><a class=\"social_item\" title=\"Copy URL to clipboard\" data-message=\"Copied!\" data-copy-link-url=\"https:\/\/jmmedicalec.com\/nuevo\/tecnologia-portatil-en-fisioterapia-ecuador\/\" nopopup=\"true\" href=\"#\" target=\"_blank\" data-count=\"link\"><span class=\"social_icon social_icon_link sc_icon_type_icons\" style=\"\"><span class=\"icon-link\"><\/span><i>Link<\/i><\/span><\/a><a class=\"social_item social_item_popup\" href=\"https:\/\/www.instagram.com\/jmmedical\/\" data-link=\"https:\/\/www.instagram.com\/jmmedical\/\" data-count=\"instagramm\"><span class=\"social_icon social_icon_instagramm sc_icon_type_icons\" style=\"\"><span class=\"icon-instagramm\"><\/span><i>Instagram<\/i><\/span><\/a><\/span><\/span><\/span><\/div><div class=\"sc_blogger_item_excerpt\">En los \u00faltimos a\u00f1os, el avance de la tecnolog\u00eda port\u00e1til ha generado un cambio profundo en el mundo de la fisioterapia. Lo que antes estaba limitado a grandes m\u00e1quinas en&hellip;<\/div><\/div><!-- .entry-content --><\/div><!-- .sc_blogger_item_body --><\/div><!-- .sc_blogger_item --><\/div><div class=\"trx_addons_column-1_3\"><div data-post-id=\"21117\" data-item-number=\"3\" class=\"sc_blogger_item sc_item_container post_container sc_blogger_item_default sc_blogger_item_default_classic sc_blogger_item_odd sc_blogger_item_align_center post_format_standard sc_blogger_item_with_image sc_blogger_item_with_excerpt sc_blogger_item_image_position_top post-21117 post type-post status-publish format-standard has-post-thumbnail hentry category-blog tag-tecnologia-medica tag-consultorios tag-salud tag-consejos-profesionales tag-equipos-fisioterapia tag-guia-de-compra\" ><div class=\"sc_blogger_item_body\"><div class=\"post_featured with_thumb hover_link sc_item_featured sc_blogger_item_featured\"><img decoding=\"async\" width=\"890\" height=\"664\" src=\"https:\/\/jmmedicalec.com\/nuevo\/wp-content\/uploads\/2025\/07\/fisio1-890x664.jpg\" class=\"attachment-asclepius-thumb-square size-asclepius-thumb-square wp-post-image\" alt=\"\" srcset=\"https:\/\/jmmedicalec.com\/nuevo\/wp-content\/uploads\/2025\/07\/fisio1-890x664.jpg 890w, https:\/\/jmmedicalec.com\/nuevo\/wp-content\/uploads\/2025\/07\/fisio1-320x240.jpg 320w\" sizes=\"(max-width: 890px) 100vw, 890px\" \/>\t\t\t\t\t\t<div class=\"mask\"><\/div>\n\t\t\t\t\t\t\t\t\t<a href=\"https:\/\/jmmedicalec.com\/nuevo\/elegir-equipo-fisioterapia-consultorio\/\"  aria-hidden=\"true\" class=\"link\"><\/a>\n\t\t\t<\/div><div class=\"sc_blogger_item_content entry-content\"><div class=\"post_meta sc_blogger_item_meta post_meta_categories\"><span class=\"post_meta_item post_categories cat_sep\"><a href=\"https:\/\/jmmedicalec.com\/nuevo\/category\/blog\/\" rel=\"category tag\">BLOG<\/a><\/span><\/div><h5 class=\"sc_blogger_item_title entry-title\" data-item-number=\"3\"><a href=\"https:\/\/jmmedicalec.com\/nuevo\/elegir-equipo-fisioterapia-consultorio\/\" rel=\"bookmark\">C\u00f3mo elegir el equipo de fisioterapia adecuado para tu consultorio o instituci\u00f3n<\/a><\/h5><div class=\"post_meta sc_blogger_item_meta post_meta\"><span class=\"post_meta_item post_date\"><a href=\"https:\/\/jmmedicalec.com\/nuevo\/elegir-equipo-fisioterapia-consultorio\/\">julio 16, 2025<\/a><\/span><span class=\"post_meta_item post_share\"><span class=\"socials_share socials_size_tiny socials_type_drop socials_dir_horizontal\"><a href=\"#\" class=\"socials_caption\"><span class=\"socials_caption_label\">Share<\/span><\/a><span class=\"social_items\"><a class=\"social_item social_item_popup\" href=\"https:\/\/www.facebook.com\/JM-Medical-102765898919879\/\" data-link=\"https:\/\/www.facebook.com\/JM-Medical-102765898919879\/\" data-count=\"facebook-1\"><span class=\"social_icon social_icon_facebook-1 sc_icon_type_icons\" style=\"\"><span class=\"icon-facebook-1\"><\/span><i>Facebook<\/i><\/span><\/a><a class=\"social_item\" href=\"mailto:test@fwe.com?subject=C\u00f3mo%20elegir%20el%20equipo%20de%20fisioterapia%20adecuado%20para%20tu%20consultorio%20o%20instituci\u00f3n&#038;body=https%3A%2F%2Fjmmedicalec.com%2Fnuevo%2Felegir-equipo-fisioterapia-consultorio%2F\" target=\"_blank\" data-count=\"share-email\"><span class=\"social_icon social_icon_share-email sc_icon_type_icons\" style=\"\"><span class=\"icon-share-email\"><\/span><i>Share-email<\/i><\/span><\/a><a class=\"social_item\" title=\"Copy URL to clipboard\" data-message=\"Copied!\" data-copy-link-url=\"https:\/\/jmmedicalec.com\/nuevo\/elegir-equipo-fisioterapia-consultorio\/\" nopopup=\"true\" href=\"#\" target=\"_blank\" data-count=\"link\"><span class=\"social_icon social_icon_link sc_icon_type_icons\" style=\"\"><span class=\"icon-link\"><\/span><i>Link<\/i><\/span><\/a><a class=\"social_item social_item_popup\" href=\"https:\/\/www.instagram.com\/jmmedical\/\" data-link=\"https:\/\/www.instagram.com\/jmmedical\/\" data-count=\"instagramm\"><span class=\"social_icon social_icon_instagramm sc_icon_type_icons\" style=\"\"><span class=\"icon-instagramm\"><\/span><i>Instagram<\/i><\/span><\/a><\/span><\/span><\/span><\/div><div class=\"sc_blogger_item_excerpt\">Adquirir un equipo de fisioterapia no es una decisi\u00f3n menor. Es una inversi\u00f3n que impactar\u00e1 directamente en la calidad de los tratamientos, la eficiencia del servicio y la experiencia del&hellip;<\/div><\/div><!-- .entry-content --><\/div><!-- .sc_blogger_item_body --><\/div><!-- .sc_blogger_item --><\/div><\/div><\/div>\t\t\t\t<\/div>\n\t\t\t\t<\/div>\n\t\t\t\t\t<\/div>\n\t\t\t\t<\/div>\n\t\t\t\t<\/div>\n\t\t","protected":false},"excerpt":{"rendered":"<p>Articles JM Medical: 17 a\u00f1os construyendo confianza e innovaci\u00f3n en el cuidado del movimiento julio 14, 2025ShareFacebookShare-emailLinkInstagramDesde sus inicios en abril de 2008, JM Medical naci\u00f3 con un objetivo claro:&hellip;<\/p>\n","protected":false},"author":2,"featured_media":0,"parent":0,"menu_order":0,"comment_status":"closed","ping_status":"closed","template":"","meta":{"_acf_changed":false,"footnotes":""},"class_list":["post-27402","page","type-page","status-publish","hentry"],"acf":[],"_links":{"self":[{"href":"https:\/\/jmmedicalec.com\/nuevo\/wp-json\/wp\/v2\/pages\/27402","targetHints":{"allow":["GET"]}}],"collection":[{"href":"https:\/\/jmmedicalec.com\/nuevo\/wp-json\/wp\/v2\/pages"}],"about":[{"href":"https:\/\/jmmedicalec.com\/nuevo\/wp-json\/wp\/v2\/types\/page"}],"author":[{"embeddable":true,"href":"https:\/\/jmmedicalec.com\/nuevo\/wp-json\/wp\/v2\/users\/2"}],"replies":[{"embeddable":true,"href":"https:\/\/jmmedicalec.com\/nuevo\/wp-json\/wp\/v2\/comments?post=27402"}],"version-history":[{"count":7,"href":"https:\/\/jmmedicalec.com\/nuevo\/wp-json\/wp\/v2\/pages\/27402\/revisions"}],"predecessor-version":[{"id":27412,"href":"https:\/\/jmmedicalec.com\/nuevo\/wp-json\/wp\/v2\/pages\/27402\/revisions\/27412"}],"wp:attachment":[{"href":"https:\/\/jmmedicalec.com\/nuevo\/wp-json\/wp\/v2\/media?parent=27402"}],"curies":[{"name":"wp","href":"https:\/\/api.w.org\/{rel}","templated":true}]}}