{"id":25770,"date":"2022-12-14T22:18:09","date_gmt":"2022-12-14T22:18:09","guid":{"rendered":"https:\/\/jmmedicalec.com\/nuevo\/?post_type=product&#038;p=25770"},"modified":"2026-02-13T17:35:39","modified_gmt":"2026-02-13T17:35:39","slug":"electroestimulador-portatil-4-canales-rehab","status":"publish","type":"product","link":"https:\/\/jmmedicalec.com\/nuevo\/product\/electroestimulador-portatil-4-canales-rehab\/","title":{"rendered":"ELECTROESTIMULADOR PORT\u00c1TIL 4 CANALES \u201cREHAB\u201d"},"content":{"rendered":"<p class=\"p2\">M\u00e1s de 110 PROTOCOLOS CLINICOS + 12 memorias libres + <b>INCONTINENCIA + IONTOFORESIS.<span class=\"Apple-converted-space\">\u00a0<\/span><\/b><\/p>\n<p>10 formas de onda: TENS, NEMS\/FES, MICROCORRIENTE, IONTOFORESIS, HEMATOMA, EDEMA, RUSA, INTERFERENCIAL, TRIANGULAR, TRAPEZOIDAL para diferentes campos de aplicaci\u00f3n: deportivo, est\u00e9tico, rehabilitaci\u00f3n\/fisioterapia, m\u00e9dico, motor, incontinencia.<span class=\"Apple-converted-space\">\u00a0<\/span><\/p>\n<p>\u2022 Electroestimulador de 4 canales independientes con posibilidad de conectar hasta 8 electrodos;<span class=\"Apple-converted-space\">\u00a0<\/span><br \/>\n<span class=\"s1\">\u2022 <\/span>Generador de onda cuadrada bif\u00e1sica y compensada: la cantidad de corriente entre el polo positivo y negativo es par y constante, se evita as\u00ed el efecto galv\u00e1nico;<span class=\"Apple-converted-space\">\u00a0<\/span><br \/>\n\u2022 Generador de onda monof\u00e1sica, s\u00f3lo para programa iontoforesis<span class=\"Apple-converted-space\">\u00a0<\/span><br \/>\n\u2022 Funcionamiento con paciente doble (2+2 USERS);<span class=\"Apple-converted-space\">\u00a0<\/span><br \/>\n\u2022 Pantalla de color retroiluminada;<span class=\"Apple-converted-space\">\u00a0<\/span><br \/>\n<span class=\"s1\">\u2022 <\/span>Feed-back usuario: el aparato reconoce si el usuario esta conectado;<span class=\"Apple-converted-space\">\u00a0<\/span><br \/>\n\u2022 Teclado con mandos simples e intuitivos;<span class=\"Apple-converted-space\">\u00a0<\/span><br \/>\n\u2022 Conduce en l\u00ednea al usuario con instrucciones r\u00e1pidas de empleo directamente sobre el display;<span class=\"Apple-converted-space\">\u00a0<\/span><br \/>\n<span class=\"s1\">\u2022 <\/span>Funcionamiento con bater\u00eda interior Ni-Mh recargable de 4,8 Volt;<span class=\"Apple-converted-space\">\u00a0<\/span><br \/>\n\u2022 Personalizaci\u00f3n de tratamiento con la selecci\u00f3n hombre\/mujer;<span class=\"Apple-converted-space\">\u00a0<\/span><br \/>\n\u2022 Frecuencia de onda 0,2 \u00f7 1200 Hz<span class=\"Apple-converted-space\">\u00a0<\/span><br \/>\n\u2022 Anchura de impulso 20 \u03bcs \u00f7 300 ms<span class=\"Apple-converted-space\">\u00a0<\/span><br \/>\n\u2022 Tempo 1\u00f790 minutos<span class=\"Apple-converted-space\">\u00a0<\/span><br \/>\n\u2022 29 programas REHA<span class=\"Apple-converted-space\">\u00a0<\/span><br \/>\n\u2022 16 programas TENS<span class=\"Apple-converted-space\">\u00a0<\/span><br \/>\n\u2022 20 programas NEMS<span class=\"Apple-converted-space\">\u00a0<\/span><br \/>\n\u2022 18 programas BEAUTY<span class=\"Apple-converted-space\">\u00a0<\/span><br \/>\n\u2022 9 programas URO<span class=\"Apple-converted-space\">\u00a0<\/span><br \/>\n\u2022 12 Memorias libres TENS\/NEMS<span class=\"Apple-converted-space\">\u00a0<\/span><br \/>\n\u2022 22 programas PACIENTE<span class=\"Apple-converted-space\">\u00a0<\/span><\/p>\n<p>DOBLE (2+2)<span class=\"Apple-converted-space\">\u00a0<\/span><br \/>\n\u2022 Intensidad m\u00e1xima 120 mA.<span class=\"Apple-converted-space\">\u00a0<\/span><\/p>\n<p>INCLUYE:<span class=\"Apple-converted-space\">\u00a0<\/span><\/p>\n<p>1 Electroestimulador con display gr\u00e1fico<span class=\"Apple-converted-space\">\u00a0<\/span><br \/>\n4 cables de conexi\u00f3n electrodos.<span class=\"Apple-converted-space\">\u00a0<\/span><br \/>\n1 manual de empleo y de colocaci\u00f3n de electrodos<span class=\"Apple-converted-space\">\u00a0<\/span><br \/>\n24 electrodos de diversos tama\u00f1os<span class=\"Apple-converted-space\">\u00a0<\/span><br \/>\n1 bater\u00eda recargables con cargador (incluido)<span class=\"Apple-converted-space\">\u00a0<\/span><br \/>\n1 bolsa para el transporte<span class=\"Apple-converted-space\">\u00a0<\/span><\/p>\n","protected":false},"excerpt":{"rendered":"<p class=\"p2\">M\u00e1s de 110 PROTOCOLOS CLINICOS + 12 memorias libres + <b>INCONTINENCIA + IONTOFORESIS. <\/b><\/p>\n<p>10 formas de onda: TENS, NEMS\/FES, MICROCORRIENTE, IONTOFORESIS, HEMATOMA, EDEMA, RUSA, INTERFERENCIAL, TRIANGULAR, TRAPEZOIDAL para diferentes campos de aplicaci\u00f3n: deportivo, est\u00e9tico, rehabilitaci\u00f3n\/fisioterapia, m\u00e9dico, motor, incontinencia.<\/p>\n<p>\u2022 Electroestimulador de 4 canales independientes con posibilidad de conectar hasta 8 electrodos;<br \/>\n<span class=\"s1\">\u2022 <\/span>Generador de onda cuadrada bif\u00e1sica y compensada: la cantidad de corriente entre el polo positivo y negativo es par y constante, se evita as\u00ed el efecto galv\u00e1nico;<br \/>\n\u2022 Generador de onda monof\u00e1sica, s\u00f3lo para programa iontoforesis<br \/>\n\u2022 Funcionamiento con paciente doble (2+2 USERS);<br \/>\n\u2022 Pantalla de color retroiluminada;<br \/>\n<span class=\"s1\">\u2022 <\/span>Feed-back usuario: el aparato reconoce si el usuario esta conectado;<br \/>\n\u2022 Teclado con mandos simples e intuitivos;<br \/>\n\u2022 Conduce en l\u00ednea al usuario con instrucciones r\u00e1pidas de empleo directamente sobre el display;<br \/>\n<span class=\"s1\">\u2022 <\/span>Funcionamiento con bater\u00eda interior Ni-Mh recargable de 4,8 Volt;<br \/>\n\u2022 Personalizaci\u00f3n de tratamiento con la selecci\u00f3n hombre\/mujer;<br \/>\n\u2022 Frecuencia de onda 0,2 \u00f7 1200 Hz<br \/>\n\u2022 Anchura de impulso 20 \u03bcs \u00f7 300 ms<br \/>\n\u2022 Tempo 1\u00f790 minutos<br \/>\n\u2022 29 programas REHA<br \/>\n\u2022 16 programas TENS<br \/>\n\u2022 20 programas NEMS<br \/>\n\u2022 18 programas BEAUTY<br \/>\n\u2022 9 programas URO<br \/>\n\u2022 12 Memorias libres TENS\/NEMS<br \/>\n\u2022 22 programas PACIENTE<\/p>\n<p>DOBLE (2+2)<br \/>\n\u2022 Intensidad m\u00e1xima 120 mA.<\/p>\n","protected":false},"featured_media":27732,"comment_status":"open","ping_status":"closed","template":"","meta":{"_acf_changed":false},"product_brand":[],"product_cat":[239],"product_tag":[],"class_list":{"0":"post-25770","1":"product","2":"type-product","3":"status-publish","4":"has-post-thumbnail","6":"product_cat-electroestimuladores","8":"first","9":"instock","10":"taxable","11":"shipping-taxable","12":"purchasable","13":"product-type-simple"},"acf":[],"_links":{"self":[{"href":"https:\/\/jmmedicalec.com\/nuevo\/wp-json\/wp\/v2\/product\/25770","targetHints":{"allow":["GET"]}}],"collection":[{"href":"https:\/\/jmmedicalec.com\/nuevo\/wp-json\/wp\/v2\/product"}],"about":[{"href":"https:\/\/jmmedicalec.com\/nuevo\/wp-json\/wp\/v2\/types\/product"}],"replies":[{"embeddable":true,"href":"https:\/\/jmmedicalec.com\/nuevo\/wp-json\/wp\/v2\/comments?post=25770"}],"version-history":[{"count":2,"href":"https:\/\/jmmedicalec.com\/nuevo\/wp-json\/wp\/v2\/product\/25770\/revisions"}],"predecessor-version":[{"id":26733,"href":"https:\/\/jmmedicalec.com\/nuevo\/wp-json\/wp\/v2\/product\/25770\/revisions\/26733"}],"wp:featuredmedia":[{"embeddable":true,"href":"https:\/\/jmmedicalec.com\/nuevo\/wp-json\/wp\/v2\/media\/27732"}],"wp:attachment":[{"href":"https:\/\/jmmedicalec.com\/nuevo\/wp-json\/wp\/v2\/media?parent=25770"}],"wp:term":[{"taxonomy":"product_brand","embeddable":true,"href":"https:\/\/jmmedicalec.com\/nuevo\/wp-json\/wp\/v2\/product_brand?post=25770"},{"taxonomy":"product_cat","embeddable":true,"href":"https:\/\/jmmedicalec.com\/nuevo\/wp-json\/wp\/v2\/product_cat?post=25770"},{"taxonomy":"product_tag","embeddable":true,"href":"https:\/\/jmmedicalec.com\/nuevo\/wp-json\/wp\/v2\/product_tag?post=25770"}],"curies":[{"name":"wp","href":"https:\/\/api.w.org\/{rel}","templated":true}]}}