{"id":26022,"date":"2022-12-16T17:24:06","date_gmt":"2022-12-16T17:24:06","guid":{"rendered":"https:\/\/jmmedicalec.com\/nuevo\/?post_type=product&#038;p=26022"},"modified":"2026-04-08T22:26:40","modified_gmt":"2026-04-08T22:26:40","slug":"laser-de-bioestimulacion-hospitalario-manos-libres-de-3ra-generacion-con-patologias-physio-go-ir-1-800","status":"publish","type":"product","link":"https:\/\/jmmedicalec.com\/nuevo\/product\/laser-de-bioestimulacion-hospitalario-manos-libres-de-3ra-generacion-con-patologias-physio-go-ir-1-800\/","title":{"rendered":"L\u00c1SER DE BIOESTIMULACI\u00d3N HOSPITALARIO MANOS LIBRES DE 3RA. GENERACI\u00d3N CON PATOLOGIAS PHYSIO GO \u201cIR\/1.8W"},"content":{"rendered":"<p class=\"p2\"><b>3 canales de salida con la posibilidad a futuro de hacerlo crecer con diferentes aplicadores a conectar y aumentar su potencia, programas y prestaciones:<span class=\"Apple-converted-space\">\u00a0<\/span><\/b><\/p>\n<p class=\"p2\"><b>1 aplicador extra de 808nm con potencia de 80 mW (opcional).<span class=\"Apple-converted-space\">\u00a0<\/span><\/b><\/p>\n<p class=\"p2\"><b>1 l\u00e1ser de barrido de 808nm con potencia de 4W (opcional).<span class=\"Apple-converted-space\">\u00a0<\/span><\/b><\/p>\n<p class=\"p2\">Aplicadores de fibra \u00f3ptica para tratamientos especiales en ORL (pre o post operatorio), ATM, Odontolog\u00eda (pre o post operatorio) <span class=\"s1\">(ver accesorios)<span class=\"Apple-converted-space\">\u00a0<\/span><\/span><\/p>\n<p class=\"p2\">Pantalla t\u00e1ctil de 5\u201d para visualizar par\u00e1metros tales como: Energ\u00eda seleccionada (mW), frecuencia, tiempo de tratamiento ,programa utilizado, etc.<span class=\"Apple-converted-space\">\u00a0<\/span><\/p>\n<p class=\"p2\">Se\u00f1al ac\u00fastica de fin de tratamiento.<span class=\"Apple-converted-space\">\u00a0<\/span><\/p>\n<p class=\"p2\">Biblioteca terap\u00e9utica ilustrada con patolog\u00edas para rehabilitaci\u00f3n, ortopedia, medicina deportiva, neurolog\u00eda, est\u00e9tica, etc.<span class=\"Apple-converted-space\">\u00a0<\/span><\/p>\n<p class=\"p2\">Tipo de l\u00e1ser de diodo led GaAs. Arsenurio de Galio.<span class=\"Apple-converted-space\">\u00a0<\/span><\/p>\n<p class=\"p2\">Equipo controlado por microprocesador.<span class=\"Apple-converted-space\">\u00a0<\/span><\/p>\n<p class=\"p2\">\u00c1rea de trabajo irradiada: 0,5; 1; 2; 5; 10; 15; 20; 25; 50; 75; 100; 125; 150; 200 cm\u00b2<span class=\"Apple-converted-space\">\u00a0<\/span><\/p>\n<p class=\"p2\">Terapia de L\u00e1ser continua y pulsada (0-5000 Hz)<span class=\"Apple-converted-space\">\u00a0<\/span><\/p>\n<p class=\"p2\">Factor de selecci\u00f3n puls\u00e1til de 10 \u2013 90%<span class=\"Apple-converted-space\">\u00a0<\/span><\/p>\n<p class=\"p2\">93 Programas pre seleccionados, que ayudan a un mejor tratamiento.<span class=\"Apple-converted-space\">\u00a0<\/span><\/p>\n<p class=\"p2\">Memoria para programar par\u00e1metros por el especialista.<span class=\"Apple-converted-space\">\u00a0<\/span><\/p>\n<p class=\"p2\">Permite realizar tratamientos de laserpuntura seg\u00fan Nogier y Voll<span class=\"Apple-converted-space\">\u00a0<\/span><\/p>\n<p class=\"p2\">Longitud de onda:<span class=\"Apple-converted-space\">\u00a0<\/span><\/p>\n<p class=\"p2\">5 Diodos de 660 nan\u00f3metros con potencia de 40mW. Total 200 mW.<span class=\"Apple-converted-space\">\u00a0<\/span><\/p>\n<p class=\"p2\">4 Diodos de 808 nan\u00f3metros con potencia de 400mW. Total 1.600 mW<span class=\"Apple-converted-space\">\u00a0<\/span><\/p>\n<p class=\"p2\"><b>M\u00e1xima potencia: 1.800 mW.<span class=\"Apple-converted-space\">\u00a0<\/span><\/b><\/p>\n<p class=\"p3\"><b>Elecci\u00f3n de 4 potencias en 1 solo aplicador : 40mW, 200mW, 400mW y 1.800 mW<span class=\"Apple-converted-space\">\u00a0<\/span><\/b><\/p>\n<p class=\"p2\">Funciona con corriente de 110 V. 50-60 Hz.<span class=\"Apple-converted-space\">\u00a0<\/span><\/p>\n<p class=\"p2\">Dimensiones del producto: 21 x 29 x 11.05 cm (largo-ancho-alto) Peso del producto: 4.63 lb sin accesorios.<\/p>\n<p>&nbsp;<\/p>\n<p class=\"p2\">INCLUYE:<span class=\"Apple-converted-space\">\u00a0<\/span><\/p>\n<p class=\"p2\">1 UNIDAD BASE<span class=\"Apple-converted-space\">\u00a0<\/span><\/p>\n<p class=\"p2\">1 APLICADOR PUNTUAL DE 808nm Y 400 Mw.<span class=\"Apple-converted-space\">\u00a0<\/span><\/p>\n<p class=\"p2\">1 APLICADOR CLUSTER DE 808 Y 660 nm CON POTENCIA DE 1.800 mW<span class=\"Apple-converted-space\">\u00a0<\/span><\/p>\n<p class=\"p2\">1 PEDESTAL PARA SUJECI\u00d3N DE APLICADOR.<span class=\"Apple-converted-space\">\u00a0<\/span><\/p>\n<p class=\"p2\">2 GAFAS DE PROTECCION.<span class=\"Apple-converted-space\">\u00a0<\/span><\/p>\n<p class=\"p2\">1 L\u00c1PIZ PARA PANTALLA T\u00c1CTIL.<span class=\"Apple-converted-space\">\u00a0<\/span><\/p>\n<p class=\"p2\">1 PA\u00d1O PARA LIMPIEZA DE PANTALLA T\u00c1CTIL.<span class=\"Apple-converted-space\">\u00a0<\/span><\/p>\n<p class=\"p2\">1 MANUAL DE OPERACI\u00d3N.<span class=\"Apple-converted-space\">\u00a0<\/span><\/p>\n<p class=\"p2\">1 CABLE CONEXI\u00d3N ELECTRICA 110V 50\/60HZ<span class=\"Apple-converted-space\">\u00a0<\/span><\/p>\n","protected":false},"excerpt":{"rendered":"<p>3 canales de salida con la posibilidad a futuro de hacerlo crecer con diferentes aplicadores a conectar y aumentar su potencia, programas y prestaciones:<\/p>\n<p>1 aplicador extra de 808nm con potencia de 80 mW (opcional).<\/p>\n<p>1 l\u00e1ser de barrido de 808nm con potencia de 4W (opcional).<\/p>\n<p>Aplicadores de fibra \u00f3ptica para tratamientos especiales en ORL (pre o post operatorio), ATM, Odontolog\u00eda (pre o post operatorio) (ver accesorios)<\/p>\n<p>Pantalla t\u00e1ctil de 5\u201d para visualizar par\u00e1metros tales como: Energ\u00eda seleccionada (mW), frecuencia, tiempo de tratamiento ,programa utilizado, etc.<\/p>\n<p>Se\u00f1al ac\u00fastica de fin de tratamiento.<\/p>\n<p>Biblioteca terap\u00e9utica ilustrada con patolog\u00edas para rehabilitaci\u00f3n, ortopedia, medicina deportiva, neurolog\u00eda, est\u00e9tica, etc.<\/p>\n<p>Tipo de l\u00e1ser de diodo led GaAs. Arsenurio de Galio.<\/p>\n<p>Equipo controlado por microprocesador.<\/p>\n<p>\u00c1rea de trabajo irradiada: 0,5; 1; 2; 5; 10; 15; 20; 25; 50; 75; 100; 125; 150; 200 cm\u00b2<\/p>\n<p>Terapia de L\u00e1ser continua y pulsada (0-5000 Hz)<\/p>\n<p>Factor de selecci\u00f3n puls\u00e1til de 10 \u2013 90%<\/p>\n<p>93 Programas pre seleccionados, que ayudan a un mejor tratamiento.<\/p>\n<p>Memoria para programar par\u00e1metros por el especialista.<\/p>\n<p>Permite realizar tratamientos de laserpuntura seg\u00fan Nogier y Voll<\/p>\n<p>Longitud de onda:<\/p>\n<p>5 Diodos de 660 nan\u00f3metros con potencia de 40mW. Total 200 mW.<\/p>\n<p>4 Diodos de 808 nan\u00f3metros con potencia de 400mW. Total 1.600 mW<\/p>\n<p>M\u00e1xima potencia: 1.800 mW.<\/p>\n<p>Elecci\u00f3n de 4 potencias en 1 solo aplicador : 40mW, 200mW, 400mW y 1.800 mW<\/p>\n<p>Funciona con corriente de 110 V. 50-60 Hz.<\/p>\n<p>Dimensiones del producto: 21 x 29 x 11.05 cm (largo-ancho-alto) Peso del producto: 4.63 lb sin accesorios.<\/p>\n","protected":false},"featured_media":25920,"comment_status":"open","ping_status":"closed","template":"","meta":{"_acf_changed":false},"product_brand":[],"product_cat":[241],"product_tag":[],"class_list":{"0":"post-26022","1":"product","2":"type-product","3":"status-publish","4":"has-post-thumbnail","6":"product_cat-laserterapia","8":"first","9":"instock","10":"taxable","11":"shipping-taxable","12":"product-type-simple"},"acf":[],"_links":{"self":[{"href":"https:\/\/jmmedicalec.com\/nuevo\/wp-json\/wp\/v2\/product\/26022","targetHints":{"allow":["GET"]}}],"collection":[{"href":"https:\/\/jmmedicalec.com\/nuevo\/wp-json\/wp\/v2\/product"}],"about":[{"href":"https:\/\/jmmedicalec.com\/nuevo\/wp-json\/wp\/v2\/types\/product"}],"replies":[{"embeddable":true,"href":"https:\/\/jmmedicalec.com\/nuevo\/wp-json\/wp\/v2\/comments?post=26022"}],"version-history":[{"count":1,"href":"https:\/\/jmmedicalec.com\/nuevo\/wp-json\/wp\/v2\/product\/26022\/revisions"}],"predecessor-version":[{"id":28205,"href":"https:\/\/jmmedicalec.com\/nuevo\/wp-json\/wp\/v2\/product\/26022\/revisions\/28205"}],"wp:featuredmedia":[{"embeddable":true,"href":"https:\/\/jmmedicalec.com\/nuevo\/wp-json\/wp\/v2\/media\/25920"}],"wp:attachment":[{"href":"https:\/\/jmmedicalec.com\/nuevo\/wp-json\/wp\/v2\/media?parent=26022"}],"wp:term":[{"taxonomy":"product_brand","embeddable":true,"href":"https:\/\/jmmedicalec.com\/nuevo\/wp-json\/wp\/v2\/product_brand?post=26022"},{"taxonomy":"product_cat","embeddable":true,"href":"https:\/\/jmmedicalec.com\/nuevo\/wp-json\/wp\/v2\/product_cat?post=26022"},{"taxonomy":"product_tag","embeddable":true,"href":"https:\/\/jmmedicalec.com\/nuevo\/wp-json\/wp\/v2\/product_tag?post=26022"}],"curies":[{"name":"wp","href":"https:\/\/api.w.org\/{rel}","templated":true}]}}