{"id":26029,"date":"2022-12-16T17:45:31","date_gmt":"2022-12-16T17:45:31","guid":{"rendered":"https:\/\/jmmedicalec.com\/nuevo\/?post_type=product&#038;p=26029"},"modified":"2026-02-13T20:23:00","modified_gmt":"2026-02-13T20:23:00","slug":"mag-700","status":"publish","type":"product","link":"https:\/\/jmmedicalec.com\/nuevo\/product\/mag-700\/","title":{"rendered":"MAG 700 GAUSS 70"},"content":{"rendered":"<p class=\"p2\">Mag 700 es un equipo de magnetoterapia indicada para patolog\u00edas osteoarticulares con 1 canal de salida y 11 programas necesarios para el tratamiento de las patolog\u00edas m\u00e1s comunes<span class=\"Apple-converted-space\">\u00a0<\/span><\/p>\n<p class=\"p2\">El equipo de magnetoterapia MAG 700 nos da la posibilidad de ajustar la intensidad de los campos magn\u00e9ticos en cada uno de los programas que incorpora. Con 70 Gauss tiene potencia suficiente para tratar tejido blando tal como m\u00fasculos, ligamentos y tendones y tambi\u00e9n tejido \u00f3seo. Elecci\u00f3n de frecuencias de los campos magn\u00e9ticos entre los 5 y los 100 Hz.<span class=\"Apple-converted-space\">\u00a0<\/span><\/p>\n<p class=\"p2\"><b>PROGRAMAS<span class=\"Apple-converted-space\">\u00a0<\/span><\/b><\/p>\n<p class=\"p3\"><span class=\"s1\">\u2022 <\/span>Osteoartrosis \/ Artritis \/ Osteoporosis \/ Fracturas \/ Dolores articulares \/ Dolores musculares \/ Antiinflamatorio \/ Barrido autom\u00e1tico \/ Programa a 5 Hercios \/ Programa a 10 Hercios \/ Programa a 20 Hercios<span class=\"Apple-converted-space\">\u00a0<\/span><\/p>\n<p class=\"p5\"><b>INCLUYE<span class=\"Apple-converted-space\">\u00a0<\/span><\/b><\/p>\n<p class=\"p5\">1 MAG 700<span class=\"Apple-converted-space\">\u00a0<\/span><\/p>\n<p class=\"p5\">1 Faja el\u00e1stica terap\u00e9utica de 2 solenoides<span class=\"Apple-converted-space\">\u00a0<\/span><\/p>\n<p class=\"p5\">1 Alimentador<span class=\"Apple-converted-space\">\u00a0<\/span><\/p>\n<p class=\"p5\">1 Manual de empleo y posiciones faja<span class=\"Apple-converted-space\">\u00a0<\/span><\/p>\n<p class=\"p5\">1 Bolsa para el transporte<span class=\"Apple-converted-space\">\u00a0<\/span><\/p>\n","protected":false},"excerpt":{"rendered":"<p class=\"p2\">Mag 700 es un equipo de magnetoterapia indicada para patolog\u00edas osteoarticulares con 1 canal de salida y 11 programas necesarios para el tratamiento de las patolog\u00edas m\u00e1s comunes<\/p>\n<p class=\"p2\">El equipo de magnetoterapia MAG 700 nos da la posibilidad de ajustar la intensidad de los campos magn\u00e9ticos en cada uno de los programas que incorpora. Con 70 Gauss tiene potencia suficiente para tratar tejido blando tal como m\u00fasculos, ligamentos y tendones y tambi\u00e9n tejido \u00f3seo. Elecci\u00f3n de frecuencias de los campos magn\u00e9ticos entre los 5 y los 100 Hz.<\/p>\n","protected":false},"featured_media":25940,"comment_status":"open","ping_status":"closed","template":"","meta":{"_acf_changed":false},"product_brand":[],"product_cat":[243],"product_tag":[],"class_list":{"0":"post-26029","1":"product","2":"type-product","3":"status-publish","4":"has-post-thumbnail","6":"product_cat-magnetoterapia","8":"first","9":"instock","10":"taxable","11":"shipping-taxable","12":"purchasable","13":"product-type-simple"},"acf":[],"_links":{"self":[{"href":"https:\/\/jmmedicalec.com\/nuevo\/wp-json\/wp\/v2\/product\/26029","targetHints":{"allow":["GET"]}}],"collection":[{"href":"https:\/\/jmmedicalec.com\/nuevo\/wp-json\/wp\/v2\/product"}],"about":[{"href":"https:\/\/jmmedicalec.com\/nuevo\/wp-json\/wp\/v2\/types\/product"}],"replies":[{"embeddable":true,"href":"https:\/\/jmmedicalec.com\/nuevo\/wp-json\/wp\/v2\/comments?post=26029"}],"version-history":[{"count":3,"href":"https:\/\/jmmedicalec.com\/nuevo\/wp-json\/wp\/v2\/product\/26029\/revisions"}],"predecessor-version":[{"id":27556,"href":"https:\/\/jmmedicalec.com\/nuevo\/wp-json\/wp\/v2\/product\/26029\/revisions\/27556"}],"wp:featuredmedia":[{"embeddable":true,"href":"https:\/\/jmmedicalec.com\/nuevo\/wp-json\/wp\/v2\/media\/25940"}],"wp:attachment":[{"href":"https:\/\/jmmedicalec.com\/nuevo\/wp-json\/wp\/v2\/media?parent=26029"}],"wp:term":[{"taxonomy":"product_brand","embeddable":true,"href":"https:\/\/jmmedicalec.com\/nuevo\/wp-json\/wp\/v2\/product_brand?post=26029"},{"taxonomy":"product_cat","embeddable":true,"href":"https:\/\/jmmedicalec.com\/nuevo\/wp-json\/wp\/v2\/product_cat?post=26029"},{"taxonomy":"product_tag","embeddable":true,"href":"https:\/\/jmmedicalec.com\/nuevo\/wp-json\/wp\/v2\/product_tag?post=26029"}],"curies":[{"name":"wp","href":"https:\/\/api.w.org\/{rel}","templated":true}]}}