{"id":26043,"date":"2022-12-16T18:47:47","date_gmt":"2022-12-16T18:47:47","guid":{"rendered":"https:\/\/jmmedicalec.com\/nuevo\/?post_type=product&#038;p=26043"},"modified":"2025-07-27T20:03:08","modified_gmt":"2025-07-27T20:03:08","slug":"magnetoterapia-hospitalaria-950-gauss-biomag-easy-3d-e","status":"publish","type":"product","link":"https:\/\/jmmedicalec.com\/nuevo\/product\/magnetoterapia-hospitalaria-950-gauss-biomag-easy-3d-e\/","title":{"rendered":"MAGNETOTERAPIA HOSPITALARIA 950 GAUSS \u201cBIOMAG EASY 3D-e\u201d"},"content":{"rendered":"<p class=\"p2\"><b>Qu\u00e9 es la 3D terapia puls\u00e1til Biomag<span class=\"Apple-converted-space\">\u00a0<\/span><\/b><\/p>\n<p class=\"p2\"><span class=\"s1\">\u2022 <\/span>La 3D tecnolog\u00eda Biomag adem\u00e1s aumenta el rendimiento y asegura una forma de pulsos m\u00e1s precisa e inalterada permitiendo que act\u00faen desde diferentes lados.<span class=\"Apple-converted-space\">\u00a0<\/span><\/p>\n<p class=\"p2\"><b><i>Es una tecnolog\u00eda m\u00e9dica nueva y \u00fanica en el mercado que puede ser utilizada en pacientes mayor a 3 a\u00f1os.<span class=\"Apple-converted-space\">\u00a0<\/span><\/i><\/b><\/p>\n<p class=\"p4\">ESPECIFICACIONES T\u00c9CNICAS<span class=\"Apple-converted-space\">\u00a0<\/span><\/p>\n<p class=\"p5\">\u2022 Magnetoterapia de 4 canales.<span class=\"Apple-converted-space\">\u00a0<\/span><\/p>\n<p class=\"p5\">\u2022 Pulsos magne ticos 3D rotativos patentados<span class=\"Apple-converted-space\">\u00a0<\/span><\/p>\n<p class=\"p6\">\u2022 Instrucciones del uso directamente en la pantalla LCD a color.<span class=\"Apple-converted-space\">\u00a0<\/span><\/p>\n<p class=\"p7\"><span class=\"s1\">\u2022 <\/span>Frecuencia de pulsos generados de <b>1 &#8211; 81Hz<span class=\"Apple-converted-space\">\u00a0<\/span><\/b><\/p>\n<p class=\"p6\">\u2022 Selecci\u00f3n de 6 programas terap\u00e9uticos<span class=\"Apple-converted-space\">\u00a0<\/span><\/p>\n<p class=\"p8\">\u2022 Analge sico: alivio del dolor.<span class=\"Apple-converted-space\">\u00a0<\/span><\/p>\n<p class=\"p9\"><span class=\"s2\">\u2022 <\/span>Curativo: con est\u00edmulo de la regeneraci\u00f3n, mediante efectos antiinflamatorios y antirreum\u00e1ticos<span class=\"Apple-converted-space\">\u00a0<\/span><\/p>\n<p class=\"p9\"><span class=\"s2\">\u2022 <\/span>Anti-hinchaz\u00f3n: anti edema<span class=\"Apple-converted-space\">\u00a0<\/span><\/p>\n<p class=\"p8\">\u2022 Miorrelajante: antiespasm\u00f3dica<span class=\"Apple-converted-space\">\u00a0<\/span><\/p>\n<p class=\"p8\">\u2022 Vasodilatador: sobre todo una mejor\u00eda de la microcirculaci\u00f3n<span class=\"Apple-converted-space\">\u00a0<\/span><\/p>\n<p class=\"p9\"><span class=\"s3\">\u2022 <\/span>Metab\u00f3lico y desintoxicante: acelera la degradaci\u00f3n de contaminantes y metabolitos del metabolismo.<span class=\"Apple-converted-space\">\u00a0<\/span><\/p>\n<p class=\"p6\">\u2022 Potencia en aplicadores seg\u00fan el que se escoja. (VER ACCESORIOS)<span class=\"Apple-converted-space\">\u00a0<\/span><\/p>\n<p class=\"p6\">\u2022 Puedes incluir hasta 4 accesorios al mismo tiempo y potenciar hasta 1.050 Gauss.<span class=\"Apple-converted-space\">\u00a0<\/span><\/p>\n<p class=\"p6\">\u2022 Posibilidad de crear y nombrar programas propios 8 memorias<span class=\"Apple-converted-space\">\u00a0<\/span><\/p>\n<p class=\"p6\">\u2022 Secuencias de barrido autom\u00e1tico que se repiten durante la aplicaci\u00f3n.<span class=\"Apple-converted-space\">\u00a0<\/span><\/p>\n<p class=\"p7\"><span class=\"s1\">\u2022 <\/span>Tiempo de aplicaciones ajustable a 5 &#8211; 90 minutos<span class=\"Apple-converted-space\">\u00a0<\/span><\/p>\n<p class=\"p6\">\u2022 Se\u00f1alizaci\u00f3n ac\u00fastica del fin de la aplicaci\u00f3n<span class=\"Apple-converted-space\">\u00a0<\/span><\/p>\n<p class=\"p10\"><span class=\"s1\">\u2022 <\/span>Fuente de alimentaci\u00f3n de 100 &#8211; 240 V 50\/60 Hz<span class=\"Apple-converted-space\">\u00a0<\/span><\/p>\n","protected":false},"excerpt":{"rendered":"<p class=\"p2\"><b>Qu\u00e9 es la 3D terapia puls\u00e1til Biomag <\/b><\/p>\n<p class=\"p2\"><span class=\"s1\">\u2022 <\/span>La 3D tecnolog\u00eda Biomag adem\u00e1s aumenta el rendimiento y asegura una forma de pulsos m\u00e1s precisa e inalterada permitiendo que act\u00faen desde diferentes lados.<\/p>\n<p class=\"p2\"><b><i>Es una tecnolog\u00eda m\u00e9dica nueva y \u00fanica en el mercado que puede ser utilizada en pacientes mayor a 3 a\u00f1os. <\/i><\/b><\/p>\n","protected":false},"featured_media":25923,"comment_status":"open","ping_status":"closed","template":"","meta":{"_acf_changed":false},"product_brand":[],"product_cat":[243],"product_tag":[],"class_list":{"0":"post-26043","1":"product","2":"type-product","3":"status-publish","4":"has-post-thumbnail","6":"product_cat-magnetoterapia","8":"first","9":"instock","10":"taxable","11":"shipping-taxable","12":"product-type-simple"},"acf":[],"_links":{"self":[{"href":"https:\/\/jmmedicalec.com\/nuevo\/wp-json\/wp\/v2\/product\/26043","targetHints":{"allow":["GET"]}}],"collection":[{"href":"https:\/\/jmmedicalec.com\/nuevo\/wp-json\/wp\/v2\/product"}],"about":[{"href":"https:\/\/jmmedicalec.com\/nuevo\/wp-json\/wp\/v2\/types\/product"}],"replies":[{"embeddable":true,"href":"https:\/\/jmmedicalec.com\/nuevo\/wp-json\/wp\/v2\/comments?post=26043"}],"version-history":[{"count":1,"href":"https:\/\/jmmedicalec.com\/nuevo\/wp-json\/wp\/v2\/product\/26043\/revisions"}],"predecessor-version":[{"id":26817,"href":"https:\/\/jmmedicalec.com\/nuevo\/wp-json\/wp\/v2\/product\/26043\/revisions\/26817"}],"wp:featuredmedia":[{"embeddable":true,"href":"https:\/\/jmmedicalec.com\/nuevo\/wp-json\/wp\/v2\/media\/25923"}],"wp:attachment":[{"href":"https:\/\/jmmedicalec.com\/nuevo\/wp-json\/wp\/v2\/media?parent=26043"}],"wp:term":[{"taxonomy":"product_brand","embeddable":true,"href":"https:\/\/jmmedicalec.com\/nuevo\/wp-json\/wp\/v2\/product_brand?post=26043"},{"taxonomy":"product_cat","embeddable":true,"href":"https:\/\/jmmedicalec.com\/nuevo\/wp-json\/wp\/v2\/product_cat?post=26043"},{"taxonomy":"product_tag","embeddable":true,"href":"https:\/\/jmmedicalec.com\/nuevo\/wp-json\/wp\/v2\/product_tag?post=26043"}],"curies":[{"name":"wp","href":"https:\/\/api.w.org\/{rel}","templated":true}]}}