{"id":26051,"date":"2022-12-16T19:23:54","date_gmt":"2022-12-16T19:23:54","guid":{"rendered":"https:\/\/jmmedicalec.com\/nuevo\/?post_type=product&#038;p=26051"},"modified":"2025-07-29T20:56:26","modified_gmt":"2025-07-29T20:56:26","slug":"accesorios-opcionales-tunel-35cm-tunel-60-cm-con-camilla-tunel-75-cm-con-camilla","status":"publish","type":"product","link":"https:\/\/jmmedicalec.com\/nuevo\/product\/accesorios-opcionales-tunel-35cm-tunel-60-cm-con-camilla-tunel-75-cm-con-camilla\/","title":{"rendered":"ACCESORIOS OPCIONALES (T\u00daNEL 35CM, T\u00daNEL 60 CM CON CAMILLA, T\u00daNEL 75 CM CON CAMILLA)"},"content":{"rendered":"<p>T\u00daNEL 35CM<\/p>\n<p>T\u00daNEL 60 CM CON CAMILLA<\/p>\n<p>T\u00daNEL 75 CM CON CAMILLA<\/p>\n","protected":false},"excerpt":{"rendered":"<p>T\u00daNEL 35CM T\u00daNEL 60 CM CON CAMILLA T\u00daNEL 75 CM CON CAMILLA<\/p>\n","protected":false},"featured_media":28020,"comment_status":"open","ping_status":"closed","template":"","meta":{"_acf_changed":false},"product_brand":[],"product_cat":[243],"product_tag":[],"class_list":{"0":"post-26051","1":"product","2":"type-product","3":"status-publish","4":"has-post-thumbnail","6":"product_cat-magnetoterapia","8":"first","9":"instock","10":"taxable","11":"shipping-taxable","12":"product-type-simple"},"acf":[],"_links":{"self":[{"href":"https:\/\/jmmedicalec.com\/nuevo\/wp-json\/wp\/v2\/product\/26051","targetHints":{"allow":["GET"]}}],"collection":[{"href":"https:\/\/jmmedicalec.com\/nuevo\/wp-json\/wp\/v2\/product"}],"about":[{"href":"https:\/\/jmmedicalec.com\/nuevo\/wp-json\/wp\/v2\/types\/product"}],"replies":[{"embeddable":true,"href":"https:\/\/jmmedicalec.com\/nuevo\/wp-json\/wp\/v2\/comments?post=26051"}],"version-history":[{"count":1,"href":"https:\/\/jmmedicalec.com\/nuevo\/wp-json\/wp\/v2\/product\/26051\/revisions"}],"predecessor-version":[{"id":28021,"href":"https:\/\/jmmedicalec.com\/nuevo\/wp-json\/wp\/v2\/product\/26051\/revisions\/28021"}],"wp:featuredmedia":[{"embeddable":true,"href":"https:\/\/jmmedicalec.com\/nuevo\/wp-json\/wp\/v2\/media\/28020"}],"wp:attachment":[{"href":"https:\/\/jmmedicalec.com\/nuevo\/wp-json\/wp\/v2\/media?parent=26051"}],"wp:term":[{"taxonomy":"product_brand","embeddable":true,"href":"https:\/\/jmmedicalec.com\/nuevo\/wp-json\/wp\/v2\/product_brand?post=26051"},{"taxonomy":"product_cat","embeddable":true,"href":"https:\/\/jmmedicalec.com\/nuevo\/wp-json\/wp\/v2\/product_cat?post=26051"},{"taxonomy":"product_tag","embeddable":true,"href":"https:\/\/jmmedicalec.com\/nuevo\/wp-json\/wp\/v2\/product_tag?post=26051"}],"curies":[{"name":"wp","href":"https:\/\/api.w.org\/{rel}","templated":true}]}}