{"id":26052,"date":"2022-12-16T19:25:14","date_gmt":"2022-12-16T19:25:14","guid":{"rendered":"https:\/\/jmmedicalec.com\/nuevo\/?post_type=product&#038;p=26052"},"modified":"2022-12-16T19:26:37","modified_gmt":"2022-12-16T19:26:37","slug":"magnetoterapia-veterinaria","status":"publish","type":"product","link":"https:\/\/jmmedicalec.com\/nuevo\/product\/magnetoterapia-veterinaria\/","title":{"rendered":"MAGNETOTERAPIA VETERINARIA"},"content":{"rendered":"<p class=\"p2\">Dispositivos de caracter\u00edsticas superiores:<span class=\"Apple-converted-space\">\u00a0<\/span><\/p>\n<p class=\"p3\">\u2022 pulsos magn\u00e9ticos 3D rotativos patentados<span class=\"Apple-converted-space\">\u00a0<\/span><\/p>\n<p class=\"p3\">\u2022 instrucciones del uso directamente en la pantalla de color<span class=\"Apple-converted-space\">\u00a0<\/span><\/p>\n<p class=\"p3\">\u2022 4 salidas para los aplicadores<span class=\"Apple-converted-space\">\u00a0<\/span><\/p>\n<p class=\"p4\"><span class=\"s1\">\u2022 <\/span>frecuencia de pulsos generados de <b>1 &#8211; 81 Hz<span class=\"Apple-converted-space\">\u00a0<\/span><\/b><\/p>\n<p class=\"p3\">\u2022 Programas pre establecidos.<span class=\"Apple-converted-space\">\u00a0<\/span><\/p>\n<p class=\"p3\">\u2022 selecci\u00f3n autom\u00e1tica de programas preferidos<span class=\"Apple-converted-space\">\u00a0<\/span><\/p>\n<p class=\"p3\">\u2022 posibilidad de crear y nombrar programas propios<span class=\"Apple-converted-space\">\u00a0<\/span><\/p>\n<p class=\"p3\">\u2022 forma de pulsos: aguja, tri\u00e1ngulo, ovalado, rect\u00e1ngulo<span class=\"Apple-converted-space\">\u00a0<\/span><\/p>\n<p class=\"p4\"><span class=\"s1\">\u2022 <\/span>tiempo de aplicaciones ajustable a 5 &#8211; 120 minutos<span class=\"Apple-converted-space\">\u00a0<\/span><\/p>\n<p class=\"p3\">\u2022 se\u00f1alizaci\u00f3n ac\u00fastica del fin de la aplicaci\u00f3n<span class=\"Apple-converted-space\">\u00a0<\/span><\/p>\n<p class=\"p5\"><span class=\"s1\">\u2022 <\/span>fuente de alimentaci\u00f3n de 100 &#8211; 240 V 50\/60 Hz<span class=\"Apple-converted-space\">\u00a0<\/span><\/p>\n<p>&nbsp;<\/p>\n<p class=\"p7\"><b>Programas incluidos en el equipo: <\/b><span class=\"s2\"><b>ogramas Tiempo<\/b><\/span><\/p>\n<p class=\"p8\">1 Alivio de dolores 60 80 6-10<span class=\"Apple-converted-space\">\u00a0<\/span><\/p>\n<p class=\"p8\">2 Displasia de articulaciones 30 80 5-25<span class=\"Apple-converted-space\">\u00a0<\/span><\/p>\n<p class=\"p8\">3 Distorsi\u00f3n de articulaciones 60 80 8-24<span class=\"Apple-converted-space\">\u00a0<\/span><\/p>\n<p class=\"p8\">4 Dolores de la columna vertebral 30 60 3-9<span class=\"Apple-converted-space\">\u00a0<\/span><\/p>\n<p class=\"p8\">5 Tratamiento de fracturas 60 80 30-70<span class=\"Apple-converted-space\">\u00a0<\/span><\/p>\n<p class=\"p8\">6 Distensi\u00f3n de m\u00fasculos y tendones 60 80 6-10<span class=\"Apple-converted-space\">\u00a0<\/span><\/p>\n<p class=\"p8\">7 Recuperaci\u00f3n de movilidad articular 30 80 5-25<span class=\"Apple-converted-space\">\u00a0<\/span><\/p>\n<p class=\"p8\">8 Recuperaci\u00f3n postoperatoria 30 60 30-80<span class=\"Apple-converted-space\">\u00a0<\/span><\/p>\n<p class=\"p8\">9 Cicatrizaci\u00f3n de heridas 30 60 15-25<span class=\"Apple-converted-space\">\u00a0<\/span><\/p>\n<p class=\"p8\">10 Cistitis 30 60 8-22<span class=\"Apple-converted-space\">\u00a0<\/span><\/p>\n<p class=\"p8\">11 Trastornos del ritmo intestinal 30 80 5-25<span class=\"Apple-converted-space\">\u00a0<\/span><\/p>\n<p class=\"p8\">12 C\u00f3licos en animales grandes 60 80 5-25<span class=\"Apple-converted-space\">\u00a0<\/span><\/p>\n<p class=\"p8\">13 Regeneraci\u00f3n 30 80 15-25<span class=\"Apple-converted-space\">\u00a0<\/span><\/p>\n<p class=\"p8\">14 P\u00e9rdida del pelaje excesiva 45 80 15-25<span class=\"Apple-converted-space\">\u00a0<\/span><\/p>\n<p class=\"p8\">15 Programa individual 5 &#8211; 60 10 &#8211; 80<span class=\"Apple-converted-space\">\u00a0<\/span><\/p>\n<p>&nbsp;<\/p>\n<p class=\"p8\"><b>INCLUYE:<span class=\"Apple-converted-space\">\u00a0<\/span><\/b><\/p>\n<p class=\"p8\">01 EQUIPO GENERADOR<span class=\"Apple-converted-space\">\u00a0<\/span><\/p>\n<p class=\"p8\">01 APLICADORES MULTIFUNCI\u00d3N.<span class=\"Apple-converted-space\">\u00a0<\/span><\/p>\n<p class=\"p8\">01 IM\u00c1N DE COMPROBACI\u00d3N<span class=\"Apple-converted-space\">\u00a0<\/span><\/p>\n<p class=\"p8\">01 MANUAL DE USUARIO<span class=\"Apple-converted-space\">\u00a0<\/span><\/p>\n","protected":false},"excerpt":{"rendered":"<p class=\"p2\">Dispositivos de caracter\u00edsticas superiores:<\/p>\n<p class=\"p3\">\u2022 pulsos magn\u00e9ticos 3D rotativos patentados<\/p>\n<p class=\"p3\">\u2022 instrucciones del uso directamente en la pantalla de color<\/p>\n<p class=\"p3\">\u2022 4 salidas para los aplicadores<\/p>\n<p class=\"p4\"><span class=\"s1\">\u2022 <\/span>frecuencia de pulsos generados de <b>1 &#8211; 81 Hz <\/b><\/p>\n<p class=\"p3\">\u2022 Programas pre establecidos.<\/p>\n<p class=\"p3\">\u2022 selecci\u00f3n autom\u00e1tica de programas preferidos<\/p>\n<p class=\"p3\">\u2022 posibilidad de crear y nombrar programas propios<\/p>\n<p class=\"p3\">\u2022 forma de pulsos: aguja, tri\u00e1ngulo, ovalado, rect\u00e1ngulo<\/p>\n<p class=\"p4\"><span class=\"s1\">\u2022 <\/span>tiempo de aplicaciones ajustable a 5 &#8211; 120 minutos<\/p>\n<p class=\"p3\">\u2022 se\u00f1alizaci\u00f3n ac\u00fastica del fin de la aplicaci\u00f3n<\/p>\n<p class=\"p5\"><span class=\"s1\">\u2022 <\/span>fuente de alimentaci\u00f3n de 100 &#8211; 240 V 50\/60 Hz<\/p>\n<p>&nbsp;<\/p>\n","protected":false},"featured_media":25927,"comment_status":"open","ping_status":"closed","template":"","meta":{"_acf_changed":false},"product_brand":[],"product_cat":[243],"product_tag":[],"class_list":{"0":"post-26052","1":"product","2":"type-product","3":"status-publish","4":"has-post-thumbnail","6":"product_cat-magnetoterapia","8":"first","9":"instock","10":"taxable","11":"shipping-taxable","12":"product-type-simple"},"acf":[],"_links":{"self":[{"href":"https:\/\/jmmedicalec.com\/nuevo\/wp-json\/wp\/v2\/product\/26052","targetHints":{"allow":["GET"]}}],"collection":[{"href":"https:\/\/jmmedicalec.com\/nuevo\/wp-json\/wp\/v2\/product"}],"about":[{"href":"https:\/\/jmmedicalec.com\/nuevo\/wp-json\/wp\/v2\/types\/product"}],"replies":[{"embeddable":true,"href":"https:\/\/jmmedicalec.com\/nuevo\/wp-json\/wp\/v2\/comments?post=26052"}],"version-history":[{"count":0,"href":"https:\/\/jmmedicalec.com\/nuevo\/wp-json\/wp\/v2\/product\/26052\/revisions"}],"wp:featuredmedia":[{"embeddable":true,"href":"https:\/\/jmmedicalec.com\/nuevo\/wp-json\/wp\/v2\/media\/25927"}],"wp:attachment":[{"href":"https:\/\/jmmedicalec.com\/nuevo\/wp-json\/wp\/v2\/media?parent=26052"}],"wp:term":[{"taxonomy":"product_brand","embeddable":true,"href":"https:\/\/jmmedicalec.com\/nuevo\/wp-json\/wp\/v2\/product_brand?post=26052"},{"taxonomy":"product_cat","embeddable":true,"href":"https:\/\/jmmedicalec.com\/nuevo\/wp-json\/wp\/v2\/product_cat?post=26052"},{"taxonomy":"product_tag","embeddable":true,"href":"https:\/\/jmmedicalec.com\/nuevo\/wp-json\/wp\/v2\/product_tag?post=26052"}],"curies":[{"name":"wp","href":"https:\/\/api.w.org\/{rel}","templated":true}]}}