{"id":26060,"date":"2022-12-16T19:38:15","date_gmt":"2022-12-16T19:38:15","guid":{"rendered":"https:\/\/jmmedicalec.com\/nuevo\/?post_type=product&#038;p=26060"},"modified":"2026-02-13T20:54:15","modified_gmt":"2026-02-13T20:54:15","slug":"electroestimulador-2-en-1-hospitalario-electroestimulador-ultrasonido","status":"publish","type":"product","link":"https:\/\/jmmedicalec.com\/nuevo\/product\/electroestimulador-2-en-1-hospitalario-electroestimulador-ultrasonido\/","title":{"rendered":"ELECTROESTIMULADOR HOSPITALARIO 2 EN 1 ELECTROESTIMULADOR + ULTRASONIDO"},"content":{"rendered":"<p class=\"p2\">Dos canales de salida de estimulaci\u00f3n el\u00e9ctrica.<span class=\"Apple-converted-space\">\u00a0<\/span><\/p>\n<p class=\"p2\">Pantalla LCD gr\u00e1fica grande y f\u00e1cil de leer con un rendimiento de marcaci\u00f3n exacto y temporizador programable<span class=\"Apple-converted-space\">\u00a0<\/span><\/p>\n<p class=\"p2\">Las formas de onda incluyen TENS, EMS, Interferencial de 2 polos, Interferencial de 4 polos y Rusas.<span class=\"Apple-converted-space\">\u00a0<\/span><\/p>\n<p class=\"p2\">El ultrasonido cl\u00ednico doble cuenta con un cabezal de sonido de 5 cm<span class=\"s1\">\u00b2 <\/span>que ofrece frecuencias de 1 MHz y 3 MHz<span class=\"Apple-converted-space\">\u00a0<\/span><\/p>\n<p class=\"p3\">Potencia m\u00e1xima de salida 15W.<span class=\"Apple-converted-space\">\u00a0<\/span><\/p>\n<p class=\"p3\">Intensidad m\u00e1xima de salida: 3W\/cm2<span class=\"Apple-converted-space\">\u00a0<\/span><\/p>\n<p class=\"p3\">Ciclos de operaci\u00f3n desde: 10%, 20%, 30%, 40% 50%, 60%, 70%, 80%, 90% o modo continuo.<span class=\"Apple-converted-space\">\u00a0<\/span><\/p>\n<p class=\"p2\">50 programas dividido en 10 programas por forma de onda.<span class=\"Apple-converted-space\">\u00a0<\/span><\/p>\n<p class=\"p2\">20 programas de ultrasonido<span class=\"Apple-converted-space\">\u00a0<\/span><\/p>\n<p class=\"p2\">Posiciones de memoria definidas por el usuario para protocolos de usuario<span class=\"Apple-converted-space\">\u00a0<\/span><\/p>\n<p class=\"p2\">Dise\u00f1ado para mesa, carrito de terapia o uso m\u00f3vil<span class=\"Apple-converted-space\">\u00a0<\/span><\/p>\n<p class=\"p2\">Dimensiones del producto: 10 \u00bd \u201d(W) x 15\u201d (L) x 8 \u201d(H)<span class=\"Apple-converted-space\">\u00a0<\/span><\/p>\n<p class=\"p2\">Peso del producto: 6.7 lbs.<span class=\"Apple-converted-space\">\u00a0<\/span><\/p>\n<p class=\"p4\"><b>INCLUYE:<span class=\"Apple-converted-space\">\u00a0<\/span><\/b><\/p>\n<p class=\"p5\">01 Equipo generador con cable de poder.<span class=\"Apple-converted-space\">\u00a0<\/span><\/p>\n<p class=\"p5\">01 Cabezal de Ultrasonido de 1 y 3 Mhz.<span class=\"Apple-converted-space\">\u00a0<\/span><\/p>\n<p class=\"p5\">08 electrodos adhesivos<span class=\"Apple-converted-space\">\u00a0<\/span><\/p>\n<p class=\"p5\">04 electrodos de carbono 6cm x 8cm.<span class=\"Apple-converted-space\">\u00a0<\/span><\/p>\n<p class=\"p5\">04 bandas de sujeci\u00f3n.<span class=\"Apple-converted-space\">\u00a0<\/span><\/p>\n<p class=\"p5\">02 cables para electroestimulaci\u00f3n<span class=\"Apple-converted-space\">\u00a0<\/span><\/p>\n<p class=\"p5\">01 manual de instrucciones.<span class=\"Apple-converted-space\">\u00a0<\/span><\/p>\n","protected":false},"excerpt":{"rendered":"<p class=\"p2\">Dos canales de salida de estimulaci\u00f3n el\u00e9ctrica.<\/p>\n<p class=\"p2\">Pantalla LCD gr\u00e1fica grande y f\u00e1cil de leer con un rendimiento de marcaci\u00f3n exacto y temporizador programable<\/p>\n<p class=\"p2\">Las formas de onda incluyen TENS, EMS, Interferencial de 2 polos, Interferencial de 4 polos y Rusas.<\/p>\n<p class=\"p2\">El ultrasonido cl\u00ednico doble cuenta con un cabezal de sonido de 5 cm<span class=\"s1\">\u00b2 <\/span>que ofrece frecuencias de 1 MHz y 3 MHz<\/p>\n<p class=\"p3\">Potencia m\u00e1xima de salida 15W.<\/p>\n<p class=\"p3\">Intensidad m\u00e1xima de salida: 3W\/cm2<\/p>\n<p class=\"p3\">Ciclos de operaci\u00f3n desde: 10%, 20%, 30%, 40% 50%, 60%, 70%, 80%, 90% o modo continuo.<\/p>\n<p class=\"p2\">50 programas dividido en 10 programas por forma de onda.<\/p>\n<p class=\"p2\">20 programas de ultrasonido<\/p>\n<p class=\"p2\">Posiciones de memoria definidas por el usuario para protocolos de usuario<\/p>\n<p class=\"p2\">Dise\u00f1ado para mesa, carrito de terapia o uso m\u00f3vil<\/p>\n<p class=\"p2\">Dimensiones del producto: 10 \u00bd \u201d(W) x 15\u201d (L) x 8 \u201d(H)<\/p>\n<p class=\"p2\">Peso del producto: 6.7 lbs.<\/p>\n","protected":false},"featured_media":25897,"comment_status":"open","ping_status":"closed","template":"","meta":{"_acf_changed":false},"product_brand":[],"product_cat":[245],"product_tag":[],"class_list":{"0":"post-26060","1":"product","2":"type-product","3":"status-publish","4":"has-post-thumbnail","6":"product_cat-equipos-combinados","8":"first","9":"instock","10":"taxable","11":"shipping-taxable","12":"product-type-simple"},"acf":[],"_links":{"self":[{"href":"https:\/\/jmmedicalec.com\/nuevo\/wp-json\/wp\/v2\/product\/26060","targetHints":{"allow":["GET"]}}],"collection":[{"href":"https:\/\/jmmedicalec.com\/nuevo\/wp-json\/wp\/v2\/product"}],"about":[{"href":"https:\/\/jmmedicalec.com\/nuevo\/wp-json\/wp\/v2\/types\/product"}],"replies":[{"embeddable":true,"href":"https:\/\/jmmedicalec.com\/nuevo\/wp-json\/wp\/v2\/comments?post=26060"}],"version-history":[{"count":2,"href":"https:\/\/jmmedicalec.com\/nuevo\/wp-json\/wp\/v2\/product\/26060\/revisions"}],"predecessor-version":[{"id":28164,"href":"https:\/\/jmmedicalec.com\/nuevo\/wp-json\/wp\/v2\/product\/26060\/revisions\/28164"}],"wp:featuredmedia":[{"embeddable":true,"href":"https:\/\/jmmedicalec.com\/nuevo\/wp-json\/wp\/v2\/media\/25897"}],"wp:attachment":[{"href":"https:\/\/jmmedicalec.com\/nuevo\/wp-json\/wp\/v2\/media?parent=26060"}],"wp:term":[{"taxonomy":"product_brand","embeddable":true,"href":"https:\/\/jmmedicalec.com\/nuevo\/wp-json\/wp\/v2\/product_brand?post=26060"},{"taxonomy":"product_cat","embeddable":true,"href":"https:\/\/jmmedicalec.com\/nuevo\/wp-json\/wp\/v2\/product_cat?post=26060"},{"taxonomy":"product_tag","embeddable":true,"href":"https:\/\/jmmedicalec.com\/nuevo\/wp-json\/wp\/v2\/product_tag?post=26060"}],"curies":[{"name":"wp","href":"https:\/\/api.w.org\/{rel}","templated":true}]}}