{"id":26061,"date":"2022-12-16T20:02:37","date_gmt":"2022-12-16T20:02:37","guid":{"rendered":"https:\/\/jmmedicalec.com\/nuevo\/?post_type=product&#038;p=26061"},"modified":"2025-07-27T20:30:32","modified_gmt":"2025-07-27T20:30:32","slug":"equipo-combinado-de-3ra-generacion-2-en-1-con-pantalla-a-color-tactil-de-7-electroestimulador-ultrasonido","status":"publish","type":"product","link":"https:\/\/jmmedicalec.com\/nuevo\/product\/equipo-combinado-de-3ra-generacion-2-en-1-con-pantalla-a-color-tactil-de-7-electroestimulador-ultrasonido\/","title":{"rendered":"EQUIPO COMBINADO DE 3RA. GENERACI\u00d3N 2 EN 1 CON PANTALLA A COLOR T\u00c1CTIL DE 7\u201d ELECTROESTIMULADOR + ULTRASONIDO"},"content":{"rendered":"<p class=\"p2\">Controlado por microprocesador.<span class=\"Apple-converted-space\">\u00a0<\/span><\/p>\n<p class=\"p3\">Pantalla a color t\u00e1ctil de 7\u201d<span class=\"Apple-converted-space\">\u00a0<\/span><\/p>\n<p class=\"p2\">Dispone de 2 canales independientes de trabajo de estimulaci\u00f3n y 1 canal para ultrasonido de 1 y 3 Mhz.<span class=\"Apple-converted-space\">\u00a0<\/span><\/p>\n<p class=\"p2\">Puede ser programado en forma manual o autom\u00e1tica, gracias a sus protocolos Cl\u00ednicos.<span class=\"Apple-converted-space\">\u00a0<\/span><\/p>\n<p class=\"p2\"><b>Sistema de revisi\u00f3n calidad de electrodos.<span class=\"Apple-converted-space\">\u00a0<\/span><\/b><\/p>\n<p class=\"p2\"><b>Software de autochequeo autom\u00e1tico en el equipo.<span class=\"Apple-converted-space\">\u00a0<\/span><\/b><\/p>\n<p class=\"p2\">Biblioteca cl\u00ednica que permite visualizar colocaci\u00f3n de electrodos, tiempo de tratamiento, tipo de corriente, duraci\u00f3n de tratamiento, etc.<span class=\"Apple-converted-space\">\u00a0<\/span><\/p>\n<p class=\"p2\">200 Programas de tratamiento seleccionados por nombre o zona terap\u00e9utica<span class=\"Apple-converted-space\">\u00a0<\/span><\/p>\n<p class=\"p2\"><span class=\"s1\">38 secuencias de tratamiento pre programadas para electroterapia <\/span><b><i>(Tecnolog\u00eda autom\u00e1tica de estimulaci\u00f3n que ajusta par\u00e1metros de intensidad a la fisiolog\u00eda despu\u00e9s de cada per\u00edodo de acomodaci\u00f3n, sin necesidad que el especialista acuda a subir la misma)<span class=\"Apple-converted-space\">\u00a0<\/span><\/i><\/b><\/p>\n<p class=\"p2\">10 secuencias de tratamiento programables para electroterapia<span class=\"Apple-converted-space\">\u00a0<\/span><\/p>\n<p class=\"p2\">150 memorias para guardar programas.<span class=\"Apple-converted-space\">\u00a0<\/span><\/p>\n<p>&nbsp;<\/p>\n<p class=\"p2\"><b>34 Tipos de corrientes:<span class=\"Apple-converted-space\">\u00a0<\/span><\/b><\/p>\n<p class=\"p2\">Interferencial: tetrapolar, bipolar (Premodulado) y esc\u00e1ner de vector manual<span class=\"Apple-converted-space\">\u00a0<\/span><\/p>\n<p class=\"p2\">Rusa: continuo, ciclo programado<span class=\"Apple-converted-space\">\u00a0<\/span><\/p>\n<p class=\"p2\">Corriente directa: Galv\u00e1nica, frecuencia media<span class=\"Apple-converted-space\">\u00a0<\/span><\/p>\n<p class=\"p2\">Monof\u00e1sica: continua, ciclo programado, rectangular pulsado, triangular pulsado, ondulada<span class=\"Apple-converted-space\">\u00a0<\/span><\/p>\n<p class=\"p2\">VMS: continua, ciclo programado y r\u00e1fagas (Burst).<span class=\"Apple-converted-space\">\u00a0<\/span><\/p>\n<p class=\"p2\">TENS: sim\u00e9trica, asim\u00e9trica, alternada, (Burst)<span class=\"Apple-converted-space\">\u00a0<\/span><\/p>\n<p class=\"p4\">TENS: para par\u00e1lisis terapia esp\u00e1stica.<span class=\"Apple-converted-space\">\u00a0<\/span><\/p>\n<p class=\"p2\">Iontoforesis galv\u00e1nica<span class=\"Apple-converted-space\">\u00a0<\/span><\/p>\n<p class=\"p2\">Microcorriente<span class=\"Apple-converted-space\">\u00a0<\/span><\/p>\n<p class=\"p2\">Diadin\u00e1micas: MF,DF,CP,LP,CP- ISO, CP-ID, MF+CP, DF+LP, DF+CP.<span class=\"Apple-converted-space\">\u00a0<\/span><\/p>\n<p class=\"p2\">Trabert<span class=\"Apple-converted-space\">\u00a0<\/span><\/p>\n<p class=\"p2\">Leduc<span class=\"Apple-converted-space\">\u00a0<\/span><\/p>\n<p class=\"p2\"><span class=\"s1\">Corriente Unipolar USS <\/span>(DOLOR AGUDO\/CRONICO\/IONTOFORESIS)<span class=\"Apple-converted-space\">\u00a0<\/span><\/p>\n<p>&nbsp;<\/p>\n<p class=\"p2\"><b>ELECTRO DIAGN\u00d3STICO<span class=\"Apple-converted-space\">\u00a0<\/span><\/b><\/p>\n<p class=\"p3\">\u2022 Electro diagn\u00f3stico con gr\u00e1ficos de presentaci\u00f3n de la curva I\/T<span class=\"Apple-converted-space\">\u00a0<\/span><\/p>\n<p class=\"p3\">\u2022 C\u00e1lculo autom\u00e1tico de la reobase, cronaxia y coeficiente de acomodaci\u00f3n<span class=\"Apple-converted-space\">\u00a0<\/span><\/p>\n<p class=\"p4\">Cabezal con frecuencias de trabajo de 1 y 3 Mhz.<span class=\"Apple-converted-space\">\u00a0<\/span><\/p>\n<p class=\"p4\"><b>Sistema de contacto de cabezal, <\/b>para garantizar tiempo efectivo de tratamiento.<span class=\"Apple-converted-space\">\u00a0<\/span><\/p>\n<p class=\"p4\">Ciclos de operaci\u00f3n desde: 10% , 25%, 50%; o modo continuo.<span class=\"Apple-converted-space\">\u00a0<\/span><\/p>\n<p class=\"p4\">Puede ser programado en forma independiente o autom\u00e1ticamente.<span class=\"Apple-converted-space\">\u00a0<\/span><\/p>\n<p class=\"p4\">Pantalla, para visualizaci\u00f3n de par\u00e1metros como:<span class=\"Apple-converted-space\">\u00a0<\/span><\/p>\n<p class=\"p4\">Tiempo de tratamiento, con se\u00f1al ac\u00fastica de fin de tratamiento.<span class=\"Apple-converted-space\">\u00a0<\/span><\/p>\n<p class=\"p4\">Modo de operaci\u00f3n<span class=\"Apple-converted-space\">\u00a0<\/span><\/p>\n<p class=\"p4\">Frecuencia de operaci\u00f3n.<span class=\"Apple-converted-space\">\u00a0<\/span><\/p>\n<p class=\"p4\">Tama\u00f1o del cabezal que se est\u00e1 usando<span class=\"Apple-converted-space\">\u00a0<\/span><\/p>\n<p class=\"p4\">Funciones de operaci\u00f3n en idioma Espa\u00f1ol.<span class=\"Apple-converted-space\">\u00a0<\/span><\/p>\n<p class=\"p4\">Funciona con corriente de 115 V. 50\/60 Hz.<span class=\"Apple-converted-space\">\u00a0<\/span><\/p>\n<p class=\"p4\">Dimensiones del producto: 21 x 29 x 11.05 cm (largo-ancho-alto) Peso del producto: 4.63 lb sin accesorios<span class=\"Apple-converted-space\">\u00a0<\/span><\/p>\n<p class=\"p4\"><b>El equipo incluye:<span class=\"Apple-converted-space\">\u00a0<\/span><\/b><\/p>\n<p class=\"p4\">1 Unidad base<span class=\"Apple-converted-space\">\u00a0<\/span><\/p>\n<p class=\"p4\">1 Cabezal de ultrasonido<span class=\"Apple-converted-space\">\u00a0<\/span><\/p>\n<p class=\"p4\">2 Cables de 7,60 mm con terminales para electrodos.<span class=\"Apple-converted-space\">\u00a0<\/span><\/p>\n<p class=\"p4\">6 electrodos de carbono<span class=\"Apple-converted-space\">\u00a0<\/span><\/p>\n<p class=\"p4\">6 esponjas para electrodos<span class=\"Apple-converted-space\">\u00a0<\/span><\/p>\n<p class=\"p4\">4 Bandas de sujeci\u00f3n de electrodos.<span class=\"Apple-converted-space\">\u00a0<\/span><\/p>\n<p class=\"p4\">1 Kit con 2 puntas de l\u00e1piz punto motor.<span class=\"Apple-converted-space\">\u00a0<\/span><\/p>\n<p class=\"p4\">1 Manual de operaci\u00f3n<span class=\"Apple-converted-space\">\u00a0<\/span><\/p>\n<p class=\"p4\">1 Cable de conexi\u00f3n a corriente el\u00e9ctrica.<span class=\"Apple-converted-space\">\u00a0<\/span><\/p>\n","protected":false},"excerpt":{"rendered":"<p class=\"p2\">Controlado por microprocesador.<\/p>\n<p class=\"p3\">Pantalla a color t\u00e1ctil de 7\u201d<\/p>\n<p class=\"p2\">Dispone de 2 canales independientes de trabajo de estimulaci\u00f3n y 1 canal para ultrasonido de 1 y 3 Mhz.<\/p>\n<p class=\"p2\">Puede ser programado en forma manual o autom\u00e1tica, gracias a sus protocolos Cl\u00ednicos.<\/p>\n<p class=\"p2\"><b>Sistema de revisi\u00f3n calidad de electrodos. <\/b><\/p>\n<p class=\"p2\"><b>Software de autochequeo autom\u00e1tico en el equipo. <\/b><\/p>\n<p class=\"p2\">Biblioteca cl\u00ednica que permite visualizar colocaci\u00f3n de electrodos, tiempo de tratamiento, tipo de corriente, duraci\u00f3n de tratamiento, etc.<\/p>\n<p class=\"p2\">200 Programas de tratamiento seleccionados por nombre o zona terap\u00e9utica<\/p>\n<p class=\"p2\"><span class=\"s1\">38 secuencias de tratamiento pre programadas para electroterapia <\/span><b><i>(Tecnolog\u00eda autom\u00e1tica de estimulaci\u00f3n que ajusta par\u00e1metros de intensidad a la fisiolog\u00eda despu\u00e9s de cada per\u00edodo de acomodaci\u00f3n, sin necesidad que el especialista acuda a subir la misma) <\/i><\/b><\/p>\n<p class=\"p2\">10 secuencias de tratamiento programables para electroterapia<\/p>\n<p class=\"p2\">150 memorias para guardar programas.<\/p>\n","protected":false},"featured_media":27830,"comment_status":"open","ping_status":"closed","template":"","meta":{"_acf_changed":false},"product_brand":[],"product_cat":[245],"product_tag":[],"class_list":{"0":"post-26061","1":"product","2":"type-product","3":"status-publish","4":"has-post-thumbnail","6":"product_cat-equipos-combinados","8":"first","9":"instock","10":"taxable","11":"shipping-taxable","12":"product-type-simple"},"acf":[],"_links":{"self":[{"href":"https:\/\/jmmedicalec.com\/nuevo\/wp-json\/wp\/v2\/product\/26061","targetHints":{"allow":["GET"]}}],"collection":[{"href":"https:\/\/jmmedicalec.com\/nuevo\/wp-json\/wp\/v2\/product"}],"about":[{"href":"https:\/\/jmmedicalec.com\/nuevo\/wp-json\/wp\/v2\/types\/product"}],"replies":[{"embeddable":true,"href":"https:\/\/jmmedicalec.com\/nuevo\/wp-json\/wp\/v2\/comments?post=26061"}],"version-history":[{"count":2,"href":"https:\/\/jmmedicalec.com\/nuevo\/wp-json\/wp\/v2\/product\/26061\/revisions"}],"predecessor-version":[{"id":26860,"href":"https:\/\/jmmedicalec.com\/nuevo\/wp-json\/wp\/v2\/product\/26061\/revisions\/26860"}],"wp:featuredmedia":[{"embeddable":true,"href":"https:\/\/jmmedicalec.com\/nuevo\/wp-json\/wp\/v2\/media\/27830"}],"wp:attachment":[{"href":"https:\/\/jmmedicalec.com\/nuevo\/wp-json\/wp\/v2\/media?parent=26061"}],"wp:term":[{"taxonomy":"product_brand","embeddable":true,"href":"https:\/\/jmmedicalec.com\/nuevo\/wp-json\/wp\/v2\/product_brand?post=26061"},{"taxonomy":"product_cat","embeddable":true,"href":"https:\/\/jmmedicalec.com\/nuevo\/wp-json\/wp\/v2\/product_cat?post=26061"},{"taxonomy":"product_tag","embeddable":true,"href":"https:\/\/jmmedicalec.com\/nuevo\/wp-json\/wp\/v2\/product_tag?post=26061"}],"curies":[{"name":"wp","href":"https:\/\/api.w.org\/{rel}","templated":true}]}}