{"id":26067,"date":"2022-12-16T20:15:15","date_gmt":"2022-12-16T20:15:15","guid":{"rendered":"https:\/\/jmmedicalec.com\/nuevo\/?post_type=product&#038;p=26067"},"modified":"2025-07-27T20:34:00","modified_gmt":"2025-07-27T20:34:00","slug":"tecarterapia","status":"publish","type":"product","link":"https:\/\/jmmedicalec.com\/nuevo\/product\/tecarterapia\/","title":{"rendered":"TECARTERAPIA"},"content":{"rendered":"<p class=\"p2\">La endoterrmia capacitiva\/resistiva o terapia diat\u00e9rmica (conocida por la mayor\u00eda con el nombre de Tecarterapia, acr\u00f3nimo de Transferencia El\u00e9ctrica Capacitiva y Resistiva), es una terapia que estimula los procesos naturales de autocuraci\u00f3n del organismo, reduciendo el tiempo de recuperaci\u00f3n motriz.<span class=\"Apple-converted-space\">\u00a0<\/span><\/p>\n<p class=\"p2\">La diatermia a trav\u00e9s de la interacci\u00f3n de la energ\u00eda electromagn\u00e9tica con los tejidos provoca un aumento de la temperatura interna de los tejidos de manera uniforme y controlada. Dicha interacci\u00f3n electromagn\u00e9tica da lugar a la aparici\u00f3n de un flujo i\u00f3nico con una micro-hiperemia que favorece la liberaci\u00f3n de \u201csustancias\u201d end\u00f3genas (principalmente, cortisol y endorfinas) que sirven para reducir el dolor, los edemas y la inflamaci\u00f3n.<span class=\"Apple-converted-space\">\u00a0<\/span><\/p>\n<p class=\"p2\"><b>EFECTOS BIOL\u00d3GICOS DEL TRATAMIENTO:<span class=\"Apple-converted-space\">\u00a0<\/span><\/b><\/p>\n<p class=\"p3\">Mejora de los flujos arteriales, con aumento de la cantidad de sustancias nutritivas y ox\u00edgeno.<span class=\"Apple-converted-space\">\u00a0<\/span><\/p>\n<p class=\"p3\">Aumento del metabolismo debido a estos factores y debido a un aumento interno de la temperatura (ley de van&#8217;t Hoff)<span class=\"Apple-converted-space\">\u00a0<\/span><\/p>\n<p class=\"p3\">Aumento de la transformaci\u00f3n de energ\u00eda endocelular (ADP en ATP)<span class=\"Apple-converted-space\">\u00a0<\/span><\/p>\n<p class=\"p3\">Mejor equilibrio de membrana para todas las c\u00e9lulas del \u00e1rea tratada (adipocitos, fibroblastos, etc.)<span class=\"Apple-converted-space\">\u00a0<\/span><\/p>\n<p class=\"p3\">Repolarizaci\u00f3n de la c\u00e9lula (desde patolog\u00edas -40Mv hasta fisiolog\u00edas -70Mv)<span class=\"Apple-converted-space\">\u00a0<\/span><\/p>\n<p class=\"p3\">Paso de la matriz extracelular de un estado de gel (patol\u00f3gico) a un estado de sol (fisiol\u00f3gico)<span class=\"Apple-converted-space\">\u00a0<\/span><\/p>\n<p class=\"p3\">Mejora del flujo venoso y linf\u00e1tico con una expulsi\u00f3n m\u00e1s eficiente de toxinas y catabolitos.<span class=\"Apple-converted-space\">\u00a0<\/span><\/p>\n<p class=\"p2\">Potenciaci\u00f3n y sinergia con principios activos a difundir en dermis e hipodermis, con evidentes ventajas de aplicaci\u00f3n frente a la toma intramuscular.<span class=\"Apple-converted-space\">\u00a0<\/span><\/p>\n<p class=\"p4\"><b>TECARTERAPIA<span class=\"Apple-converted-space\">\u00a0<\/span><\/b><\/p>\n<p class=\"p5\">La endoterrmia capacitiva\/resistiva o terapia diat\u00e9rmica (conocida por la mayor\u00eda con el nombre de Tecarterapia, acr\u00f3nimo de Transferencia El\u00e9ctrica Capacitiva y Resistiva), es una terapia que estimula los procesos naturales de autocuraci\u00f3n del organismo, reduciendo el tiempo de recuperaci\u00f3n motriz.<span class=\"Apple-converted-space\">\u00a0<\/span><\/p>\n<p class=\"p5\">La diatermia a trav\u00e9s de la interacci\u00f3n de la energ\u00eda electromagn\u00e9tica con los tejidos provoca un aumento de la temperatura interna de los tejidos de manera uniforme y controlada. Dicha interacci\u00f3n electromagn\u00e9tica da lugar a la aparici\u00f3n de un flujo i\u00f3nico con una micro-hiperemia que favorece la liberaci\u00f3n de \u201csustancias\u201d end\u00f3genas (principalmente, cortisol y endorfinas) que sirven para reducir el dolor, los edemas y la inflamaci\u00f3n.<span class=\"Apple-converted-space\">\u00a0<\/span><\/p>\n<p class=\"p6\">CARACTER\u00cdSTICAS:<span class=\"Apple-converted-space\">\u00a0<\/span><\/p>\n<p class=\"p5\">Frecuencias dobles:<span class=\"Apple-converted-space\">\u00a0<\/span><\/p>\n<p class=\"p5\">RESISTIVA y CAPACITIVA tienen diferencias de profundidad de 300KHZ y 450KHZ respectivamente.<span class=\"Apple-converted-space\">\u00a0<\/span><\/p>\n<p class=\"p5\">La penetraci\u00f3n m\u00e1s profunda de RET puede alcanzar los 10 CM sin p\u00e9rdida de energ\u00eda.<span class=\"Apple-converted-space\">\u00a0<\/span><\/p>\n<p class=\"p5\">Alta potencia: en t\u00e9rminos de tiempo, productos similares rondan los 80W.<span class=\"Apple-converted-space\">\u00a0<\/span><\/p>\n<p class=\"p5\">Potencia m\u00e1xima es de 300W y la potencia pr\u00e1ctica es de 250W.<span class=\"Apple-converted-space\">\u00a0<\/span><\/p>\n<p class=\"p5\">Apariencia patente: Dise\u00f1o \u00fanico.<span class=\"Apple-converted-space\">\u00a0<\/span><\/p>\n<p class=\"p5\">Diversificaci\u00f3n del mango: el mango doble opcional de 80 mm permite una mayor flexibilidad en la operaci\u00f3n y un mejor efecto de fisioterapia.<span class=\"Apple-converted-space\">\u00a0<\/span><\/p>\n<p class=\"p5\">Pantalla grande: pantalla t\u00e1ctil LED de 10,4 pulgadas<span class=\"Apple-converted-space\">\u00a0<\/span><\/p>\n<p class=\"p5\">Frecuencia: 300-450khz<span class=\"Apple-converted-space\">\u00a0<\/span><\/p>\n<p class=\"p5\">Potencia m\u00e1xima: 300w<span class=\"Apple-converted-space\">\u00a0<\/span><\/p>\n<p class=\"p5\">Peso del paquete: 15kg<span class=\"Apple-converted-space\">\u00a0<\/span><\/p>\n<p class=\"p5\">Diferentes tipos de cabezales.<span class=\"Apple-converted-space\">\u00a0<\/span><\/p>\n<p class=\"p7\">\u2022 Transferencias de energ\u00eda capacitiva.<span class=\"Apple-converted-space\">\u00a0<\/span><\/p>\n<p class=\"p5\">Esta t\u00e9cnica funciona en tejidos con alto contenido de electrolitos, como los m\u00fasculos y los tejidos blandos.<span class=\"Apple-converted-space\">\u00a0<\/span><\/p>\n<p class=\"p7\">\u2022 Transferencia de energ\u00eda resistiva.<span class=\"Apple-converted-space\">\u00a0<\/span><\/p>\n<p class=\"p5\">Esta t\u00e9cnica funciona en los tejidos con mayor resistencia, como los huesos, los tendones y las articulaciones. La penetraci\u00f3n m\u00e1s profunda de la red tambi\u00e9n ayuda a disolver y ablandar la grasa persistente profunda y hace circular la grasa fuera del cuerpo para activar la p\u00e9rdida de peso.<span class=\"Apple-converted-space\">\u00a0<\/span><\/p>\n","protected":false},"excerpt":{"rendered":"<p class=\"p2\">La endoterrmia capacitiva\/resistiva o terapia diat\u00e9rmica (conocida por la mayor\u00eda con el nombre de Tecarterapia, acr\u00f3nimo de Transferencia El\u00e9ctrica Capacitiva y Resistiva), es una terapia que estimula los procesos naturales de autocuraci\u00f3n del organismo, reduciendo el tiempo de recuperaci\u00f3n motriz.<\/p>\n<p class=\"p2\">La diatermia a trav\u00e9s de la interacci\u00f3n de la energ\u00eda electromagn\u00e9tica con los tejidos provoca un aumento de la temperatura interna de los tejidos de manera uniforme y controlada. Dicha interacci\u00f3n electromagn\u00e9tica da lugar a la aparici\u00f3n de un flujo i\u00f3nico con una micro-hiperemia que favorece la liberaci\u00f3n de \u201csustancias\u201d end\u00f3genas (principalmente, cortisol y endorfinas) que sirven para reducir el dolor, los edemas y la inflamaci\u00f3n.<\/p>\n<p class=\"p2\"><b>EFECTOS BIOL\u00d3GICOS DEL TRATAMIENTO: <\/b><\/p>\n<p class=\"p3\">Mejora de los flujos arteriales, con aumento de la cantidad de sustancias nutritivas y ox\u00edgeno.<\/p>\n<p class=\"p3\">Aumento del metabolismo debido a estos factores y debido a un aumento interno de la temperatura (ley de van&#8217;t Hoff)<\/p>\n<p class=\"p3\">Aumento de la transformaci\u00f3n de energ\u00eda endocelular (ADP en ATP)<\/p>\n<p class=\"p3\">Mejor equilibrio de membrana para todas las c\u00e9lulas del \u00e1rea tratada (adipocitos, fibroblastos, etc.)<\/p>\n<p class=\"p3\">Repolarizaci\u00f3n de la c\u00e9lula (desde patolog\u00edas -40Mv hasta fisiolog\u00edas -70Mv)<\/p>\n<p class=\"p3\">Paso de la matriz extracelular de un estado de gel (patol\u00f3gico) a un estado de sol (fisiol\u00f3gico)<\/p>\n<p class=\"p3\">Mejora del flujo venoso y linf\u00e1tico con una expulsi\u00f3n m\u00e1s eficiente de toxinas y catabolitos.<\/p>\n<p class=\"p2\">Potenciaci\u00f3n y sinergia con principios activos a difundir en dermis e hipodermis, con evidentes ventajas de aplicaci\u00f3n frente a la toma intramuscular.<\/p>\n<p class=\"p4\"><b>TECARTERAPIA <\/b><\/p>\n<p class=\"p5\">La endoterrmia capacitiva\/resistiva o terapia diat\u00e9rmica (conocida por la mayor\u00eda con el nombre de Tecarterapia, acr\u00f3nimo de Transferencia El\u00e9ctrica Capacitiva y Resistiva), es una terapia que estimula los procesos naturales de autocuraci\u00f3n del organismo, reduciendo el tiempo de recuperaci\u00f3n motriz.<\/p>\n<p class=\"p5\">La diatermia a trav\u00e9s de la interacci\u00f3n de la energ\u00eda electromagn\u00e9tica con los tejidos provoca un aumento de la temperatura interna de los tejidos de manera uniforme y controlada. Dicha interacci\u00f3n electromagn\u00e9tica da lugar a la aparici\u00f3n de un flujo i\u00f3nico con una micro-hiperemia que favorece la liberaci\u00f3n de \u201csustancias\u201d end\u00f3genas (principalmente, cortisol y endorfinas) que sirven para reducir el dolor, los edemas y la inflamaci\u00f3n.<\/p>\n<p class=\"p6\">\n","protected":false},"featured_media":27831,"comment_status":"open","ping_status":"closed","template":"","meta":{"_acf_changed":false},"product_brand":[],"product_cat":[246],"product_tag":[],"class_list":{"0":"post-26067","1":"product","2":"type-product","3":"status-publish","4":"has-post-thumbnail","6":"product_cat-tecarterapia","8":"first","9":"instock","10":"taxable","11":"shipping-taxable","12":"product-type-simple"},"acf":[],"_links":{"self":[{"href":"https:\/\/jmmedicalec.com\/nuevo\/wp-json\/wp\/v2\/product\/26067","targetHints":{"allow":["GET"]}}],"collection":[{"href":"https:\/\/jmmedicalec.com\/nuevo\/wp-json\/wp\/v2\/product"}],"about":[{"href":"https:\/\/jmmedicalec.com\/nuevo\/wp-json\/wp\/v2\/types\/product"}],"replies":[{"embeddable":true,"href":"https:\/\/jmmedicalec.com\/nuevo\/wp-json\/wp\/v2\/comments?post=26067"}],"version-history":[{"count":3,"href":"https:\/\/jmmedicalec.com\/nuevo\/wp-json\/wp\/v2\/product\/26067\/revisions"}],"predecessor-version":[{"id":26850,"href":"https:\/\/jmmedicalec.com\/nuevo\/wp-json\/wp\/v2\/product\/26067\/revisions\/26850"}],"wp:featuredmedia":[{"embeddable":true,"href":"https:\/\/jmmedicalec.com\/nuevo\/wp-json\/wp\/v2\/media\/27831"}],"wp:attachment":[{"href":"https:\/\/jmmedicalec.com\/nuevo\/wp-json\/wp\/v2\/media?parent=26067"}],"wp:term":[{"taxonomy":"product_brand","embeddable":true,"href":"https:\/\/jmmedicalec.com\/nuevo\/wp-json\/wp\/v2\/product_brand?post=26067"},{"taxonomy":"product_cat","embeddable":true,"href":"https:\/\/jmmedicalec.com\/nuevo\/wp-json\/wp\/v2\/product_cat?post=26067"},{"taxonomy":"product_tag","embeddable":true,"href":"https:\/\/jmmedicalec.com\/nuevo\/wp-json\/wp\/v2\/product_tag?post=26067"}],"curies":[{"name":"wp","href":"https:\/\/api.w.org\/{rel}","templated":true}]}}