{"id":26068,"date":"2022-12-16T20:17:33","date_gmt":"2022-12-16T20:17:33","guid":{"rendered":"https:\/\/jmmedicalec.com\/nuevo\/?post_type=product&#038;p=26068"},"modified":"2025-07-27T20:39:14","modified_gmt":"2025-07-27T20:39:14","slug":"equipo-de-vacuumterapia","status":"publish","type":"product","link":"https:\/\/jmmedicalec.com\/nuevo\/product\/equipo-de-vacuumterapia\/","title":{"rendered":"EQUIPO DE VACUUMTERAPIA"},"content":{"rendered":"<p class=\"p2\">Unidad de terapia de vac\u00edo, es un complemento perfecto para el dispositivo de electroterapia. Operado de forma independiente, la unidad puede trabajar como una unidad de terapia de vac\u00edo, en conexi\u00f3n con el electroestimulador puede ser utilizado para la aplicaci\u00f3n de corrientes por ventosas con electrodos integrados.<span class=\"Apple-converted-space\">\u00a0<\/span><\/p>\n<p class=\"p2\">Gracias a la colocaci\u00f3n de electrodos de vac\u00edo, que realiza el tratamiento se facilita considerablemente, sobre todo en las zonas donde es dif\u00edcil colocar los electrodos de avi\u00f3n. Adem\u00e1s, en el modo de pulso el efecto de un masaje mec\u00e1nico se produce, lo que da una ventaja adicional el aumento en el flujo sangu\u00edneo y el metabolismo.<span class=\"Apple-converted-space\">\u00a0<\/span><\/p>\n<p class=\"p2\">Ventosas auto-sellado aumentan significativamente la comodidad de la operaci\u00f3n de la unidad, particularmente en el caso de la operaci\u00f3n de un solo circuito. La posibilidad de elegir diferentes tama\u00f1os de las copas de succi\u00f3n afecta de manera efectiva la optimizaci\u00f3n de la terapia.<span class=\"Apple-converted-space\">\u00a0<\/span><\/p>\n<p class=\"p2\"><b>ESPECIFICACIONES<span class=\"Apple-converted-space\">\u00a0<\/span><\/b><\/p>\n<p class=\"p2\">Ventosas autosellantes<span class=\"Apple-converted-space\">\u00a0<\/span><\/p>\n<p class=\"p2\">Dos circuitos de salida<span class=\"Apple-converted-space\">\u00a0<\/span><\/p>\n<p class=\"p2\">La posibilidad de ajuste de vac\u00edo<span class=\"Apple-converted-space\">\u00a0<\/span><\/p>\n<p class=\"p2\">Tomas independientes para la aplicaci\u00f3n de electrodos para electroterapia<span class=\"Apple-converted-space\">\u00a0<\/span><\/p>\n<p class=\"p2\">Pompa eficaz y silenciosa<span class=\"Apple-converted-space\">\u00a0<\/span><\/p>\n<p class=\"p2\">El control total sobre los par\u00e1metros mientras se realiza el tratamiento<span class=\"Apple-converted-space\">\u00a0<\/span><\/p>\n<p class=\"p2\">El modo dedicado a vaciar el agua del recipiente<span class=\"Apple-converted-space\">\u00a0<\/span><\/p>\n<p class=\"p2\">Detecci\u00f3n de alto nivel de agua en el recipiente<span class=\"Apple-converted-space\">\u00a0<\/span><\/p>\n<p class=\"p2\">Modo de operaci\u00f3n continuo o puls\u00e1til<span class=\"Apple-converted-space\">\u00a0<\/span><\/p>\n<p class=\"p2\">Autotest &#8211; control sistem\u00e1tico de la unidad<span class=\"Apple-converted-space\">\u00a0<\/span><\/p>\n<p class=\"p2\">Frecuencia de pulso 6, 12, 20, 40, 60 pulsos \/ min max.<span class=\"Apple-converted-space\">\u00a0<\/span><\/p>\n<p class=\"p2\">Presi\u00f3n de vac\u00edo 500 mbar rango de ajuste de vac\u00edo<span class=\"Apple-converted-space\">\u00a0<\/span><\/p>\n<p class=\"p2\">100-500 mbar, paso 40 mbar<span class=\"Apple-converted-space\">\u00a0<\/span><\/p>\n<p class=\"p2\">N\u00famero de ventosas 4<span class=\"Apple-converted-space\">\u00a0<\/span><\/p>\n<p class=\"p2\">Tama\u00f1os de ventosas <span class=\"s1\">\u2205 <\/span>60 mm y <span class=\"s1\">\u2205 <\/span>90 mm<span class=\"Apple-converted-space\">\u00a0<\/span><\/p>\n<p class=\"p2\">Suministro de la red 110 V \/ 56\/60Hz<span class=\"Apple-converted-space\">\u00a0<\/span><\/p>\n<p class=\"p2\"><b>El equipo incluye:<span class=\"Apple-converted-space\">\u00a0<\/span><\/b><\/p>\n<p class=\"p2\">1 Unidad base, 4 Ventosas, 4 Cables.<span class=\"Apple-converted-space\">\u00a0<\/span><\/p>\n<p class=\"p2\">1 Manual de operaci\u00f3n, 1 Cable de conexi\u00f3n a corriente el\u00e9ctrica.<span class=\"Apple-converted-space\">\u00a0<\/span><\/p>\n","protected":false},"excerpt":{"rendered":"<p class=\"p2\">Unidad de terapia de vac\u00edo, es un complemento perfecto para el dispositivo de electroterapia. Operado de forma independiente, la unidad puede trabajar como una unidad de terapia de vac\u00edo, en conexi\u00f3n con el electroestimulador puede ser utilizado para la aplicaci\u00f3n de corrientes por ventosas con electrodos integrados.<\/p>\n<p class=\"p2\">Gracias a la colocaci\u00f3n de electrodos de vac\u00edo, que realiza el tratamiento se facilita considerablemente, sobre todo en las zonas donde es dif\u00edcil colocar los electrodos de avi\u00f3n. Adem\u00e1s, en el modo de pulso el efecto de un masaje mec\u00e1nico se produce, lo que da una ventaja adicional el aumento en el flujo sangu\u00edneo y el metabolismo.<\/p>\n<p class=\"p2\">Ventosas auto-sellado aumentan significativamente la comodidad de la operaci\u00f3n de la unidad, particularmente en el caso de la operaci\u00f3n de un solo circuito. La posibilidad de elegir diferentes tama\u00f1os de las copas de succi\u00f3n afecta de manera efectiva la optimizaci\u00f3n de la terapia.<\/p>\n","protected":false},"featured_media":27832,"comment_status":"open","ping_status":"closed","template":"","meta":{"_acf_changed":false},"product_brand":[],"product_cat":[247],"product_tag":[],"class_list":{"0":"post-26068","1":"product","2":"type-product","3":"status-publish","4":"has-post-thumbnail","6":"product_cat-vacuumterapia","8":"first","9":"instock","10":"taxable","11":"shipping-taxable","12":"product-type-simple"},"acf":[],"_links":{"self":[{"href":"https:\/\/jmmedicalec.com\/nuevo\/wp-json\/wp\/v2\/product\/26068","targetHints":{"allow":["GET"]}}],"collection":[{"href":"https:\/\/jmmedicalec.com\/nuevo\/wp-json\/wp\/v2\/product"}],"about":[{"href":"https:\/\/jmmedicalec.com\/nuevo\/wp-json\/wp\/v2\/types\/product"}],"replies":[{"embeddable":true,"href":"https:\/\/jmmedicalec.com\/nuevo\/wp-json\/wp\/v2\/comments?post=26068"}],"version-history":[{"count":2,"href":"https:\/\/jmmedicalec.com\/nuevo\/wp-json\/wp\/v2\/product\/26068\/revisions"}],"predecessor-version":[{"id":26851,"href":"https:\/\/jmmedicalec.com\/nuevo\/wp-json\/wp\/v2\/product\/26068\/revisions\/26851"}],"wp:featuredmedia":[{"embeddable":true,"href":"https:\/\/jmmedicalec.com\/nuevo\/wp-json\/wp\/v2\/media\/27832"}],"wp:attachment":[{"href":"https:\/\/jmmedicalec.com\/nuevo\/wp-json\/wp\/v2\/media?parent=26068"}],"wp:term":[{"taxonomy":"product_brand","embeddable":true,"href":"https:\/\/jmmedicalec.com\/nuevo\/wp-json\/wp\/v2\/product_brand?post=26068"},{"taxonomy":"product_cat","embeddable":true,"href":"https:\/\/jmmedicalec.com\/nuevo\/wp-json\/wp\/v2\/product_cat?post=26068"},{"taxonomy":"product_tag","embeddable":true,"href":"https:\/\/jmmedicalec.com\/nuevo\/wp-json\/wp\/v2\/product_tag?post=26068"}],"curies":[{"name":"wp","href":"https:\/\/api.w.org\/{rel}","templated":true}]}}