{"id":26073,"date":"2022-12-16T20:33:59","date_gmt":"2022-12-16T20:33:59","guid":{"rendered":"https:\/\/jmmedicalec.com\/nuevo\/?post_type=product&#038;p=26073"},"modified":"2025-07-27T20:45:50","modified_gmt":"2025-07-27T20:45:50","slug":"pressoterapia-clinica-analoga-8-camaras","status":"publish","type":"product","link":"https:\/\/jmmedicalec.com\/nuevo\/product\/pressoterapia-clinica-analoga-8-camaras\/","title":{"rendered":"PRESSOTERAPIA CL\u00cdNICA AN\u00c1LOGA 8 C\u00c1MARAS"},"content":{"rendered":"<p class=\"p1\"><b>MEJORE LA CALIDAD DE VIDA REDUZCA LOS EDEMAS Y DOLORES<\/b><\/p>\n<p class=\"p2\">Los dispositivos de compresi\u00f3n neum\u00e1tica intermitentes est\u00e1n dise\u00f1ados para:<\/p>\n<ul class=\"ul1\">\n<li class=\"li3\">Promover el flujo linf\u00e1tico al mover el fluido en una direcci\u00f3n distal o proximal.<\/li>\n<li class=\"li4\"><span class=\"s11\">Reducir<\/span> <span class=\"s11\">la<\/span> <span class=\"s11\">hinchaz\u00f3<\/span><span class=\"s11\">n<\/span> <span class=\"s11\">y<\/span> <span class=\"s11\">la<\/span> <span class=\"s11\">fibrosis<\/span> <span class=\"s11\">(endurecimiento),<\/span> <span class=\"s11\">una<\/span> <span class=\"s11\">condici\u00f3<\/span><span class=\"s11\">n<\/span> <span class=\"s11\">inflamatoria cr\u00f3<\/span><span class=\"s11\">nica<\/span> <span class=\"s11\">que<\/span> <span class=\"s11\">se<\/span> <span class=\"s11\">genera<\/span> <span class=\"s11\">por<\/span> <span class=\"s11\">la<\/span> <span class=\"s11\">acumulaci\u00f3<\/span><span class=\"s11\">n<\/span> <span class=\"s11\">de<\/span> <span class=\"s11\">fluidos<\/span> <span class=\"s11\">en<\/span> <span class=\"s11\">la<\/span> <span class=\"s11\">extremidad.<\/span><\/li>\n<li class=\"li5\">Promover y aclarar la cicatrizaci\u00f3n de las heridas y prevenir la recurrencia de heridas e infecciones.<\/li>\n<li class=\"li6\">Reducir el dolor<\/li>\n<li class=\"li3\">Mejorar el flujo linf\u00e1tico y vascular<\/li>\n<li class=\"li4\">Brindar un tratamiento f\u00e1cil, seguro, rentable y desde el hogar.<\/li>\n<li class=\"li4\">La facilidad de uso promueve el cumplimiento del paciente con el tratamiento<\/li>\n<li class=\"li4\">Brinda una profilaxis efectiva para la trombosis venosa<\/li>\n<\/ul>\n<p class=\"p1\"><b>CARACTER\u00cdSTICAS<\/b><b> <\/b><b>T\u00c9CNICAS:<\/b><\/p>\n<ul class=\"ul1\">\n<li class=\"li3\">SISTEMA DE 8 C\u00c1MARAS<\/li>\n<li class=\"li4\">COMPRESION NEUMATICA SECUENCIAL DE GRADIENTE (8 NIVELES).<\/li>\n<li class=\"li5\">NO PERIST\u00c1LTICO<\/li>\n<li class=\"li5\">CICLO DISTAL A PROXIMAL<\/li>\n<li class=\"li4\">USO UNILATERAL O BILATERAL<\/li>\n<li class=\"li5\">TIEMPO DEL CICLO DE 60 Y 120 SEGUNDOS<\/li>\n<li class=\"li5\">RANGO DE PRESI\u00d3N DE 20-120mmHg<\/li>\n<li class=\"li4\">DISE\u00d1O DELGADO Y LIGERO<\/li>\n<li class=\"li5\"><span class=\"s2\">SILENCIOSO<\/span><\/li>\n<li class=\"li4\">CONTADOR REGRESIVO O MODO CONTINUO INTEGRADO<\/li>\n<\/ul>\n<ul class=\"ul1\">\n<li class=\"li5\">FOCO TERAPIA<\/li>\n<li class=\"li4\">BOT\u00d3N DE PAUSA<\/li>\n<li class=\"li5\">MEDIDOR DE CONFORMIDAD<\/li>\n<li class=\"li4\">F\u00c1CIL DE MANEJAR<\/li>\n<\/ul>\n<p class=\"p8\">Dimensiones: 11.43 cm x 30 cm x 20 cm<\/p>\n<p class=\"p9\">Peso: 5.25 LB.<\/p>\n","protected":false},"excerpt":{"rendered":"<p class=\"p1\"><b>MEJORE LA CALIDAD DE VIDA REDUZCA LOS EDEMAS Y DOLORES<\/b><\/p>\n<p class=\"p2\">Los dispositivos de compresi\u00f3n neum\u00e1tica intermitentes est\u00e1n dise\u00f1ados para:<\/p>\n<ul class=\"ul1\">\n<li class=\"li3\">Promover el flujo linf\u00e1tico al mover el fluido en una direcci\u00f3n distal o proximal.<\/li>\n<li class=\"li4\"><span class=\"s11\">Reducir<\/span> <span class=\"s11\">la<\/span> <span class=\"s11\">hinchaz\u00f3<\/span><span class=\"s11\">n<\/span> <span class=\"s11\">y<\/span> <span class=\"s11\">la<\/span> <span class=\"s11\">fibrosis<\/span> <span class=\"s11\">(endurecimiento),<\/span> <span class=\"s11\">una<\/span> <span class=\"s11\">condici\u00f3<\/span><span class=\"s11\">n<\/span> <span class=\"s11\">inflamatoria cr\u00f3<\/span><span class=\"s11\">nica<\/span> <span class=\"s11\">que<\/span> <span class=\"s11\">se<\/span> <span class=\"s11\">genera<\/span> <span class=\"s11\">por<\/span> <span class=\"s11\">la<\/span> <span class=\"s11\">acumulaci\u00f3<\/span><span class=\"s11\">n<\/span> <span class=\"s11\">de<\/span> <span class=\"s11\">fluidos<\/span> <span class=\"s11\">en<\/span> <span class=\"s11\">la<\/span> <span class=\"s11\">extremidad.<\/span><\/li>\n<li class=\"li5\">Promover y aclarar la cicatrizaci\u00f3n de las heridas y prevenir la recurrencia de heridas e infecciones.<\/li>\n<li class=\"li6\">Reducir el dolor<\/li>\n<li class=\"li3\">Mejorar el flujo linf\u00e1tico y vascular<\/li>\n<li class=\"li4\">Brindar un tratamiento f\u00e1cil, seguro, rentable y desde el hogar.<\/li>\n<li class=\"li4\">La facilidad de uso promueve el cumplimiento del paciente con el tratamiento<\/li>\n<li class=\"li4\">Brinda una profilaxis efectiva para la trombosis venosa<\/li>\n<\/ul>\n","protected":false},"featured_media":25951,"comment_status":"open","ping_status":"closed","template":"","meta":{"_acf_changed":false},"product_brand":[],"product_cat":[248],"product_tag":[],"class_list":{"0":"post-26073","1":"product","2":"type-product","3":"status-publish","4":"has-post-thumbnail","6":"product_cat-pressoterapia","8":"first","9":"instock","10":"taxable","11":"shipping-taxable","12":"product-type-simple"},"acf":[],"_links":{"self":[{"href":"https:\/\/jmmedicalec.com\/nuevo\/wp-json\/wp\/v2\/product\/26073","targetHints":{"allow":["GET"]}}],"collection":[{"href":"https:\/\/jmmedicalec.com\/nuevo\/wp-json\/wp\/v2\/product"}],"about":[{"href":"https:\/\/jmmedicalec.com\/nuevo\/wp-json\/wp\/v2\/types\/product"}],"replies":[{"embeddable":true,"href":"https:\/\/jmmedicalec.com\/nuevo\/wp-json\/wp\/v2\/comments?post=26073"}],"version-history":[{"count":1,"href":"https:\/\/jmmedicalec.com\/nuevo\/wp-json\/wp\/v2\/product\/26073\/revisions"}],"predecessor-version":[{"id":26844,"href":"https:\/\/jmmedicalec.com\/nuevo\/wp-json\/wp\/v2\/product\/26073\/revisions\/26844"}],"wp:featuredmedia":[{"embeddable":true,"href":"https:\/\/jmmedicalec.com\/nuevo\/wp-json\/wp\/v2\/media\/25951"}],"wp:attachment":[{"href":"https:\/\/jmmedicalec.com\/nuevo\/wp-json\/wp\/v2\/media?parent=26073"}],"wp:term":[{"taxonomy":"product_brand","embeddable":true,"href":"https:\/\/jmmedicalec.com\/nuevo\/wp-json\/wp\/v2\/product_brand?post=26073"},{"taxonomy":"product_cat","embeddable":true,"href":"https:\/\/jmmedicalec.com\/nuevo\/wp-json\/wp\/v2\/product_cat?post=26073"},{"taxonomy":"product_tag","embeddable":true,"href":"https:\/\/jmmedicalec.com\/nuevo\/wp-json\/wp\/v2\/product_tag?post=26073"}],"curies":[{"name":"wp","href":"https:\/\/api.w.org\/{rel}","templated":true}]}}