{"id":26080,"date":"2022-12-16T20:57:31","date_gmt":"2022-12-16T20:57:31","guid":{"rendered":"https:\/\/jmmedicalec.com\/nuevo\/?post_type=product&#038;p=26080"},"modified":"2025-07-27T20:50:48","modified_gmt":"2025-07-27T20:50:48","slug":"traccion-cervical-comfortrack","status":"publish","type":"product","link":"https:\/\/jmmedicalec.com\/nuevo\/product\/traccion-cervical-comfortrack\/","title":{"rendered":"TRACCI\u00d3N CERVICAL COMFORTRACK"},"content":{"rendered":"<p class=\"p2\">Reposacabezas de espuma<span class=\"Apple-converted-space\">\u00a0<\/span><\/p>\n<p class=\"p2\">Cuello ajustables proporcionan la m\u00e1xima comodidad.<span class=\"Apple-converted-space\">\u00a0<\/span><\/p>\n<p class=\"p2\">Bomba de mano patentado con bot\u00f3n de liberaci\u00f3n r\u00e1pida permite la facilidad de uso.<span class=\"Apple-converted-space\">\u00a0<\/span><\/p>\n<p class=\"p2\">\u00c1ngulo ajustable de inclinaci\u00f3n de 10 grados, 15 grados o 20 grados sin piezas adicionales.<span class=\"Apple-converted-space\">\u00a0<\/span><\/p>\n<p class=\"p2\">50-lb. fuerza m\u00e1xima.<span class=\"Apple-converted-space\">\u00a0<\/span><\/p>\n<p class=\"p2\">F\u00e1cilmente transportable<span class=\"Apple-converted-space\">\u00a0<\/span><\/p>\n","protected":false},"excerpt":{"rendered":"<p class=\"p2\">Reposacabezas de espuma<span class=\"Apple-converted-space\">\u00a0<\/span><\/p>\n<p class=\"p2\">Cuello ajustables proporcionan la m\u00e1xima comodidad.<span class=\"Apple-converted-space\">\u00a0<\/span><\/p>\n<p class=\"p2\">Bomba de mano patentado con bot\u00f3n de liberaci\u00f3n r\u00e1pida permite la facilidad de uso.<span class=\"Apple-converted-space\">\u00a0<\/span><\/p>\n<p class=\"p2\">\u00c1ngulo ajustable de inclinaci\u00f3n de 10 grados, 15 grados o 20 grados sin piezas adicionales.<span class=\"Apple-converted-space\">\u00a0<\/span><\/p>\n<p class=\"p2\">50-lb. fuerza m\u00e1xima.<span class=\"Apple-converted-space\">\u00a0<\/span><\/p>\n<p class=\"p2\">F\u00e1cilmente transportable<span class=\"Apple-converted-space\">\u00a0<\/span><\/p>\n","protected":false},"featured_media":25994,"comment_status":"open","ping_status":"closed","template":"","meta":{"_acf_changed":false},"product_brand":[],"product_cat":[250],"product_tag":[],"class_list":{"0":"post-26080","1":"product","2":"type-product","3":"status-publish","4":"has-post-thumbnail","6":"product_cat-traccion","8":"first","9":"instock","10":"taxable","11":"shipping-taxable","12":"product-type-simple"},"acf":[],"_links":{"self":[{"href":"https:\/\/jmmedicalec.com\/nuevo\/wp-json\/wp\/v2\/product\/26080","targetHints":{"allow":["GET"]}}],"collection":[{"href":"https:\/\/jmmedicalec.com\/nuevo\/wp-json\/wp\/v2\/product"}],"about":[{"href":"https:\/\/jmmedicalec.com\/nuevo\/wp-json\/wp\/v2\/types\/product"}],"replies":[{"embeddable":true,"href":"https:\/\/jmmedicalec.com\/nuevo\/wp-json\/wp\/v2\/comments?post=26080"}],"version-history":[{"count":1,"href":"https:\/\/jmmedicalec.com\/nuevo\/wp-json\/wp\/v2\/product\/26080\/revisions"}],"predecessor-version":[{"id":27553,"href":"https:\/\/jmmedicalec.com\/nuevo\/wp-json\/wp\/v2\/product\/26080\/revisions\/27553"}],"wp:featuredmedia":[{"embeddable":true,"href":"https:\/\/jmmedicalec.com\/nuevo\/wp-json\/wp\/v2\/media\/25994"}],"wp:attachment":[{"href":"https:\/\/jmmedicalec.com\/nuevo\/wp-json\/wp\/v2\/media?parent=26080"}],"wp:term":[{"taxonomy":"product_brand","embeddable":true,"href":"https:\/\/jmmedicalec.com\/nuevo\/wp-json\/wp\/v2\/product_brand?post=26080"},{"taxonomy":"product_cat","embeddable":true,"href":"https:\/\/jmmedicalec.com\/nuevo\/wp-json\/wp\/v2\/product_cat?post=26080"},{"taxonomy":"product_tag","embeddable":true,"href":"https:\/\/jmmedicalec.com\/nuevo\/wp-json\/wp\/v2\/product_tag?post=26080"}],"curies":[{"name":"wp","href":"https:\/\/api.w.org\/{rel}","templated":true}]}}