{"id":26081,"date":"2022-12-16T20:58:53","date_gmt":"2022-12-16T20:58:53","guid":{"rendered":"https:\/\/jmmedicalec.com\/nuevo\/?post_type=product&#038;p=26081"},"modified":"2025-07-27T20:50:33","modified_gmt":"2025-07-27T20:50:33","slug":"traccion-lumbar-comfortrack","status":"publish","type":"product","link":"https:\/\/jmmedicalec.com\/nuevo\/product\/traccion-lumbar-comfortrack\/","title":{"rendered":"TRACCI\u00d3N LUMBAR COMFORTRACK"},"content":{"rendered":"<p class=\"p2\">Retorno de carro autom\u00e1tico aumenta la facilidad de uso y ayuda en aplicaciones de tracci\u00f3n intermitentes. Dise\u00f1o con bisagras innovador no requiere montaje o puesta en marcha. Dispositivo de liberaci\u00f3n r\u00e1pida en la bomba permite al usuario libertad de inmediato de toda la presi\u00f3n; aumento de la seguridad y la comodidad. Bomba de aire con man\u00f3metro que muestra en libras y kilogramos.<span class=\"Apple-converted-space\">\u00a0<\/span><\/p>\n<p class=\"p2\">200-lb. fuerza m\u00e1xima.<span class=\"Apple-converted-space\">\u00a0<\/span><\/p>\n","protected":false},"excerpt":{"rendered":"<p class=\"p2\">Retorno de carro autom\u00e1tico aumenta la facilidad de uso y ayuda en aplicaciones de tracci\u00f3n intermitentes. Dise\u00f1o con bisagras innovador no requiere montaje o puesta en marcha. Dispositivo de liberaci\u00f3n r\u00e1pida en la bomba permite al usuario libertad de inmediato de toda la presi\u00f3n; aumento de la seguridad y la comodidad. Bomba de aire con man\u00f3metro que muestra en libras y kilogramos.<span class=\"Apple-converted-space\">\u00a0<\/span><\/p>\n<p class=\"p2\">200-lb. fuerza m\u00e1xima.<span class=\"Apple-converted-space\">\u00a0<\/span><\/p>\n","protected":false},"featured_media":25992,"comment_status":"open","ping_status":"closed","template":"","meta":{"_acf_changed":false},"product_brand":[],"product_cat":[250],"product_tag":[],"class_list":{"0":"post-26081","1":"product","2":"type-product","3":"status-publish","4":"has-post-thumbnail","6":"product_cat-traccion","8":"first","9":"instock","10":"taxable","11":"shipping-taxable","12":"product-type-simple"},"acf":[],"_links":{"self":[{"href":"https:\/\/jmmedicalec.com\/nuevo\/wp-json\/wp\/v2\/product\/26081","targetHints":{"allow":["GET"]}}],"collection":[{"href":"https:\/\/jmmedicalec.com\/nuevo\/wp-json\/wp\/v2\/product"}],"about":[{"href":"https:\/\/jmmedicalec.com\/nuevo\/wp-json\/wp\/v2\/types\/product"}],"replies":[{"embeddable":true,"href":"https:\/\/jmmedicalec.com\/nuevo\/wp-json\/wp\/v2\/comments?post=26081"}],"version-history":[{"count":2,"href":"https:\/\/jmmedicalec.com\/nuevo\/wp-json\/wp\/v2\/product\/26081\/revisions"}],"predecessor-version":[{"id":26693,"href":"https:\/\/jmmedicalec.com\/nuevo\/wp-json\/wp\/v2\/product\/26081\/revisions\/26693"}],"wp:featuredmedia":[{"embeddable":true,"href":"https:\/\/jmmedicalec.com\/nuevo\/wp-json\/wp\/v2\/media\/25992"}],"wp:attachment":[{"href":"https:\/\/jmmedicalec.com\/nuevo\/wp-json\/wp\/v2\/media?parent=26081"}],"wp:term":[{"taxonomy":"product_brand","embeddable":true,"href":"https:\/\/jmmedicalec.com\/nuevo\/wp-json\/wp\/v2\/product_brand?post=26081"},{"taxonomy":"product_cat","embeddable":true,"href":"https:\/\/jmmedicalec.com\/nuevo\/wp-json\/wp\/v2\/product_cat?post=26081"},{"taxonomy":"product_tag","embeddable":true,"href":"https:\/\/jmmedicalec.com\/nuevo\/wp-json\/wp\/v2\/product_tag?post=26081"}],"curies":[{"name":"wp","href":"https:\/\/api.w.org\/{rel}","templated":true}]}}