{"id":26082,"date":"2022-12-16T21:00:04","date_gmt":"2022-12-16T21:00:04","guid":{"rendered":"https:\/\/jmmedicalec.com\/nuevo\/?post_type=product&#038;p=26082"},"modified":"2023-01-25T20:39:15","modified_gmt":"2023-01-25T20:39:15","slug":"traccion-cervical-y-lumbar-electronica-hospitalaria","status":"publish","type":"product","link":"https:\/\/jmmedicalec.com\/nuevo\/product\/traccion-cervical-y-lumbar-electronica-hospitalaria\/","title":{"rendered":"TRACCI\u00d3N CERVICAL Y LUMBAR ELECTR\u00d3NICA HOSPITALARIA"},"content":{"rendered":"<p class=\"p2\">Modos de operaci\u00f3n: Intermitente, C\u00edclico para elegir, Est\u00e1tica<span class=\"Apple-converted-space\">\u00a0<\/span><\/p>\n<p class=\"p2\">Progresivos (de 1 \u2013 9 pasos)<span class=\"Apple-converted-space\">\u00a0<\/span><\/p>\n<p class=\"p2\">Tracci\u00f3n<span class=\"Apple-converted-space\">\u00a0<\/span><\/p>\n<p class=\"p2\">Regresivos (de 1 \u2013 9 pasos)<span class=\"Apple-converted-space\">\u00a0<\/span><\/p>\n<p class=\"p2\">Mantenimiento (0 \u2013 99 segundos)<span class=\"Apple-converted-space\">\u00a0<\/span><\/p>\n<p class=\"p2\">Descanso (0 \u2013 99 segundos)<span class=\"Apple-converted-space\">\u00a0<\/span><\/p>\n<p class=\"p2\">Tracci\u00f3n (de 1 \u2013 99 minutos)<span class=\"Apple-converted-space\">\u00a0<\/span><\/p>\n<p class=\"p2\">M\u00e1xima fuerza de tracci\u00f3n 90 Kg. (200 Libras)<span class=\"Apple-converted-space\">\u00a0<\/span><\/p>\n<p class=\"p2\">Pantalla para visualizar datos como: tiempo, n\u00famero de los pasos, fuerza tracci\u00f3n.<span class=\"Apple-converted-space\">\u00a0<\/span><\/p>\n<p class=\"p2\">Funciona con corriente de 110 V. 50\/60 Hz.<span class=\"Apple-converted-space\">\u00a0<\/span><\/p>\n<p class=\"p2\"><b>El equipo incluye:<span class=\"Apple-converted-space\">\u00a0<\/span><\/b><\/p>\n<p class=\"p2\">Unidad Principal de Tracci\u00f3n.<span class=\"Apple-converted-space\">\u00a0<\/span><\/p>\n<p class=\"p2\">Soporte<span class=\"Apple-converted-space\">\u00a0<\/span><\/p>\n<p class=\"p2\">Cabestro de tracci\u00f3n cervical regulable.<span class=\"Apple-converted-space\">\u00a0<\/span><\/p>\n<p class=\"p2\">Un juego de tracci\u00f3n p\u00e9lvica resistente.<span class=\"Apple-converted-space\">\u00a0<\/span><\/p>\n<p class=\"p2\">Una camilla para tracci\u00f3n ORIGINAL<span class=\"Apple-converted-space\">\u00a0<\/span><\/p>\n","protected":false},"excerpt":{"rendered":"<p class=\"p2\">Modos de operaci\u00f3n: Intermitente, C\u00edclico para elegir, Est\u00e1tica<\/p>\n<p class=\"p2\">Progresivos (de 1 \u2013 9 pasos)<\/p>\n<p class=\"p2\">Tracci\u00f3n<\/p>\n<p class=\"p2\">Regresivos (de 1 \u2013 9 pasos)<\/p>\n<p class=\"p2\">Mantenimiento (0 \u2013 99 segundos)<\/p>\n<p class=\"p2\">Descanso (0 \u2013 99 segundos)<\/p>\n<p class=\"p2\">Tracci\u00f3n (de 1 \u2013 99 minutos)<\/p>\n<p class=\"p2\">M\u00e1xima fuerza de tracci\u00f3n 90 Kg. (200 Libras)<\/p>\n<p class=\"p2\">Pantalla para visualizar datos como: tiempo, n\u00famero de los pasos, fuerza tracci\u00f3n.<\/p>\n<p class=\"p2\">Funciona con corriente de 110 V. 50\/60 Hz.<\/p>\n<p class=\"p2\"><b>El equipo incluye: <\/b><\/p>\n<p class=\"p2\">Unidad Principal de Tracci\u00f3n.<\/p>\n<p class=\"p2\">Soporte<\/p>\n<p class=\"p2\">Cabestro de tracci\u00f3n cervical regulable.<\/p>\n<p class=\"p2\">Un juego de tracci\u00f3n p\u00e9lvica resistente.<\/p>\n<p class=\"p2\">Una camilla para tracci\u00f3n ORIGINAL<\/p>\n","protected":false},"featured_media":25991,"comment_status":"open","ping_status":"closed","template":"","meta":{"_acf_changed":false},"product_brand":[],"product_cat":[250],"product_tag":[],"class_list":{"0":"post-26082","1":"product","2":"type-product","3":"status-publish","4":"has-post-thumbnail","6":"product_cat-traccion","8":"first","9":"instock","10":"taxable","11":"shipping-taxable","12":"product-type-simple"},"acf":[],"_links":{"self":[{"href":"https:\/\/jmmedicalec.com\/nuevo\/wp-json\/wp\/v2\/product\/26082","targetHints":{"allow":["GET"]}}],"collection":[{"href":"https:\/\/jmmedicalec.com\/nuevo\/wp-json\/wp\/v2\/product"}],"about":[{"href":"https:\/\/jmmedicalec.com\/nuevo\/wp-json\/wp\/v2\/types\/product"}],"replies":[{"embeddable":true,"href":"https:\/\/jmmedicalec.com\/nuevo\/wp-json\/wp\/v2\/comments?post=26082"}],"version-history":[{"count":1,"href":"https:\/\/jmmedicalec.com\/nuevo\/wp-json\/wp\/v2\/product\/26082\/revisions"}],"predecessor-version":[{"id":26691,"href":"https:\/\/jmmedicalec.com\/nuevo\/wp-json\/wp\/v2\/product\/26082\/revisions\/26691"}],"wp:featuredmedia":[{"embeddable":true,"href":"https:\/\/jmmedicalec.com\/nuevo\/wp-json\/wp\/v2\/media\/25991"}],"wp:attachment":[{"href":"https:\/\/jmmedicalec.com\/nuevo\/wp-json\/wp\/v2\/media?parent=26082"}],"wp:term":[{"taxonomy":"product_brand","embeddable":true,"href":"https:\/\/jmmedicalec.com\/nuevo\/wp-json\/wp\/v2\/product_brand?post=26082"},{"taxonomy":"product_cat","embeddable":true,"href":"https:\/\/jmmedicalec.com\/nuevo\/wp-json\/wp\/v2\/product_cat?post=26082"},{"taxonomy":"product_tag","embeddable":true,"href":"https:\/\/jmmedicalec.com\/nuevo\/wp-json\/wp\/v2\/product_tag?post=26082"}],"curies":[{"name":"wp","href":"https:\/\/api.w.org\/{rel}","templated":true}]}}