{"id":26113,"date":"2022-12-19T14:44:03","date_gmt":"2022-12-19T14:44:03","guid":{"rendered":"https:\/\/jmmedicalec.com\/nuevo\/?post_type=product&#038;p=26113"},"modified":"2023-01-25T21:38:17","modified_gmt":"2023-01-25T21:38:17","slug":"oximetro-de-pulso-adulto-baseline","status":"publish","type":"product","link":"https:\/\/jmmedicalec.com\/nuevo\/product\/oximetro-de-pulso-adulto-baseline\/","title":{"rendered":"OX\u00cdMETRO DE PULSO ADULTO &#8211; BASELINE"},"content":{"rendered":"<p class=\"p2\">Manejo sencillo de los controles inmediatos al contado en tiempo real, precisa y r\u00e1pidas. Bajo consumo de energ\u00eda permite que la unidad para funcionar durante m\u00e1s de 30 horas de funcionamiento continuo con dos pilas AAA Grande pantalla f\u00e1cil de leer f\u00e1cil, dos pantallas OLED a color con brillo ajustable. Tasa de saturaci\u00f3n de ox\u00edgeno de 36% a 99% y un rango de frecuencia de pulso de 30-250 BPM<span class=\"Apple-converted-space\">\u00a0<\/span><\/p>\n","protected":false},"excerpt":{"rendered":"<p class=\"p2\">Manejo sencillo de los controles inmediatos al contado en tiempo real, precisa y r\u00e1pidas. Bajo consumo de energ\u00eda permite que la unidad para funcionar durante m\u00e1s de 30 horas de funcionamiento continuo con dos pilas AAA Grande pantalla f\u00e1cil de leer f\u00e1cil, dos pantallas OLED a color con brillo ajustable. Tasa de saturaci\u00f3n de ox\u00edgeno de 36% a 99% y un rango de frecuencia de pulso de 30-250 BPM<\/p>\n","protected":false},"featured_media":25984,"comment_status":"open","ping_status":"closed","template":"","meta":{"_acf_changed":false},"product_brand":[],"product_cat":[252],"product_tag":[],"class_list":{"0":"post-26113","1":"product","2":"type-product","3":"status-publish","4":"has-post-thumbnail","6":"product_cat-terapia-respiratoria","8":"first","9":"instock","10":"taxable","11":"shipping-taxable","12":"product-type-simple"},"acf":[],"_links":{"self":[{"href":"https:\/\/jmmedicalec.com\/nuevo\/wp-json\/wp\/v2\/product\/26113","targetHints":{"allow":["GET"]}}],"collection":[{"href":"https:\/\/jmmedicalec.com\/nuevo\/wp-json\/wp\/v2\/product"}],"about":[{"href":"https:\/\/jmmedicalec.com\/nuevo\/wp-json\/wp\/v2\/types\/product"}],"replies":[{"embeddable":true,"href":"https:\/\/jmmedicalec.com\/nuevo\/wp-json\/wp\/v2\/comments?post=26113"}],"version-history":[{"count":1,"href":"https:\/\/jmmedicalec.com\/nuevo\/wp-json\/wp\/v2\/product\/26113\/revisions"}],"predecessor-version":[{"id":26718,"href":"https:\/\/jmmedicalec.com\/nuevo\/wp-json\/wp\/v2\/product\/26113\/revisions\/26718"}],"wp:featuredmedia":[{"embeddable":true,"href":"https:\/\/jmmedicalec.com\/nuevo\/wp-json\/wp\/v2\/media\/25984"}],"wp:attachment":[{"href":"https:\/\/jmmedicalec.com\/nuevo\/wp-json\/wp\/v2\/media?parent=26113"}],"wp:term":[{"taxonomy":"product_brand","embeddable":true,"href":"https:\/\/jmmedicalec.com\/nuevo\/wp-json\/wp\/v2\/product_brand?post=26113"},{"taxonomy":"product_cat","embeddable":true,"href":"https:\/\/jmmedicalec.com\/nuevo\/wp-json\/wp\/v2\/product_cat?post=26113"},{"taxonomy":"product_tag","embeddable":true,"href":"https:\/\/jmmedicalec.com\/nuevo\/wp-json\/wp\/v2\/product_tag?post=26113"}],"curies":[{"name":"wp","href":"https:\/\/api.w.org\/{rel}","templated":true}]}}