{"id":26115,"date":"2022-12-19T14:46:13","date_gmt":"2022-12-19T14:46:13","guid":{"rendered":"https:\/\/jmmedicalec.com\/nuevo\/?post_type=product&#038;p=26115"},"modified":"2025-03-17T00:08:05","modified_gmt":"2025-03-17T00:08:05","slug":"vibrador-percutor-para-terapia-respiratoria","status":"publish","type":"product","link":"https:\/\/jmmedicalec.com\/nuevo\/product\/vibrador-percutor-para-terapia-respiratoria\/","title":{"rendered":"VIBRADOR \u2013 PERCUTOR PARA TERAPIA RESPIRATORIA"},"content":{"rendered":"<p class=\"p2\">El G5 Vibracare Percussor es nuestro percusor de mano duradero que se utiliza en aplicaciones de terapia respiratoria.<span class=\"Apple-converted-space\">\u00a0<\/span><\/p>\n<p class=\"p2\">Totalmente aut\u00f3nomo y con un peso de menos de tres libras, brinda una libertad de movimiento y portabilidad \u00f3ptimas con un cable de alimentaci\u00f3n de diez pies de grado hospitalario.<span class=\"Apple-converted-space\">\u00a0<\/span><\/p>\n<p class=\"p2\">Velocidad: 20 a 50 ciclos por segundo (CPS)<span class=\"Apple-converted-space\">\u00a0<\/span><\/p>\n<p class=\"p2\">Dispositivo de mano port\u00e1til y liviano<span class=\"Apple-converted-space\">\u00a0<\/span><\/p>\n<p class=\"p2\">Empu\u00f1adura de goma suave y c\u00f3moda<span class=\"Apple-converted-space\">\u00a0<\/span><\/p>\n","protected":false},"excerpt":{"rendered":"<p class=\"p2\">El G5 Vibracare Percussor es nuestro percusor de mano duradero que se utiliza en aplicaciones de terapia respiratoria.<span class=\"Apple-converted-space\">\u00a0<\/span><\/p>\n<p class=\"p2\">Totalmente aut\u00f3nomo y con un peso de menos de tres libras, brinda una libertad de movimiento y portabilidad \u00f3ptimas con un cable de alimentaci\u00f3n de diez pies de grado hospitalario.<span class=\"Apple-converted-space\">\u00a0<\/span><\/p>\n<p class=\"p2\">Velocidad: 20 a 50 ciclos por segundo (CPS)<span class=\"Apple-converted-space\">\u00a0<\/span><\/p>\n<p class=\"p2\">Dispositivo de mano port\u00e1til y liviano<span class=\"Apple-converted-space\">\u00a0<\/span><\/p>\n<p class=\"p2\">Empu\u00f1adura de goma suave y c\u00f3moda<span class=\"Apple-converted-space\">\u00a0<\/span><\/p>\n","protected":false},"featured_media":25978,"comment_status":"open","ping_status":"closed","template":"","meta":{"_acf_changed":false},"product_brand":[],"product_cat":[252],"product_tag":[],"class_list":{"0":"post-26115","1":"product","2":"type-product","3":"status-publish","4":"has-post-thumbnail","6":"product_cat-terapia-respiratoria","8":"first","9":"instock","10":"taxable","11":"shipping-taxable","12":"product-type-simple"},"acf":[],"_links":{"self":[{"href":"https:\/\/jmmedicalec.com\/nuevo\/wp-json\/wp\/v2\/product\/26115","targetHints":{"allow":["GET"]}}],"collection":[{"href":"https:\/\/jmmedicalec.com\/nuevo\/wp-json\/wp\/v2\/product"}],"about":[{"href":"https:\/\/jmmedicalec.com\/nuevo\/wp-json\/wp\/v2\/types\/product"}],"replies":[{"embeddable":true,"href":"https:\/\/jmmedicalec.com\/nuevo\/wp-json\/wp\/v2\/comments?post=26115"}],"version-history":[{"count":0,"href":"https:\/\/jmmedicalec.com\/nuevo\/wp-json\/wp\/v2\/product\/26115\/revisions"}],"wp:featuredmedia":[{"embeddable":true,"href":"https:\/\/jmmedicalec.com\/nuevo\/wp-json\/wp\/v2\/media\/25978"}],"wp:attachment":[{"href":"https:\/\/jmmedicalec.com\/nuevo\/wp-json\/wp\/v2\/media?parent=26115"}],"wp:term":[{"taxonomy":"product_brand","embeddable":true,"href":"https:\/\/jmmedicalec.com\/nuevo\/wp-json\/wp\/v2\/product_brand?post=26115"},{"taxonomy":"product_cat","embeddable":true,"href":"https:\/\/jmmedicalec.com\/nuevo\/wp-json\/wp\/v2\/product_cat?post=26115"},{"taxonomy":"product_tag","embeddable":true,"href":"https:\/\/jmmedicalec.com\/nuevo\/wp-json\/wp\/v2\/product_tag?post=26115"}],"curies":[{"name":"wp","href":"https:\/\/api.w.org\/{rel}","templated":true}]}}