{"id":26293,"date":"2022-12-19T21:54:03","date_gmt":"2022-12-19T21:54:03","guid":{"rendered":"https:\/\/jmmedicalec.com\/nuevo\/?post_type=product&#038;p=26293"},"modified":"2025-07-27T21:37:12","modified_gmt":"2025-07-27T21:37:12","slug":"piedra-de-equilibrio-de-colores-de-15cm","status":"publish","type":"product","link":"https:\/\/jmmedicalec.com\/nuevo\/product\/piedra-de-equilibrio-de-colores-de-15cm\/","title":{"rendered":"PIEDRA DE EQUILIBRIO DE COLORES DE 15CM"},"content":{"rendered":"<p class=\"p2\">PRECIO POR UNIDAD<br \/>\nLa piedra se puede utilizar para practicar y reforzar la coordinaci\u00f3n, propiocepci\u00f3n y el equilibrio. Las piedras se pueden llenar con agua o arena para ponderarlos para la seguridad y estabilidad. Las piedras pueden ser utilizadas con el lado curvado hacia abajo como una tabla de equilibrio vestibular. Inicio de la piedra es parte TEXTURIZADA para retroalimentaci\u00f3n t\u00e1ctil y la estimulaci\u00f3n.<span class=\"Apple-converted-space\">\u00a0<\/span><\/p>\n","protected":false},"excerpt":{"rendered":"<p class=\"p2\">La piedra se puede utilizar para practicar y reforzar la coordinaci\u00f3n, propiocepci\u00f3n y el equilibrio. Las piedras se pueden llenar con agua o arena para ponderarlos para la seguridad y estabilidad. Las piedras pueden ser utilizadas con el lado curvado hacia abajo como una tabla de equilibrio vestibular. Inicio de la piedra es parte TEXTURIZADA para retroalimentaci\u00f3n t\u00e1ctil y la estimulaci\u00f3n.<span class=\"Apple-converted-space\">\u00a0<\/span><\/p>\n","protected":false},"featured_media":26613,"comment_status":"open","ping_status":"closed","template":"","meta":{"_acf_changed":false},"product_brand":[],"product_cat":[253],"product_tag":[],"class_list":{"0":"post-26293","1":"product","2":"type-product","3":"status-publish","4":"has-post-thumbnail","6":"product_cat-mecanoterapia","8":"first","9":"instock","10":"taxable","11":"shipping-taxable","12":"purchasable","13":"product-type-simple"},"acf":[],"_links":{"self":[{"href":"https:\/\/jmmedicalec.com\/nuevo\/wp-json\/wp\/v2\/product\/26293","targetHints":{"allow":["GET"]}}],"collection":[{"href":"https:\/\/jmmedicalec.com\/nuevo\/wp-json\/wp\/v2\/product"}],"about":[{"href":"https:\/\/jmmedicalec.com\/nuevo\/wp-json\/wp\/v2\/types\/product"}],"replies":[{"embeddable":true,"href":"https:\/\/jmmedicalec.com\/nuevo\/wp-json\/wp\/v2\/comments?post=26293"}],"version-history":[{"count":2,"href":"https:\/\/jmmedicalec.com\/nuevo\/wp-json\/wp\/v2\/product\/26293\/revisions"}],"predecessor-version":[{"id":27847,"href":"https:\/\/jmmedicalec.com\/nuevo\/wp-json\/wp\/v2\/product\/26293\/revisions\/27847"}],"wp:featuredmedia":[{"embeddable":true,"href":"https:\/\/jmmedicalec.com\/nuevo\/wp-json\/wp\/v2\/media\/26613"}],"wp:attachment":[{"href":"https:\/\/jmmedicalec.com\/nuevo\/wp-json\/wp\/v2\/media?parent=26293"}],"wp:term":[{"taxonomy":"product_brand","embeddable":true,"href":"https:\/\/jmmedicalec.com\/nuevo\/wp-json\/wp\/v2\/product_brand?post=26293"},{"taxonomy":"product_cat","embeddable":true,"href":"https:\/\/jmmedicalec.com\/nuevo\/wp-json\/wp\/v2\/product_cat?post=26293"},{"taxonomy":"product_tag","embeddable":true,"href":"https:\/\/jmmedicalec.com\/nuevo\/wp-json\/wp\/v2\/product_tag?post=26293"}],"curies":[{"name":"wp","href":"https:\/\/api.w.org\/{rel}","templated":true}]}}