{"id":26294,"date":"2022-12-19T21:55:36","date_gmt":"2022-12-19T21:55:36","guid":{"rendered":"https:\/\/jmmedicalec.com\/nuevo\/?post_type=product&#038;p=26294"},"modified":"2026-03-23T20:53:12","modified_gmt":"2026-03-23T20:53:12","slug":"isla-de-equilibrio-color-azul-35cm","status":"publish","type":"product","link":"https:\/\/jmmedicalec.com\/nuevo\/product\/isla-de-equilibrio-color-azul-35cm\/","title":{"rendered":"ISLA DE EQUILIBRIO COLOR AZUL 35CM"},"content":{"rendered":"<p class=\"p2\">Se puede usar para practicar y reforzar la coordinaci\u00f3n, la propiocepci\u00f3n y el equilibrio. Se pueden llenar con agua o arena para pesarlas y aumentar su seguridad y estabilidad. Se pueden usar con el lado curvo hacia abajo como una tabla de equilibrio vestibular. La parte superior es un lado texturizado para la retroalimentaci\u00f3n t\u00e1ctil y la estimulaci\u00f3n.<span class=\"Apple-converted-space\">\u00a0<\/span><\/p>\n","protected":false},"excerpt":{"rendered":"<p class=\"p2\">Se puede usar para practicar y reforzar la coordinaci\u00f3n, la propiocepci\u00f3n y el equilibrio. Se pueden llenar con agua o arena para pesarlas y aumentar su seguridad y estabilidad. Se pueden usar con el lado curvo hacia abajo como una tabla de equilibrio vestibular. La parte superior es un lado texturizado para la retroalimentaci\u00f3n t\u00e1ctil y la estimulaci\u00f3n.<span class=\"Apple-converted-space\">\u00a0<\/span><\/p>\n","protected":false},"featured_media":26605,"comment_status":"open","ping_status":"closed","template":"","meta":{"_acf_changed":false},"product_brand":[],"product_cat":[253],"product_tag":[],"class_list":{"0":"post-26294","1":"product","2":"type-product","3":"status-publish","4":"has-post-thumbnail","6":"product_cat-mecanoterapia","8":"first","9":"instock","10":"taxable","11":"shipping-taxable","12":"purchasable","13":"product-type-simple"},"acf":[],"_links":{"self":[{"href":"https:\/\/jmmedicalec.com\/nuevo\/wp-json\/wp\/v2\/product\/26294","targetHints":{"allow":["GET"]}}],"collection":[{"href":"https:\/\/jmmedicalec.com\/nuevo\/wp-json\/wp\/v2\/product"}],"about":[{"href":"https:\/\/jmmedicalec.com\/nuevo\/wp-json\/wp\/v2\/types\/product"}],"replies":[{"embeddable":true,"href":"https:\/\/jmmedicalec.com\/nuevo\/wp-json\/wp\/v2\/comments?post=26294"}],"version-history":[{"count":1,"href":"https:\/\/jmmedicalec.com\/nuevo\/wp-json\/wp\/v2\/product\/26294\/revisions"}],"predecessor-version":[{"id":26656,"href":"https:\/\/jmmedicalec.com\/nuevo\/wp-json\/wp\/v2\/product\/26294\/revisions\/26656"}],"wp:featuredmedia":[{"embeddable":true,"href":"https:\/\/jmmedicalec.com\/nuevo\/wp-json\/wp\/v2\/media\/26605"}],"wp:attachment":[{"href":"https:\/\/jmmedicalec.com\/nuevo\/wp-json\/wp\/v2\/media?parent=26294"}],"wp:term":[{"taxonomy":"product_brand","embeddable":true,"href":"https:\/\/jmmedicalec.com\/nuevo\/wp-json\/wp\/v2\/product_brand?post=26294"},{"taxonomy":"product_cat","embeddable":true,"href":"https:\/\/jmmedicalec.com\/nuevo\/wp-json\/wp\/v2\/product_cat?post=26294"},{"taxonomy":"product_tag","embeddable":true,"href":"https:\/\/jmmedicalec.com\/nuevo\/wp-json\/wp\/v2\/product_tag?post=26294"}],"curies":[{"name":"wp","href":"https:\/\/api.w.org\/{rel}","templated":true}]}}