{"id":26298,"date":"2022-12-19T22:00:43","date_gmt":"2022-12-19T22:00:43","guid":{"rendered":"https:\/\/jmmedicalec.com\/nuevo\/?post_type=product&#038;p=26298"},"modified":"2026-03-23T20:31:01","modified_gmt":"2026-03-23T20:31:01","slug":"colchoneta-de-ejercicio-cando","status":"publish","type":"product","link":"https:\/\/jmmedicalec.com\/nuevo\/product\/colchoneta-de-ejercicio-cando\/","title":{"rendered":"COLCHONETA DE EJERCICIO CANDO"},"content":{"rendered":"<p class=\"p2\">Ligero, pero acolchado y fuerte, este tapete de 0.25 &#8220;de grosor ofrece un acolchado adicional con la conveniencia de ser lo suficientemente delgado como para enrollarlo y llevarlo a cualquier parte. Los tapetes se enrollan en un rollo compacto para caber en una bolsa de gimnasio. Los tapetes de yoga de resina ambiental de pol\u00edmero cumplen con la normativa europea Est\u00e1ndar de prueba de protecci\u00f3n ambiental. Sin ftalatos, dioxinas, furones, fenol o metales pesados. La superficie de la alfombrilla antideslizante ofrece tracci\u00f3n durante el ejercicio y evita que la alfombrilla se deslice sobre el piso.<span class=\"Apple-converted-space\">\u00a0<\/span><\/p>\n<p class=\"p2\">Medidas: <span class=\"s1\">173<\/span>cm de largo x 61cm de ancho x 0,63cm de grosor.<span class=\"Apple-converted-space\">\u00a0<\/span><\/p>\n","protected":false},"excerpt":{"rendered":"<p class=\"p2\">Ligero, pero acolchado y fuerte, este tapete de 0.25 &#8220;de grosor ofrece un acolchado adicional con la conveniencia de ser lo suficientemente delgado como para enrollarlo y llevarlo a cualquier parte. Los tapetes se enrollan en un rollo compacto para caber en una bolsa de gimnasio. Los tapetes de yoga de resina ambiental de pol\u00edmero cumplen con la normativa europea Est\u00e1ndar de prueba de protecci\u00f3n ambiental. Sin ftalatos, dioxinas, furones, fenol o metales pesados. La superficie de la alfombrilla antideslizante ofrece tracci\u00f3n durante el ejercicio y evita que la alfombrilla se deslice sobre el piso.<span class=\"Apple-converted-space\">\u00a0<\/span><\/p>\n<p class=\"p2\">Medidas: <span class=\"s1\">173<\/span>cm de largo x 61cm de ancho x 0,63cm de grosor.<span class=\"Apple-converted-space\">\u00a0<\/span><\/p>\n","protected":false},"featured_media":26631,"comment_status":"open","ping_status":"closed","template":"","meta":{"_acf_changed":false},"product_brand":[],"product_cat":[253],"product_tag":[],"class_list":{"0":"post-26298","1":"product","2":"type-product","3":"status-publish","4":"has-post-thumbnail","6":"product_cat-mecanoterapia","8":"first","9":"instock","10":"taxable","11":"shipping-taxable","12":"purchasable","13":"product-type-simple"},"acf":[],"_links":{"self":[{"href":"https:\/\/jmmedicalec.com\/nuevo\/wp-json\/wp\/v2\/product\/26298","targetHints":{"allow":["GET"]}}],"collection":[{"href":"https:\/\/jmmedicalec.com\/nuevo\/wp-json\/wp\/v2\/product"}],"about":[{"href":"https:\/\/jmmedicalec.com\/nuevo\/wp-json\/wp\/v2\/types\/product"}],"replies":[{"embeddable":true,"href":"https:\/\/jmmedicalec.com\/nuevo\/wp-json\/wp\/v2\/comments?post=26298"}],"version-history":[{"count":1,"href":"https:\/\/jmmedicalec.com\/nuevo\/wp-json\/wp\/v2\/product\/26298\/revisions"}],"predecessor-version":[{"id":26651,"href":"https:\/\/jmmedicalec.com\/nuevo\/wp-json\/wp\/v2\/product\/26298\/revisions\/26651"}],"wp:featuredmedia":[{"embeddable":true,"href":"https:\/\/jmmedicalec.com\/nuevo\/wp-json\/wp\/v2\/media\/26631"}],"wp:attachment":[{"href":"https:\/\/jmmedicalec.com\/nuevo\/wp-json\/wp\/v2\/media?parent=26298"}],"wp:term":[{"taxonomy":"product_brand","embeddable":true,"href":"https:\/\/jmmedicalec.com\/nuevo\/wp-json\/wp\/v2\/product_brand?post=26298"},{"taxonomy":"product_cat","embeddable":true,"href":"https:\/\/jmmedicalec.com\/nuevo\/wp-json\/wp\/v2\/product_cat?post=26298"},{"taxonomy":"product_tag","embeddable":true,"href":"https:\/\/jmmedicalec.com\/nuevo\/wp-json\/wp\/v2\/product_tag?post=26298"}],"curies":[{"name":"wp","href":"https:\/\/api.w.org\/{rel}","templated":true}]}}