{"id":26299,"date":"2022-12-19T22:01:49","date_gmt":"2022-12-19T22:01:49","guid":{"rendered":"https:\/\/jmmedicalec.com\/nuevo\/?post_type=product&#038;p=26299"},"modified":"2026-03-23T20:30:33","modified_gmt":"2026-03-23T20:30:33","slug":"polea-de-hombro-cando-polea-doble-con-soporte-de-puerta","status":"publish","type":"product","link":"https:\/\/jmmedicalec.com\/nuevo\/product\/polea-de-hombro-cando-polea-doble-con-soporte-de-puerta\/","title":{"rendered":"POLEA DE HOMBRO CANDO &#8211; POLEA DOBLE CON SOPORTE DE PUERTA"},"content":{"rendered":"<p class=\"p2\">La polea de hombro para puerta superior CanDo deluxe se utiliza para aumentar el rango de movimiento. El ejercitador de lujo tiene 2 poleas y soporte para una operaci\u00f3n suave y f\u00e1cil. El ejercitador port\u00e1til se puede transportar y colocar f\u00e1cilmente en la mayor\u00eda de las puertas. Cada polea tiene un gancho giratorio para una acci\u00f3n de polea sin costuras y asas grandes de espuma para un agarre c\u00f3modo. La cuerda extra larga se puede utilizar en posici\u00f3n de pie o sentada. Cada ejercitador viene de serie con un folleto de instrucciones.<span class=\"Apple-converted-space\">\u00a0<\/span><\/p>\n","protected":false},"excerpt":{"rendered":"<p class=\"p2\">La polea de hombro para puerta superior CanDo deluxe se utiliza para aumentar el rango de movimiento. El ejercitador de lujo tiene 2 poleas y soporte para una operaci\u00f3n suave y f\u00e1cil. El ejercitador port\u00e1til se puede transportar y colocar f\u00e1cilmente en la mayor\u00eda de las puertas. Cada polea tiene un gancho giratorio para una acci\u00f3n de polea sin costuras y asas grandes de espuma para un agarre c\u00f3modo. La cuerda extra larga se puede utilizar en posici\u00f3n de pie o sentada. Cada ejercitador viene de serie con un folleto de instrucciones.<span class=\"Apple-converted-space\">\u00a0<\/span><\/p>\n","protected":false},"featured_media":26616,"comment_status":"open","ping_status":"closed","template":"","meta":{"_acf_changed":false},"product_brand":[],"product_cat":[253],"product_tag":[],"class_list":{"0":"post-26299","1":"product","2":"type-product","3":"status-publish","4":"has-post-thumbnail","6":"product_cat-mecanoterapia","8":"first","9":"instock","10":"taxable","11":"shipping-taxable","12":"purchasable","13":"product-type-simple"},"acf":[],"_links":{"self":[{"href":"https:\/\/jmmedicalec.com\/nuevo\/wp-json\/wp\/v2\/product\/26299","targetHints":{"allow":["GET"]}}],"collection":[{"href":"https:\/\/jmmedicalec.com\/nuevo\/wp-json\/wp\/v2\/product"}],"about":[{"href":"https:\/\/jmmedicalec.com\/nuevo\/wp-json\/wp\/v2\/types\/product"}],"replies":[{"embeddable":true,"href":"https:\/\/jmmedicalec.com\/nuevo\/wp-json\/wp\/v2\/comments?post=26299"}],"version-history":[{"count":1,"href":"https:\/\/jmmedicalec.com\/nuevo\/wp-json\/wp\/v2\/product\/26299\/revisions"}],"predecessor-version":[{"id":26652,"href":"https:\/\/jmmedicalec.com\/nuevo\/wp-json\/wp\/v2\/product\/26299\/revisions\/26652"}],"wp:featuredmedia":[{"embeddable":true,"href":"https:\/\/jmmedicalec.com\/nuevo\/wp-json\/wp\/v2\/media\/26616"}],"wp:attachment":[{"href":"https:\/\/jmmedicalec.com\/nuevo\/wp-json\/wp\/v2\/media?parent=26299"}],"wp:term":[{"taxonomy":"product_brand","embeddable":true,"href":"https:\/\/jmmedicalec.com\/nuevo\/wp-json\/wp\/v2\/product_brand?post=26299"},{"taxonomy":"product_cat","embeddable":true,"href":"https:\/\/jmmedicalec.com\/nuevo\/wp-json\/wp\/v2\/product_cat?post=26299"},{"taxonomy":"product_tag","embeddable":true,"href":"https:\/\/jmmedicalec.com\/nuevo\/wp-json\/wp\/v2\/product_tag?post=26299"}],"curies":[{"name":"wp","href":"https:\/\/api.w.org\/{rel}","templated":true}]}}