{"id":26300,"date":"2022-12-19T22:02:43","date_gmt":"2022-12-19T22:02:43","guid":{"rendered":"https:\/\/jmmedicalec.com\/nuevo\/?post_type=product&#038;p=26300"},"modified":"2023-01-25T19:54:06","modified_gmt":"2023-01-25T19:54:06","slug":"polea-de-hombro-cando-polea-simple-con-disco-de-puerta","status":"publish","type":"product","link":"https:\/\/jmmedicalec.com\/nuevo\/product\/polea-de-hombro-cando-polea-simple-con-disco-de-puerta\/","title":{"rendered":"POLEA DE HOMBRO CANDO &#8211; POLEA SIMPLE CON DISCO DE PUERTA"},"content":{"rendered":"<p class=\"p2\">La polea de hombro de CanDo con polea simple y anclaje de disco de puerta se utiliza para aumentar el rango de movimiento. La polea con anclaje de disco para puerta es una soluci\u00f3n de polea de hombro de alta resistencia. Cada polea tiene un gancho giratorio para una acci\u00f3n de polea sin costuras y asas grandes de espuma para un agarre c\u00f3modo. La cuerda extra larga se puede utilizar en posici\u00f3n de pie o sentada. Cada ejercitador viene de serie con un folleto de instrucciones.<span class=\"Apple-converted-space\">\u00a0<\/span><\/p>\n","protected":false},"excerpt":{"rendered":"<p class=\"p2\">La polea de hombro de CanDo con polea simple y anclaje de disco de puerta se utiliza para aumentar el rango de movimiento. La polea con anclaje de disco para puerta es una soluci\u00f3n de polea de hombro de alta resistencia. Cada polea tiene un gancho giratorio para una acci\u00f3n de polea sin costuras y asas grandes de espuma para un agarre c\u00f3modo. La cuerda extra larga se puede utilizar en posici\u00f3n de pie o sentada. Cada ejercitador viene de serie con un folleto de instrucciones.<span class=\"Apple-converted-space\">\u00a0<\/span><\/p>\n","protected":false},"featured_media":26617,"comment_status":"open","ping_status":"closed","template":"","meta":{"_acf_changed":false},"product_brand":[],"product_cat":[253],"product_tag":[],"class_list":{"0":"post-26300","1":"product","2":"type-product","3":"status-publish","4":"has-post-thumbnail","6":"product_cat-mecanoterapia","8":"first","9":"instock","10":"taxable","11":"shipping-taxable","12":"product-type-simple"},"acf":[],"_links":{"self":[{"href":"https:\/\/jmmedicalec.com\/nuevo\/wp-json\/wp\/v2\/product\/26300","targetHints":{"allow":["GET"]}}],"collection":[{"href":"https:\/\/jmmedicalec.com\/nuevo\/wp-json\/wp\/v2\/product"}],"about":[{"href":"https:\/\/jmmedicalec.com\/nuevo\/wp-json\/wp\/v2\/types\/product"}],"replies":[{"embeddable":true,"href":"https:\/\/jmmedicalec.com\/nuevo\/wp-json\/wp\/v2\/comments?post=26300"}],"version-history":[{"count":1,"href":"https:\/\/jmmedicalec.com\/nuevo\/wp-json\/wp\/v2\/product\/26300\/revisions"}],"predecessor-version":[{"id":26650,"href":"https:\/\/jmmedicalec.com\/nuevo\/wp-json\/wp\/v2\/product\/26300\/revisions\/26650"}],"wp:featuredmedia":[{"embeddable":true,"href":"https:\/\/jmmedicalec.com\/nuevo\/wp-json\/wp\/v2\/media\/26617"}],"wp:attachment":[{"href":"https:\/\/jmmedicalec.com\/nuevo\/wp-json\/wp\/v2\/media?parent=26300"}],"wp:term":[{"taxonomy":"product_brand","embeddable":true,"href":"https:\/\/jmmedicalec.com\/nuevo\/wp-json\/wp\/v2\/product_brand?post=26300"},{"taxonomy":"product_cat","embeddable":true,"href":"https:\/\/jmmedicalec.com\/nuevo\/wp-json\/wp\/v2\/product_cat?post=26300"},{"taxonomy":"product_tag","embeddable":true,"href":"https:\/\/jmmedicalec.com\/nuevo\/wp-json\/wp\/v2\/product_tag?post=26300"}],"curies":[{"name":"wp","href":"https:\/\/api.w.org\/{rel}","templated":true}]}}