{"id":26306,"date":"2022-12-19T22:13:58","date_gmt":"2022-12-19T22:13:58","guid":{"rendered":"https:\/\/jmmedicalec.com\/nuevo\/?post_type=product&#038;p=26306"},"modified":"2023-01-25T22:39:11","modified_gmt":"2023-01-25T22:39:11","slug":"pedal-magnetico-para-miembros-superiores-o-inferiores","status":"publish","type":"product","link":"https:\/\/jmmedicalec.com\/nuevo\/product\/pedal-magnetico-para-miembros-superiores-o-inferiores\/","title":{"rendered":"PEDAL MAGN\u00c9TICO PARA MIEMBROS SUPERIORES O INFERIORES"},"content":{"rendered":"<p class=\"p2\">Ideal para aumentar la fuerza muscular, mejorar el rango de movimiento, desarrollar la coordinaci\u00f3n y mejorar la circulaci\u00f3n. El usuario utiliza resistencia magn\u00e9tica para permitir un funcionamiento suave y silencioso<span class=\"s1\">. <\/span>Bidireccional. Pantalla<span class=\"Apple-converted-space\">\u00a0<\/span>LCD digital realiza un seguimiento de la cantidad de ejercicio realizado, que incluye: RPM, conteo de pedales, conteo de tiempo, conteo de calor\u00edas y escaneo.<span class=\"Apple-converted-space\">\u00a0<\/span><\/p>\n","protected":false},"excerpt":{"rendered":"<p class=\"p2\">Ideal para aumentar la fuerza muscular, mejorar el rango de movimiento, desarrollar la coordinaci\u00f3n y mejorar la circulaci\u00f3n. El usuario utiliza resistencia magn\u00e9tica para permitir un funcionamiento suave y silencioso<span class=\"s1\">. <\/span>Bidireccional. Pantalla LCD digital realiza un seguimiento de la cantidad de ejercicio realizado, que incluye: RPM, conteo de pedales, conteo de tiempo, conteo de calor\u00edas y escaneo.<\/p>\n","protected":false},"featured_media":26609,"comment_status":"open","ping_status":"closed","template":"","meta":{"_acf_changed":false},"product_brand":[],"product_cat":[253],"product_tag":[],"class_list":{"0":"post-26306","1":"product","2":"type-product","3":"status-publish","4":"has-post-thumbnail","6":"product_cat-mecanoterapia","8":"first","9":"instock","10":"taxable","11":"shipping-taxable","12":"product-type-simple"},"acf":[],"_links":{"self":[{"href":"https:\/\/jmmedicalec.com\/nuevo\/wp-json\/wp\/v2\/product\/26306","targetHints":{"allow":["GET"]}}],"collection":[{"href":"https:\/\/jmmedicalec.com\/nuevo\/wp-json\/wp\/v2\/product"}],"about":[{"href":"https:\/\/jmmedicalec.com\/nuevo\/wp-json\/wp\/v2\/types\/product"}],"replies":[{"embeddable":true,"href":"https:\/\/jmmedicalec.com\/nuevo\/wp-json\/wp\/v2\/comments?post=26306"}],"version-history":[{"count":2,"href":"https:\/\/jmmedicalec.com\/nuevo\/wp-json\/wp\/v2\/product\/26306\/revisions"}],"predecessor-version":[{"id":26750,"href":"https:\/\/jmmedicalec.com\/nuevo\/wp-json\/wp\/v2\/product\/26306\/revisions\/26750"}],"wp:featuredmedia":[{"embeddable":true,"href":"https:\/\/jmmedicalec.com\/nuevo\/wp-json\/wp\/v2\/media\/26609"}],"wp:attachment":[{"href":"https:\/\/jmmedicalec.com\/nuevo\/wp-json\/wp\/v2\/media?parent=26306"}],"wp:term":[{"taxonomy":"product_brand","embeddable":true,"href":"https:\/\/jmmedicalec.com\/nuevo\/wp-json\/wp\/v2\/product_brand?post=26306"},{"taxonomy":"product_cat","embeddable":true,"href":"https:\/\/jmmedicalec.com\/nuevo\/wp-json\/wp\/v2\/product_cat?post=26306"},{"taxonomy":"product_tag","embeddable":true,"href":"https:\/\/jmmedicalec.com\/nuevo\/wp-json\/wp\/v2\/product_tag?post=26306"}],"curies":[{"name":"wp","href":"https:\/\/api.w.org\/{rel}","templated":true}]}}