{"id":26307,"date":"2022-12-19T22:14:52","date_gmt":"2022-12-19T22:14:52","guid":{"rendered":"https:\/\/jmmedicalec.com\/nuevo\/?post_type=product&#038;p=26307"},"modified":"2023-01-25T22:38:27","modified_gmt":"2023-01-25T22:38:27","slug":"rueda-de-hombro-digital","status":"publish","type":"product","link":"https:\/\/jmmedicalec.com\/nuevo\/product\/rueda-de-hombro-digital\/","title":{"rendered":"RUEDA DE HOMBRO DIGITAL"},"content":{"rendered":"<ul>\n<li class=\"p2\">Aparato para ejercitar los hombros.<span class=\"Apple-converted-space\">\u00a0<\/span><\/li>\n<li class=\"p2\">Dispositivo perfecto para aumentar la amplitud de movimientos de la articulaci\u00f3n del hombro, el fortalecimiento del m\u00fasculo y mejorar la circulaci\u00f3n.<span class=\"Apple-converted-space\">\u00a0<\/span><\/li>\n<li class=\"p2\">Construido con una base de acero para asegurar el <b>montaje en la pared.<span class=\"Apple-converted-space\">\u00a0<\/span><\/b><\/li>\n<li class=\"p2\"><b>Pantalla LCD de 5 funciones <\/b>autom\u00e1ticas.<span class=\"Apple-converted-space\">\u00a0<\/span><\/li>\n<li class=\"p2\">Indica el recuento de zancadas, zancadas por minuto, tiempo, calor\u00edas y exploraci\u00f3n de todas las funciones.<span class=\"Apple-converted-space\">\u00a0<\/span><\/li>\n<li class=\"p2\">Permite el ejercicio en ambas direcciones.<span class=\"Apple-converted-space\">\u00a0<\/span><\/li>\n<li class=\"p2\">Altura regulable permite ejercicios sentado o de pie.<span class=\"Apple-converted-space\">\u00a0<\/span><\/li>\n<li class=\"p2\">Perif\u00e9rico de montaje de pared.<span class=\"Apple-converted-space\">\u00a0<\/span><\/li>\n<\/ul>\n","protected":false},"excerpt":{"rendered":"<ul>\n<li class=\"p2\">Aparato para ejercitar los hombros.<\/li>\n<li class=\"p2\">Dispositivo perfecto para aumentar la amplitud de movimientos de la articulaci\u00f3n del hombro, el fortalecimiento del m\u00fasculo y mejorar la circulaci\u00f3n.<\/li>\n<li class=\"p2\">Construido con una base de acero para asegurar el <b>montaje en la pared. <\/b><\/li>\n<li class=\"p2\"><b>Pantalla LCD de 5 funciones <\/b>autom\u00e1ticas.<\/li>\n<li class=\"p2\">Indica el recuento de zancadas, zancadas por minuto, tiempo, calor\u00edas y exploraci\u00f3n de todas las funciones.<\/li>\n<li class=\"p2\">Permite el ejercicio en ambas direcciones.<\/li>\n<li class=\"p2\">Altura regulable permite ejercicios sentado o de pie.<\/li>\n<li class=\"p2\">Perif\u00e9rico de montaje de pared.<\/li>\n<\/ul>\n","protected":false},"featured_media":26624,"comment_status":"open","ping_status":"closed","template":"","meta":{"_acf_changed":false},"product_brand":[],"product_cat":[253],"product_tag":[],"class_list":{"0":"post-26307","1":"product","2":"type-product","3":"status-publish","4":"has-post-thumbnail","6":"product_cat-mecanoterapia","8":"first","9":"instock","10":"taxable","11":"shipping-taxable","12":"product-type-simple"},"acf":[],"_links":{"self":[{"href":"https:\/\/jmmedicalec.com\/nuevo\/wp-json\/wp\/v2\/product\/26307","targetHints":{"allow":["GET"]}}],"collection":[{"href":"https:\/\/jmmedicalec.com\/nuevo\/wp-json\/wp\/v2\/product"}],"about":[{"href":"https:\/\/jmmedicalec.com\/nuevo\/wp-json\/wp\/v2\/types\/product"}],"replies":[{"embeddable":true,"href":"https:\/\/jmmedicalec.com\/nuevo\/wp-json\/wp\/v2\/comments?post=26307"}],"version-history":[{"count":3,"href":"https:\/\/jmmedicalec.com\/nuevo\/wp-json\/wp\/v2\/product\/26307\/revisions"}],"predecessor-version":[{"id":26749,"href":"https:\/\/jmmedicalec.com\/nuevo\/wp-json\/wp\/v2\/product\/26307\/revisions\/26749"}],"wp:featuredmedia":[{"embeddable":true,"href":"https:\/\/jmmedicalec.com\/nuevo\/wp-json\/wp\/v2\/media\/26624"}],"wp:attachment":[{"href":"https:\/\/jmmedicalec.com\/nuevo\/wp-json\/wp\/v2\/media?parent=26307"}],"wp:term":[{"taxonomy":"product_brand","embeddable":true,"href":"https:\/\/jmmedicalec.com\/nuevo\/wp-json\/wp\/v2\/product_brand?post=26307"},{"taxonomy":"product_cat","embeddable":true,"href":"https:\/\/jmmedicalec.com\/nuevo\/wp-json\/wp\/v2\/product_cat?post=26307"},{"taxonomy":"product_tag","embeddable":true,"href":"https:\/\/jmmedicalec.com\/nuevo\/wp-json\/wp\/v2\/product_tag?post=26307"}],"curies":[{"name":"wp","href":"https:\/\/api.w.org\/{rel}","templated":true}]}}