{"id":26320,"date":"2022-12-19T22:30:23","date_gmt":"2022-12-19T22:30:23","guid":{"rendered":"https:\/\/jmmedicalec.com\/nuevo\/?post_type=product&#038;p=26320"},"modified":"2023-01-25T23:18:46","modified_gmt":"2023-01-25T23:18:46","slug":"camilla-de-exploracion-electrica","status":"publish","type":"product","link":"https:\/\/jmmedicalec.com\/nuevo\/product\/camilla-de-exploracion-electrica\/","title":{"rendered":"CAMILLA DE EXPLORACI\u00d3N EL\u00c9CTRICA"},"content":{"rendered":"<ul>\n<li class=\"p2\">CAMILLA EL\u00c9CTRICA DOS SECCIONES.<\/li>\n<li class=\"p2\">FABRICADA EN ACERO ISO PARA SU ESTRUCTURA.<\/li>\n<li class=\"p2\">SISTEMA DE AUTOMATIZACI\u00d3N EL\u00c9CTRICO QUE CONSTA DE UN ACTIVADOR LINEAL DE 6000N CON PROTECCI\u00d3N IP 54.<\/li>\n<li class=\"p2\">CAJA DE CONTROL Y CONTRO TIPO TEL\u00c9FONO INCORPORADO EN LA CAMILLA.<\/li>\n<li class=\"p2\">GRADUACI\u00d3N DE ESPALDAR NEUM\u00c1TICO.<\/li>\n<li class=\"p2\">SISTEMA DE RUEDAS RETR\u00c1CTILES QUE PERMITEN SU F\u00c1CIL MOVILIDAD.<\/li>\n<li class=\"p2\">REGULACI\u00d3N DE ALTURA ELECTR\u00d3NICA.<\/li>\n<\/ul>\n","protected":false},"excerpt":{"rendered":"<ul>\n<li class=\"p2\">CAMILLA EL\u00c9CTRICA DOS SECCIONES.<\/li>\n<li class=\"p2\">FABRICADA EN ACERO ISO PARA SU ESTRUCTURA.<\/li>\n<li class=\"p2\">SISTEMA DE AUTOMATIZACI\u00d3N EL\u00c9CTRICO QUE CONSTA DE UN ACTIVADOR LINEAL DE 6000N CON PROTECCI\u00d3N IP 54.<\/li>\n<li class=\"p2\">CAJA DE CONTROL Y CONTRO TIPO TEL\u00c9FONO INCORPORADO EN LA CAMILLA.<\/li>\n<li class=\"p2\">GRADUACI\u00d3N DE ESPALDAR NEUM\u00c1TICO.<\/li>\n<li class=\"p2\">SISTEMA DE RUEDAS RETR\u00c1CTILES QUE PERMITEN SU F\u00c1CIL MOVILIDAD.<\/li>\n<li class=\"p2\">REGULACI\u00d3N DE ALTURA ELECTR\u00d3NICA.<\/li>\n<\/ul>\n","protected":false},"featured_media":26256,"comment_status":"open","ping_status":"closed","template":"","meta":{"_acf_changed":false},"product_brand":[],"product_cat":[254],"product_tag":[],"class_list":{"0":"post-26320","1":"product","2":"type-product","3":"status-publish","4":"has-post-thumbnail","6":"product_cat-mobiliario","8":"first","9":"instock","10":"taxable","11":"shipping-taxable","12":"product-type-simple"},"acf":[],"_links":{"self":[{"href":"https:\/\/jmmedicalec.com\/nuevo\/wp-json\/wp\/v2\/product\/26320","targetHints":{"allow":["GET"]}}],"collection":[{"href":"https:\/\/jmmedicalec.com\/nuevo\/wp-json\/wp\/v2\/product"}],"about":[{"href":"https:\/\/jmmedicalec.com\/nuevo\/wp-json\/wp\/v2\/types\/product"}],"replies":[{"embeddable":true,"href":"https:\/\/jmmedicalec.com\/nuevo\/wp-json\/wp\/v2\/comments?post=26320"}],"version-history":[{"count":3,"href":"https:\/\/jmmedicalec.com\/nuevo\/wp-json\/wp\/v2\/product\/26320\/revisions"}],"predecessor-version":[{"id":26766,"href":"https:\/\/jmmedicalec.com\/nuevo\/wp-json\/wp\/v2\/product\/26320\/revisions\/26766"}],"wp:featuredmedia":[{"embeddable":true,"href":"https:\/\/jmmedicalec.com\/nuevo\/wp-json\/wp\/v2\/media\/26256"}],"wp:attachment":[{"href":"https:\/\/jmmedicalec.com\/nuevo\/wp-json\/wp\/v2\/media?parent=26320"}],"wp:term":[{"taxonomy":"product_brand","embeddable":true,"href":"https:\/\/jmmedicalec.com\/nuevo\/wp-json\/wp\/v2\/product_brand?post=26320"},{"taxonomy":"product_cat","embeddable":true,"href":"https:\/\/jmmedicalec.com\/nuevo\/wp-json\/wp\/v2\/product_cat?post=26320"},{"taxonomy":"product_tag","embeddable":true,"href":"https:\/\/jmmedicalec.com\/nuevo\/wp-json\/wp\/v2\/product_tag?post=26320"}],"curies":[{"name":"wp","href":"https:\/\/api.w.org\/{rel}","templated":true}]}}