{"id":26327,"date":"2022-12-19T22:38:21","date_gmt":"2022-12-19T22:38:21","guid":{"rendered":"https:\/\/jmmedicalec.com\/nuevo\/?post_type=product&#038;p=26327"},"modified":"2023-01-25T23:33:50","modified_gmt":"2023-01-25T23:33:50","slug":"bicicleta-estatica-vertical","status":"publish","type":"product","link":"https:\/\/jmmedicalec.com\/nuevo\/product\/bicicleta-estatica-vertical\/","title":{"rendered":"BICICLETA ESTATICA VERTICAL"},"content":{"rendered":"<ul>\n<li>PANEL DE CONTROL DIGITAL CON PANTALLA LCD<\/li>\n<li>SISTEMA MAGN\u00c9TICO DE RESISTENCIA LO QUE HACE MAS F\u00c1CIL SU OPERACI\u00d3N<\/li>\n<li>ESTRUCTURA DE METAL<\/li>\n<li>REGULACI\u00d3N DE LA RESISTENCIA MEDIANTE UNA PALANCA DE 8 POSICIONES DE MENOS A M\u00c1S<\/li>\n<li>MANUBRIO ERGON\u00d3MICO DE POSICION REGULABLE<\/li>\n<li>ASIENTO REGULABLE EN SU ALTURA<\/li>\n<li>INDICACI\u00d3N DE LOS SIGUIENTES PAR\u00c1METROS: VELOCIDAD &#8211; DISTANCIA &#8211; CALORIAS CONSUMIDAS &#8211; PULSO (FRECUENCIA CARDIACA)<\/li>\n<li>PANEL FUNCIONA CON DOS BATERIAS TIPO &#8220;AA&#8221;<\/li>\n<\/ul>\n","protected":false},"excerpt":{"rendered":"<ul>\n<li>PANEL DE CONTROL DIGITAL CON PANTALLA LCD<\/li>\n<li>SISTEMA MAGN\u00c9TICO DE RESISTENCIA LO QUE HACE MAS F\u00c1CIL SU OPERACI\u00d3N<\/li>\n<li>ESTRUCTURA DE METAL<\/li>\n<li>REGULACI\u00d3N DE LA RESISTENCIA MEDIANTE UNA PALANCA DE 8 POSICIONES DE MENOS A M\u00c1S<\/li>\n<li>MANUBRIO ERGON\u00d3MICO DE POSICION REGULABLE<\/li>\n<li>ASIENTO REGULABLE EN SU ALTURA<\/li>\n<li>INDICACI\u00d3N DE LOS SIGUIENTES PAR\u00c1METROS: VELOCIDAD &#8211; DISTANCIA &#8211; CALORIAS CONSUMIDAS &#8211; PULSO (FRECUENCIA CARDIACA)<\/li>\n<li>PANEL FUNCIONA CON DOS BATERIAS TIPO &#8220;AA&#8221;<\/li>\n<\/ul>\n","protected":false},"featured_media":26161,"comment_status":"open","ping_status":"closed","template":"","meta":{"_acf_changed":false},"product_brand":[],"product_cat":[255],"product_tag":[],"class_list":{"0":"post-26327","1":"product","2":"type-product","3":"status-publish","4":"has-post-thumbnail","6":"product_cat-gimnasio","8":"first","9":"instock","10":"taxable","11":"shipping-taxable","12":"product-type-simple"},"acf":[],"_links":{"self":[{"href":"https:\/\/jmmedicalec.com\/nuevo\/wp-json\/wp\/v2\/product\/26327","targetHints":{"allow":["GET"]}}],"collection":[{"href":"https:\/\/jmmedicalec.com\/nuevo\/wp-json\/wp\/v2\/product"}],"about":[{"href":"https:\/\/jmmedicalec.com\/nuevo\/wp-json\/wp\/v2\/types\/product"}],"replies":[{"embeddable":true,"href":"https:\/\/jmmedicalec.com\/nuevo\/wp-json\/wp\/v2\/comments?post=26327"}],"version-history":[{"count":2,"href":"https:\/\/jmmedicalec.com\/nuevo\/wp-json\/wp\/v2\/product\/26327\/revisions"}],"predecessor-version":[{"id":26776,"href":"https:\/\/jmmedicalec.com\/nuevo\/wp-json\/wp\/v2\/product\/26327\/revisions\/26776"}],"wp:featuredmedia":[{"embeddable":true,"href":"https:\/\/jmmedicalec.com\/nuevo\/wp-json\/wp\/v2\/media\/26161"}],"wp:attachment":[{"href":"https:\/\/jmmedicalec.com\/nuevo\/wp-json\/wp\/v2\/media?parent=26327"}],"wp:term":[{"taxonomy":"product_brand","embeddable":true,"href":"https:\/\/jmmedicalec.com\/nuevo\/wp-json\/wp\/v2\/product_brand?post=26327"},{"taxonomy":"product_cat","embeddable":true,"href":"https:\/\/jmmedicalec.com\/nuevo\/wp-json\/wp\/v2\/product_cat?post=26327"},{"taxonomy":"product_tag","embeddable":true,"href":"https:\/\/jmmedicalec.com\/nuevo\/wp-json\/wp\/v2\/product_tag?post=26327"}],"curies":[{"name":"wp","href":"https:\/\/api.w.org\/{rel}","templated":true}]}}