{"id":26332,"date":"2022-12-19T22:45:20","date_gmt":"2022-12-19T22:45:20","guid":{"rendered":"https:\/\/jmmedicalec.com\/nuevo\/?post_type=product&#038;p=26332"},"modified":"2023-01-25T23:28:46","modified_gmt":"2023-01-25T23:28:46","slug":"multifuerzas-1-persona","status":"publish","type":"product","link":"https:\/\/jmmedicalec.com\/nuevo\/product\/multifuerzas-1-persona\/","title":{"rendered":"MULTIFUERZAS 1 PERSONA"},"content":{"rendered":"<p class=\"p2\">Cuenta con 6 estaciones de entrenamiento:<\/p>\n<ul>\n<li class=\"p2\">Polea baja que ofrece una variedad de ejercicios para fortalecer y tonificar los b\u00edceps, deltoides, tr\u00edceps, antebrazo y m\u00e1s<\/li>\n<li class=\"p2\">Fly de pecho para desarrollar los m\u00fasculos del pecho y hombros, incluyendo mayores y menores pectorales y deltoides anteriores<\/li>\n<li class=\"p2\">Cuatro rodillos de piernas para tonificar la parte inferior del cuerpo<\/li>\n<li class=\"p2\">Almohadilla de predicador que asegura la forma apropiada para resultados m\u00e1s r\u00e1pidos de brazos<\/li>\n<li class=\"p2\">Correa de tobillo para ejercitar los m\u00fasculos espec\u00edficos de las piernas<\/li>\n<li class=\"p2\">Peso m\u00e1ximo de resistencia 214 libras<\/li>\n<li class=\"p2\">Peso de pila 110 libras<span class=\"Apple-converted-space\">\u00a0<\/span><\/li>\n<\/ul>\n","protected":false},"excerpt":{"rendered":"<p class=\"p2\">Cuenta con 6 estaciones de entrenamiento:<\/p>\n<ul>\n<li class=\"p2\">Polea baja que ofrece una variedad de ejercicios para fortalecer y tonificar los b\u00edceps, deltoides, tr\u00edceps, antebrazo y m\u00e1s<\/li>\n<li class=\"p2\">Fly de pecho para desarrollar los m\u00fasculos del pecho y hombros, incluyendo mayores y menores pectorales y deltoides anteriores<\/li>\n<li class=\"p2\">Cuatro rodillos de piernas para tonificar la parte inferior del cuerpo<\/li>\n<li class=\"p2\">Almohadilla de predicador que asegura la forma apropiada para resultados m\u00e1s r\u00e1pidos de brazos<\/li>\n<li class=\"p2\">Correa de tobillo para ejercitar los m\u00fasculos espec\u00edficos de las piernas<\/li>\n<li class=\"p2\">Peso m\u00e1ximo de resistencia 214 libras<\/li>\n<li class=\"p2\">Peso de pila 110 libras<\/li>\n<\/ul>\n","protected":false},"featured_media":26154,"comment_status":"open","ping_status":"closed","template":"","meta":{"_acf_changed":false},"product_brand":[],"product_cat":[255],"product_tag":[],"class_list":{"0":"post-26332","1":"product","2":"type-product","3":"status-publish","4":"has-post-thumbnail","6":"product_cat-gimnasio","8":"first","9":"instock","10":"taxable","11":"shipping-taxable","12":"product-type-simple"},"acf":[],"_links":{"self":[{"href":"https:\/\/jmmedicalec.com\/nuevo\/wp-json\/wp\/v2\/product\/26332","targetHints":{"allow":["GET"]}}],"collection":[{"href":"https:\/\/jmmedicalec.com\/nuevo\/wp-json\/wp\/v2\/product"}],"about":[{"href":"https:\/\/jmmedicalec.com\/nuevo\/wp-json\/wp\/v2\/types\/product"}],"replies":[{"embeddable":true,"href":"https:\/\/jmmedicalec.com\/nuevo\/wp-json\/wp\/v2\/comments?post=26332"}],"version-history":[{"count":2,"href":"https:\/\/jmmedicalec.com\/nuevo\/wp-json\/wp\/v2\/product\/26332\/revisions"}],"predecessor-version":[{"id":26772,"href":"https:\/\/jmmedicalec.com\/nuevo\/wp-json\/wp\/v2\/product\/26332\/revisions\/26772"}],"wp:featuredmedia":[{"embeddable":true,"href":"https:\/\/jmmedicalec.com\/nuevo\/wp-json\/wp\/v2\/media\/26154"}],"wp:attachment":[{"href":"https:\/\/jmmedicalec.com\/nuevo\/wp-json\/wp\/v2\/media?parent=26332"}],"wp:term":[{"taxonomy":"product_brand","embeddable":true,"href":"https:\/\/jmmedicalec.com\/nuevo\/wp-json\/wp\/v2\/product_brand?post=26332"},{"taxonomy":"product_cat","embeddable":true,"href":"https:\/\/jmmedicalec.com\/nuevo\/wp-json\/wp\/v2\/product_cat?post=26332"},{"taxonomy":"product_tag","embeddable":true,"href":"https:\/\/jmmedicalec.com\/nuevo\/wp-json\/wp\/v2\/product_tag?post=26332"}],"curies":[{"name":"wp","href":"https:\/\/api.w.org\/{rel}","templated":true}]}}