{"id":26347,"date":"2022-12-19T23:11:10","date_gmt":"2022-12-19T23:11:10","guid":{"rendered":"https:\/\/jmmedicalec.com\/nuevo\/?post_type=product&#038;p=26347"},"modified":"2023-01-25T23:57:51","modified_gmt":"2023-01-25T23:57:51","slug":"pistola-percutor-de-30-velocidades","status":"publish","type":"product","link":"https:\/\/jmmedicalec.com\/nuevo\/product\/pistola-percutor-de-30-velocidades\/","title":{"rendered":"PISTOLA PERCUTOR DE 30 VELOCIDADES"},"content":{"rendered":"<ul>\n<li class=\"p2\">30 velocidades para que puedas ajustar la velocidad que quieras, d\u00e1ndote un masaje m\u00e1s c\u00f3modo<span class=\"Apple-converted-space\">\u00a0<\/span><\/li>\n<li class=\"p2\">La bater\u00eda recargable de iones de litio de 2500 mAh ofrece un largo tiempo de funcionamiento (m\u00e1s de 6 horas). Cuando la pantalla en el lado derecho de la pantalla muestra 10 o 99 significa que la energ\u00eda de la bater\u00eda est\u00e1 llena. Y con el fin de proteger la bater\u00eda, el masajeador se apagar\u00e1 autom\u00e1ticamente cuando funcione durante m\u00e1s de 20 minutos. Solo tienes que encenderla de nuevo si todav\u00eda lo necesitas<span class=\"Apple-converted-space\">\u00a0<\/span><\/li>\n<li class=\"p2\">Viene con cabezas diferentes, proporcionando un tratamiento espec\u00edfico para cada grupo muscular<span class=\"Apple-converted-space\">\u00a0<\/span><\/li>\n<li class=\"p2\">El ruido de trabajo es de s\u00f3lo 32 dB- 52 dB y velocidad desde 1100 a 3.600 rpm<span class=\"Apple-converted-space\">\u00a0<\/span><\/li>\n<li class=\"p3\">La maleta de transporte mantendr\u00e1 todo en su lugar. Puedes llevar el dispositivo a cualquier lugar con su maleta de transporte compacta<span class=\"Apple-converted-space\">\u00a0<\/span><\/li>\n<\/ul>\n","protected":false},"excerpt":{"rendered":"<ul>\n<li class=\"p2\">30 velocidades para que puedas ajustar la velocidad que quieras, d\u00e1ndote un masaje m\u00e1s c\u00f3modo<\/li>\n<li class=\"p2\">La bater\u00eda recargable de iones de litio de 2500 mAh ofrece un largo tiempo de funcionamiento (m\u00e1s de 6 horas). Cuando la pantalla en el lado derecho de la pantalla muestra 10 o 99 significa que la energ\u00eda de la bater\u00eda est\u00e1 llena. Y con el fin de proteger la bater\u00eda, el masajeador se apagar\u00e1 autom\u00e1ticamente cuando funcione durante m\u00e1s de 20 minutos. Solo tienes que encenderla de nuevo si todav\u00eda lo necesitas<\/li>\n<li class=\"p2\">Viene con cabezas diferentes, proporcionando un tratamiento espec\u00edfico para cada grupo muscular<\/li>\n<li class=\"p2\">El ruido de trabajo es de s\u00f3lo 32 dB- 52 dB y velocidad desde 1100 a 3.600 rpm<\/li>\n<li class=\"p3\">La maleta de transporte mantendr\u00e1 todo en su lugar. Puedes llevar el dispositivo a cualquier lugar con su maleta de transporte compacta<\/li>\n<li class=\"p2\"><\/li>\n<\/ul>\n","protected":false},"featured_media":26176,"comment_status":"open","ping_status":"closed","template":"","meta":{"_acf_changed":false},"product_brand":[],"product_cat":[256],"product_tag":[],"class_list":{"0":"post-26347","1":"product","2":"type-product","3":"status-publish","4":"has-post-thumbnail","6":"product_cat-masajeadores","8":"first","9":"instock","10":"taxable","11":"shipping-taxable","12":"product-type-simple"},"acf":[],"_links":{"self":[{"href":"https:\/\/jmmedicalec.com\/nuevo\/wp-json\/wp\/v2\/product\/26347","targetHints":{"allow":["GET"]}}],"collection":[{"href":"https:\/\/jmmedicalec.com\/nuevo\/wp-json\/wp\/v2\/product"}],"about":[{"href":"https:\/\/jmmedicalec.com\/nuevo\/wp-json\/wp\/v2\/types\/product"}],"replies":[{"embeddable":true,"href":"https:\/\/jmmedicalec.com\/nuevo\/wp-json\/wp\/v2\/comments?post=26347"}],"version-history":[{"count":3,"href":"https:\/\/jmmedicalec.com\/nuevo\/wp-json\/wp\/v2\/product\/26347\/revisions"}],"predecessor-version":[{"id":26788,"href":"https:\/\/jmmedicalec.com\/nuevo\/wp-json\/wp\/v2\/product\/26347\/revisions\/26788"}],"wp:featuredmedia":[{"embeddable":true,"href":"https:\/\/jmmedicalec.com\/nuevo\/wp-json\/wp\/v2\/media\/26176"}],"wp:attachment":[{"href":"https:\/\/jmmedicalec.com\/nuevo\/wp-json\/wp\/v2\/media?parent=26347"}],"wp:term":[{"taxonomy":"product_brand","embeddable":true,"href":"https:\/\/jmmedicalec.com\/nuevo\/wp-json\/wp\/v2\/product_brand?post=26347"},{"taxonomy":"product_cat","embeddable":true,"href":"https:\/\/jmmedicalec.com\/nuevo\/wp-json\/wp\/v2\/product_cat?post=26347"},{"taxonomy":"product_tag","embeddable":true,"href":"https:\/\/jmmedicalec.com\/nuevo\/wp-json\/wp\/v2\/product_tag?post=26347"}],"curies":[{"name":"wp","href":"https:\/\/api.w.org\/{rel}","templated":true}]}}