{"id":26349,"date":"2022-12-19T23:13:42","date_gmt":"2022-12-19T23:13:42","guid":{"rendered":"https:\/\/jmmedicalec.com\/nuevo\/?post_type=product&#038;p=26349"},"modified":"2023-01-25T23:52:21","modified_gmt":"2023-01-25T23:52:21","slug":"pistola-percutor-de-6-velocidades","status":"publish","type":"product","link":"https:\/\/jmmedicalec.com\/nuevo\/product\/pistola-percutor-de-6-velocidades\/","title":{"rendered":"PISTOLA PERCUTOR DE 6 VELOCIDADES"},"content":{"rendered":"<ul>\n<li class=\"p2\">3 velocidades de ajuste de vibraci\u00f3n, control con una mano velocidad desde 2100-3600 percusiones por minuto,<span class=\"Apple-converted-space\">\u00a0<\/span><\/li>\n<li class=\"p2\">6 cabezas de masaje personalizadas para localizar con m\u00e1s precisi\u00f3n diferentes partes del cuerpo y grupos musculares, proporcionando una experiencia de masaje relajante y reduciendo los da\u00f1os \u00f3seos, ideal para masajear m\u00fasculos, cintura, espalda, gl\u00fateos, muslos, pantorrillas y otros grupos musculares grandes.<span class=\"Apple-converted-space\">\u00a0<\/span><\/li>\n<\/ul>\n","protected":false},"excerpt":{"rendered":"<ul>\n<li class=\"p2\">3 velocidades de ajuste de vibraci\u00f3n, control con una mano velocidad desde 2100-3600 percusiones por minuto,<\/li>\n<li class=\"p2\">6 cabezas de masaje personalizadas para localizar con m\u00e1s precisi\u00f3n diferentes partes del cuerpo y grupos musculares, proporcionando una experiencia de masaje relajante y reduciendo los da\u00f1os \u00f3seos, ideal para masajear m\u00fasculos, cintura, espalda, gl\u00fateos, muslos, pantorrillas y otros grupos musculares grandes.<\/li>\n<\/ul>\n","protected":false},"featured_media":26180,"comment_status":"open","ping_status":"closed","template":"","meta":{"_acf_changed":false},"product_brand":[],"product_cat":[256],"product_tag":[],"class_list":{"0":"post-26349","1":"product","2":"type-product","3":"status-publish","4":"has-post-thumbnail","6":"product_cat-masajeadores","8":"first","9":"instock","10":"taxable","11":"shipping-taxable","12":"product-type-simple"},"acf":[],"_links":{"self":[{"href":"https:\/\/jmmedicalec.com\/nuevo\/wp-json\/wp\/v2\/product\/26349","targetHints":{"allow":["GET"]}}],"collection":[{"href":"https:\/\/jmmedicalec.com\/nuevo\/wp-json\/wp\/v2\/product"}],"about":[{"href":"https:\/\/jmmedicalec.com\/nuevo\/wp-json\/wp\/v2\/types\/product"}],"replies":[{"embeddable":true,"href":"https:\/\/jmmedicalec.com\/nuevo\/wp-json\/wp\/v2\/comments?post=26349"}],"version-history":[{"count":1,"href":"https:\/\/jmmedicalec.com\/nuevo\/wp-json\/wp\/v2\/product\/26349\/revisions"}],"predecessor-version":[{"id":26784,"href":"https:\/\/jmmedicalec.com\/nuevo\/wp-json\/wp\/v2\/product\/26349\/revisions\/26784"}],"wp:featuredmedia":[{"embeddable":true,"href":"https:\/\/jmmedicalec.com\/nuevo\/wp-json\/wp\/v2\/media\/26180"}],"wp:attachment":[{"href":"https:\/\/jmmedicalec.com\/nuevo\/wp-json\/wp\/v2\/media?parent=26349"}],"wp:term":[{"taxonomy":"product_brand","embeddable":true,"href":"https:\/\/jmmedicalec.com\/nuevo\/wp-json\/wp\/v2\/product_brand?post=26349"},{"taxonomy":"product_cat","embeddable":true,"href":"https:\/\/jmmedicalec.com\/nuevo\/wp-json\/wp\/v2\/product_cat?post=26349"},{"taxonomy":"product_tag","embeddable":true,"href":"https:\/\/jmmedicalec.com\/nuevo\/wp-json\/wp\/v2\/product_tag?post=26349"}],"curies":[{"name":"wp","href":"https:\/\/api.w.org\/{rel}","templated":true}]}}