{"id":26353,"date":"2022-12-19T23:19:40","date_gmt":"2022-12-19T23:19:40","guid":{"rendered":"https:\/\/jmmedicalec.com\/nuevo\/?post_type=product&#038;p=26353"},"modified":"2026-04-01T20:40:53","modified_gmt":"2026-04-01T20:40:53","slug":"masajeadores-puntuales","status":"publish","type":"product","link":"https:\/\/jmmedicalec.com\/nuevo\/product\/masajeadores-puntuales\/","title":{"rendered":"MASAJEADORES PUNTUALES"},"content":{"rendered":"<p class=\"p2\">Herramienta de masaje de mano para la cl\u00ednica o en el hogar. Las perillas en cada uno de 1 o 2 puntos se pueden utilizar para aplicar presi\u00f3n a los puntos de gatillo del m\u00fasculo. Aplique presi\u00f3n profunda, sostenida y precisa para disparar puntos, y dolor, m\u00fasculos r\u00edgidos.<span class=\"Apple-converted-space\">\u00a0<\/span><\/p>\n","protected":false},"excerpt":{"rendered":"<p class=\"p2\">Herramienta de masaje de mano para la cl\u00ednica o en el hogar. Las perillas en cada uno de 1 o 2 puntos se pueden utilizar para aplicar presi\u00f3n a los puntos de gatillo del m\u00fasculo. Aplique presi\u00f3n profunda, sostenida y precisa para disparar puntos, y dolor, m\u00fasculos r\u00edgidos.<span class=\"Apple-converted-space\">\u00a0<\/span><\/p>\n","protected":false},"featured_media":26183,"comment_status":"open","ping_status":"closed","template":"","meta":{"_acf_changed":false},"product_brand":[],"product_cat":[256],"product_tag":[],"class_list":{"0":"post-26353","1":"product","2":"type-product","3":"status-publish","4":"has-post-thumbnail","6":"product_cat-masajeadores","8":"first","9":"instock","10":"taxable","11":"shipping-taxable","12":"purchasable","13":"product-type-variable"},"acf":[],"_links":{"self":[{"href":"https:\/\/jmmedicalec.com\/nuevo\/wp-json\/wp\/v2\/product\/26353","targetHints":{"allow":["GET"]}}],"collection":[{"href":"https:\/\/jmmedicalec.com\/nuevo\/wp-json\/wp\/v2\/product"}],"about":[{"href":"https:\/\/jmmedicalec.com\/nuevo\/wp-json\/wp\/v2\/types\/product"}],"replies":[{"embeddable":true,"href":"https:\/\/jmmedicalec.com\/nuevo\/wp-json\/wp\/v2\/comments?post=26353"}],"version-history":[{"count":1,"href":"https:\/\/jmmedicalec.com\/nuevo\/wp-json\/wp\/v2\/product\/26353\/revisions"}],"predecessor-version":[{"id":27974,"href":"https:\/\/jmmedicalec.com\/nuevo\/wp-json\/wp\/v2\/product\/26353\/revisions\/27974"}],"wp:featuredmedia":[{"embeddable":true,"href":"https:\/\/jmmedicalec.com\/nuevo\/wp-json\/wp\/v2\/media\/26183"}],"wp:attachment":[{"href":"https:\/\/jmmedicalec.com\/nuevo\/wp-json\/wp\/v2\/media?parent=26353"}],"wp:term":[{"taxonomy":"product_brand","embeddable":true,"href":"https:\/\/jmmedicalec.com\/nuevo\/wp-json\/wp\/v2\/product_brand?post=26353"},{"taxonomy":"product_cat","embeddable":true,"href":"https:\/\/jmmedicalec.com\/nuevo\/wp-json\/wp\/v2\/product_cat?post=26353"},{"taxonomy":"product_tag","embeddable":true,"href":"https:\/\/jmmedicalec.com\/nuevo\/wp-json\/wp\/v2\/product_tag?post=26353"}],"curies":[{"name":"wp","href":"https:\/\/api.w.org\/{rel}","templated":true}]}}