{"id":26356,"date":"2022-12-19T23:22:27","date_gmt":"2022-12-19T23:22:27","guid":{"rendered":"https:\/\/jmmedicalec.com\/nuevo\/?post_type=product&#038;p=26356"},"modified":"2025-07-28T22:29:38","modified_gmt":"2025-07-28T22:29:38","slug":"acumassager-7-00","status":"publish","type":"product","link":"https:\/\/jmmedicalec.com\/nuevo\/product\/acumassager-7-00\/","title":{"rendered":"ACUMASSAGER 7.00"},"content":{"rendered":"<p class=\"p2\">El AcuMASSAGER 7.0 est\u00e1 dise\u00f1ado espec\u00edficamente para usar su propio peso (7 libras) en la aplicaci\u00f3n de presi\u00f3n durante los tratamientos de terapia. Esto ahorra los pulgares, las mu\u00f1ecas y los codos de la fatiga y las lesiones. El AcuMASSAGER 7.0 realiza el desgarramiento muscular, la fricci\u00f3n entre fibras y la terapia con puntos gatillo. La herramienta est\u00e1 hecha con un material especial parecido a la piel que funciona incre\u00edblemente bien con lociones y aceites.<span class=\"Apple-converted-space\">\u00a0<\/span><\/p>\n<p class=\"p2\">Medidas: 35 cm x 7 cm<span class=\"Apple-converted-space\">\u00a0<\/span><\/p>\n","protected":false},"excerpt":{"rendered":"<p class=\"p2\">El AcuMASSAGER 7.0 est\u00e1 dise\u00f1ado espec\u00edficamente para usar su propio peso (7 libras) en la aplicaci\u00f3n de presi\u00f3n durante los tratamientos de terapia. Esto ahorra los pulgares, las mu\u00f1ecas y los codos de la fatiga y las lesiones. El AcuMASSAGER 7.0 realiza el desgarramiento muscular, la fricci\u00f3n entre fibras y la terapia con puntos gatillo. La herramienta est\u00e1 hecha con un material especial parecido a la piel que funciona incre\u00edblemente bien con lociones y aceites.<\/p>\n<p class=\"p2\">Medidas: 35 cm x 7 cm<\/p>\n","protected":false},"featured_media":26357,"comment_status":"open","ping_status":"closed","template":"","meta":{"_acf_changed":false},"product_brand":[],"product_cat":[256],"product_tag":[],"class_list":{"0":"post-26356","1":"product","2":"type-product","3":"status-publish","4":"has-post-thumbnail","6":"product_cat-masajeadores","8":"first","9":"instock","10":"taxable","11":"shipping-taxable","12":"purchasable","13":"product-type-simple"},"acf":[],"_links":{"self":[{"href":"https:\/\/jmmedicalec.com\/nuevo\/wp-json\/wp\/v2\/product\/26356","targetHints":{"allow":["GET"]}}],"collection":[{"href":"https:\/\/jmmedicalec.com\/nuevo\/wp-json\/wp\/v2\/product"}],"about":[{"href":"https:\/\/jmmedicalec.com\/nuevo\/wp-json\/wp\/v2\/types\/product"}],"replies":[{"embeddable":true,"href":"https:\/\/jmmedicalec.com\/nuevo\/wp-json\/wp\/v2\/comments?post=26356"}],"version-history":[{"count":2,"href":"https:\/\/jmmedicalec.com\/nuevo\/wp-json\/wp\/v2\/product\/26356\/revisions"}],"predecessor-version":[{"id":26780,"href":"https:\/\/jmmedicalec.com\/nuevo\/wp-json\/wp\/v2\/product\/26356\/revisions\/26780"}],"wp:featuredmedia":[{"embeddable":true,"href":"https:\/\/jmmedicalec.com\/nuevo\/wp-json\/wp\/v2\/media\/26357"}],"wp:attachment":[{"href":"https:\/\/jmmedicalec.com\/nuevo\/wp-json\/wp\/v2\/media?parent=26356"}],"wp:term":[{"taxonomy":"product_brand","embeddable":true,"href":"https:\/\/jmmedicalec.com\/nuevo\/wp-json\/wp\/v2\/product_brand?post=26356"},{"taxonomy":"product_cat","embeddable":true,"href":"https:\/\/jmmedicalec.com\/nuevo\/wp-json\/wp\/v2\/product_cat?post=26356"},{"taxonomy":"product_tag","embeddable":true,"href":"https:\/\/jmmedicalec.com\/nuevo\/wp-json\/wp\/v2\/product_tag?post=26356"}],"curies":[{"name":"wp","href":"https:\/\/api.w.org\/{rel}","templated":true}]}}