{"id":26358,"date":"2022-12-19T23:25:57","date_gmt":"2022-12-19T23:25:57","guid":{"rendered":"https:\/\/jmmedicalec.com\/nuevo\/?post_type=product&#038;p=26358"},"modified":"2026-04-01T20:39:21","modified_gmt":"2026-04-01T20:39:21","slug":"roller-ice","status":"publish","type":"product","link":"https:\/\/jmmedicalec.com\/nuevo\/product\/roller-ice\/","title":{"rendered":"ROLLER ICE"},"content":{"rendered":"<p class=\"p2\">Proporciona terapia fr\u00eda o caliente, consta con un dep\u00f3sito de l\u00edquido congelado o calentado y transferir esta temperatura a la bola de masaje de acero inoxidable. F\u00e1cil de usar para dolores y molestias, relajar los m\u00fasculos y aliviar la tensi\u00f3n y sin molestia de hielo que se derrite y ensucia.<span class=\"Apple-converted-space\">\u00a0<\/span><\/p>\n","protected":false},"excerpt":{"rendered":"<p class=\"p2\">Proporciona terapia fr\u00eda o caliente, consta con un dep\u00f3sito de l\u00edquido congelado o calentado y transferir esta temperatura a la bola de masaje de acero inoxidable. F\u00e1cil de usar para dolores y molestias, relajar los m\u00fasculos y aliviar la tensi\u00f3n y sin molestia de hielo que se derrite y ensucia.<span class=\"Apple-converted-space\">\u00a0<\/span><\/p>\n","protected":false},"featured_media":26184,"comment_status":"open","ping_status":"closed","template":"","meta":{"_acf_changed":false},"product_brand":[],"product_cat":[256],"product_tag":[],"class_list":{"0":"post-26358","1":"product","2":"type-product","3":"status-publish","4":"has-post-thumbnail","6":"product_cat-masajeadores","8":"first","9":"instock","10":"taxable","11":"shipping-taxable","12":"purchasable","13":"product-type-simple"},"acf":[],"_links":{"self":[{"href":"https:\/\/jmmedicalec.com\/nuevo\/wp-json\/wp\/v2\/product\/26358","targetHints":{"allow":["GET"]}}],"collection":[{"href":"https:\/\/jmmedicalec.com\/nuevo\/wp-json\/wp\/v2\/product"}],"about":[{"href":"https:\/\/jmmedicalec.com\/nuevo\/wp-json\/wp\/v2\/types\/product"}],"replies":[{"embeddable":true,"href":"https:\/\/jmmedicalec.com\/nuevo\/wp-json\/wp\/v2\/comments?post=26358"}],"version-history":[{"count":1,"href":"https:\/\/jmmedicalec.com\/nuevo\/wp-json\/wp\/v2\/product\/26358\/revisions"}],"predecessor-version":[{"id":27973,"href":"https:\/\/jmmedicalec.com\/nuevo\/wp-json\/wp\/v2\/product\/26358\/revisions\/27973"}],"wp:featuredmedia":[{"embeddable":true,"href":"https:\/\/jmmedicalec.com\/nuevo\/wp-json\/wp\/v2\/media\/26184"}],"wp:attachment":[{"href":"https:\/\/jmmedicalec.com\/nuevo\/wp-json\/wp\/v2\/media?parent=26358"}],"wp:term":[{"taxonomy":"product_brand","embeddable":true,"href":"https:\/\/jmmedicalec.com\/nuevo\/wp-json\/wp\/v2\/product_brand?post=26358"},{"taxonomy":"product_cat","embeddable":true,"href":"https:\/\/jmmedicalec.com\/nuevo\/wp-json\/wp\/v2\/product_cat?post=26358"},{"taxonomy":"product_tag","embeddable":true,"href":"https:\/\/jmmedicalec.com\/nuevo\/wp-json\/wp\/v2\/product_tag?post=26358"}],"curies":[{"name":"wp","href":"https:\/\/api.w.org\/{rel}","templated":true}]}}