{"id":26359,"date":"2022-12-19T23:26:46","date_gmt":"2022-12-19T23:26:46","guid":{"rendered":"https:\/\/jmmedicalec.com\/nuevo\/?post_type=product&#038;p=26359"},"modified":"2025-07-31T15:39:33","modified_gmt":"2025-07-31T15:39:33","slug":"roller-crio","status":"publish","type":"product","link":"https:\/\/jmmedicalec.com\/nuevo\/product\/roller-crio\/","title":{"rendered":"ROLLER CRIO"},"content":{"rendered":"<p class=\"p2\">Massage Roller Crio &#8211; Coloque el Crio en la congelaci\u00f3n durante 2 horas y disfrute de hasta seis horas de terapia de fr\u00edo. Al igual que cualquier producto de masaje con rodillo, elija un grupo muscular y aplique firmemente presi\u00f3n a trav\u00e9s del \u00e1rea elegida. Ruede hacia adelante y hacia atr\u00e1s. Usted debe sentir el estiramiento y la liberaci\u00f3n de la tensi\u00f3n en el \u00e1rea, y, mientras que algunas \u00e1reas apretadas pueden requerir un poco de trabajo, no debe ser doloroso. El anillo azul inferior puede desenroscarse de la manija superior, permiti\u00e9ndole utilizar la bola para los ejercicios espec\u00edficos como el masaje del pie \/ estiramiento del pie. Use para masajear cualquier grupo muscular: b\u00edceps, pecho, hombros, antebrazos, muslos, pies, tr\u00edceps, espalda, etc.<\/p>\n","protected":false},"excerpt":{"rendered":"<p class=\"p2\">Massage Roller Crio &#8211; Coloque el Crio en la congelaci\u00f3n durante 2 horas y disfrute de hasta seis horas de terapia de fr\u00edo. Al igual que cualquier producto de masaje con rodillo, elija un grupo muscular y aplique firmemente presi\u00f3n a trav\u00e9s del \u00e1rea elegida. Ruede hacia adelante y hacia atr\u00e1s. Usted debe sentir el estiramiento y la liberaci\u00f3n de la tensi\u00f3n en el \u00e1rea, y, mientras que algunas \u00e1reas apretadas pueden requerir un poco de trabajo, no debe ser doloroso. El anillo azul inferior puede desenroscarse de la manija superior, permiti\u00e9ndole utilizar la bola para los ejercicios espec\u00edficos como el masaje del pie \/ estiramiento del pie. Use para masajear cualquier grupo muscular: b\u00edceps, pecho, hombros, antebrazos, muslos, pies, tr\u00edceps, espalda, etc.<span class=\"Apple-converted-space\">\u00a0<\/span><\/p>\n","protected":false},"featured_media":26193,"comment_status":"open","ping_status":"closed","template":"","meta":{"_acf_changed":false},"product_brand":[],"product_cat":[256],"product_tag":[],"class_list":{"0":"post-26359","1":"product","2":"type-product","3":"status-publish","4":"has-post-thumbnail","6":"product_cat-masajeadores","8":"first","9":"instock","10":"taxable","11":"shipping-taxable","12":"purchasable","13":"product-type-simple"},"acf":[],"_links":{"self":[{"href":"https:\/\/jmmedicalec.com\/nuevo\/wp-json\/wp\/v2\/product\/26359","targetHints":{"allow":["GET"]}}],"collection":[{"href":"https:\/\/jmmedicalec.com\/nuevo\/wp-json\/wp\/v2\/product"}],"about":[{"href":"https:\/\/jmmedicalec.com\/nuevo\/wp-json\/wp\/v2\/types\/product"}],"replies":[{"embeddable":true,"href":"https:\/\/jmmedicalec.com\/nuevo\/wp-json\/wp\/v2\/comments?post=26359"}],"version-history":[{"count":1,"href":"https:\/\/jmmedicalec.com\/nuevo\/wp-json\/wp\/v2\/product\/26359\/revisions"}],"predecessor-version":[{"id":28078,"href":"https:\/\/jmmedicalec.com\/nuevo\/wp-json\/wp\/v2\/product\/26359\/revisions\/28078"}],"wp:featuredmedia":[{"embeddable":true,"href":"https:\/\/jmmedicalec.com\/nuevo\/wp-json\/wp\/v2\/media\/26193"}],"wp:attachment":[{"href":"https:\/\/jmmedicalec.com\/nuevo\/wp-json\/wp\/v2\/media?parent=26359"}],"wp:term":[{"taxonomy":"product_brand","embeddable":true,"href":"https:\/\/jmmedicalec.com\/nuevo\/wp-json\/wp\/v2\/product_brand?post=26359"},{"taxonomy":"product_cat","embeddable":true,"href":"https:\/\/jmmedicalec.com\/nuevo\/wp-json\/wp\/v2\/product_cat?post=26359"},{"taxonomy":"product_tag","embeddable":true,"href":"https:\/\/jmmedicalec.com\/nuevo\/wp-json\/wp\/v2\/product_tag?post=26359"}],"curies":[{"name":"wp","href":"https:\/\/api.w.org\/{rel}","templated":true}]}}