{"id":26377,"date":"2022-12-19T23:51:38","date_gmt":"2022-12-19T23:51:38","guid":{"rendered":"https:\/\/jmmedicalec.com\/nuevo\/?post_type=product&#038;p=26377"},"modified":"2023-01-26T00:18:12","modified_gmt":"2023-01-26T00:18:12","slug":"escoliometro","status":"publish","type":"product","link":"https:\/\/jmmedicalec.com\/nuevo\/product\/escoliometro\/","title":{"rendered":"ESCOLI\u00d3METRO"},"content":{"rendered":"<p class=\"p2\">Mide el grado de rotaci\u00f3n de una deformidad de la espalda. Util\u00edcelo para seleccionar a las personas a consultar para una evaluaci\u00f3n m\u00e9dica posterior. El producto es 8 x 18 cm y viene con una bolsa de almacenamiento. Dimensiones: 7.5 &#8220;x 0.25&#8221; x 3.5 &#8220;<span class=\"Apple-converted-space\">\u00a0<\/span><\/p>\n","protected":false},"excerpt":{"rendered":"<p class=\"p2\">Mide el grado de rotaci\u00f3n de una deformidad de la espalda. Util\u00edcelo para seleccionar a las personas a consultar para una evaluaci\u00f3n m\u00e9dica posterior. El producto es 8 x 18 cm y viene con una bolsa de almacenamiento. Dimensiones: 7.5 &#8220;x 0.25&#8221; x 3.5 &#8220;<\/p>\n","protected":false},"featured_media":26138,"comment_status":"open","ping_status":"closed","template":"","meta":{"_acf_changed":false},"product_brand":[],"product_cat":[257],"product_tag":[],"class_list":{"0":"post-26377","1":"product","2":"type-product","3":"status-publish","4":"has-post-thumbnail","6":"product_cat-diagnostico","8":"first","9":"instock","10":"taxable","11":"shipping-taxable","12":"product-type-simple"},"acf":[],"_links":{"self":[{"href":"https:\/\/jmmedicalec.com\/nuevo\/wp-json\/wp\/v2\/product\/26377","targetHints":{"allow":["GET"]}}],"collection":[{"href":"https:\/\/jmmedicalec.com\/nuevo\/wp-json\/wp\/v2\/product"}],"about":[{"href":"https:\/\/jmmedicalec.com\/nuevo\/wp-json\/wp\/v2\/types\/product"}],"replies":[{"embeddable":true,"href":"https:\/\/jmmedicalec.com\/nuevo\/wp-json\/wp\/v2\/comments?post=26377"}],"version-history":[{"count":1,"href":"https:\/\/jmmedicalec.com\/nuevo\/wp-json\/wp\/v2\/product\/26377\/revisions"}],"predecessor-version":[{"id":26805,"href":"https:\/\/jmmedicalec.com\/nuevo\/wp-json\/wp\/v2\/product\/26377\/revisions\/26805"}],"wp:featuredmedia":[{"embeddable":true,"href":"https:\/\/jmmedicalec.com\/nuevo\/wp-json\/wp\/v2\/media\/26138"}],"wp:attachment":[{"href":"https:\/\/jmmedicalec.com\/nuevo\/wp-json\/wp\/v2\/media?parent=26377"}],"wp:term":[{"taxonomy":"product_brand","embeddable":true,"href":"https:\/\/jmmedicalec.com\/nuevo\/wp-json\/wp\/v2\/product_brand?post=26377"},{"taxonomy":"product_cat","embeddable":true,"href":"https:\/\/jmmedicalec.com\/nuevo\/wp-json\/wp\/v2\/product_cat?post=26377"},{"taxonomy":"product_tag","embeddable":true,"href":"https:\/\/jmmedicalec.com\/nuevo\/wp-json\/wp\/v2\/product_tag?post=26377"}],"curies":[{"name":"wp","href":"https:\/\/api.w.org\/{rel}","templated":true}]}}