{"id":26386,"date":"2022-12-20T00:00:47","date_gmt":"2022-12-20T00:00:47","guid":{"rendered":"https:\/\/jmmedicalec.com\/nuevo\/?post_type=product&#038;p=26386"},"modified":"2022-12-20T00:01:59","modified_gmt":"2022-12-20T00:01:59","slug":"dinamometro-set-x-8-piezas","status":"publish","type":"product","link":"https:\/\/jmmedicalec.com\/nuevo\/product\/dinamometro-set-x-8-piezas\/","title":{"rendered":"DINAM\u00d3METRO SET X 8 PIEZAS"},"content":{"rendered":"<p class=\"p2\">El conjunto de evaluaci\u00f3n de la mano est\u00e1ndar de 8 piezas de incluye los siguientes instrumentos almacenados en un estuche protector: dinam\u00f3metro hidr\u00e1ulico manual de 200 libras de capacidad (azul), calibrador de presi\u00f3n hidr\u00e1ulico est\u00e1ndar de 50 libras (azul), goni\u00f3metro de dedo de acero inoxidable de 6 pulgadas, dedo medidor de circunferencia, goni\u00f3metro de pl\u00e1stico de 180 grados 6 pulgadas, cinta m\u00e9trica, conjunto de monofilamento de 5 piezas Discim-A-Gon \u2122 y tactile \u2122.<\/p>\n","protected":false},"excerpt":{"rendered":"<p class=\"p2\">El conjunto de evaluaci\u00f3n de la mano est\u00e1ndar de 8 piezas de incluye los siguientes instrumentos almacenados en un estuche protector: dinam\u00f3metro hidr\u00e1ulico manual de 200 libras de capacidad (azul), calibrador de presi\u00f3n hidr\u00e1ulico est\u00e1ndar de 50 libras (azul), goni\u00f3metro de dedo de acero inoxidable de 6 pulgadas, dedo medidor de circunferencia, goni\u00f3metro de pl\u00e1stico de 180 grados 6 pulgadas, cinta m\u00e9trica, conjunto de monofilamento de 5 piezas Discim-A-Gon \u2122 y tactile \u2122.<span class=\"Apple-converted-space\">\u00a0<\/span><\/p>\n","protected":false},"featured_media":26128,"comment_status":"open","ping_status":"closed","template":"","meta":{"_acf_changed":false},"product_brand":[],"product_cat":[257],"product_tag":[],"class_list":{"0":"post-26386","1":"product","2":"type-product","3":"status-publish","4":"has-post-thumbnail","6":"product_cat-diagnostico","8":"first","9":"instock","10":"taxable","11":"shipping-taxable","12":"product-type-simple"},"acf":[],"_links":{"self":[{"href":"https:\/\/jmmedicalec.com\/nuevo\/wp-json\/wp\/v2\/product\/26386","targetHints":{"allow":["GET"]}}],"collection":[{"href":"https:\/\/jmmedicalec.com\/nuevo\/wp-json\/wp\/v2\/product"}],"about":[{"href":"https:\/\/jmmedicalec.com\/nuevo\/wp-json\/wp\/v2\/types\/product"}],"replies":[{"embeddable":true,"href":"https:\/\/jmmedicalec.com\/nuevo\/wp-json\/wp\/v2\/comments?post=26386"}],"version-history":[{"count":0,"href":"https:\/\/jmmedicalec.com\/nuevo\/wp-json\/wp\/v2\/product\/26386\/revisions"}],"wp:featuredmedia":[{"embeddable":true,"href":"https:\/\/jmmedicalec.com\/nuevo\/wp-json\/wp\/v2\/media\/26128"}],"wp:attachment":[{"href":"https:\/\/jmmedicalec.com\/nuevo\/wp-json\/wp\/v2\/media?parent=26386"}],"wp:term":[{"taxonomy":"product_brand","embeddable":true,"href":"https:\/\/jmmedicalec.com\/nuevo\/wp-json\/wp\/v2\/product_brand?post=26386"},{"taxonomy":"product_cat","embeddable":true,"href":"https:\/\/jmmedicalec.com\/nuevo\/wp-json\/wp\/v2\/product_cat?post=26386"},{"taxonomy":"product_tag","embeddable":true,"href":"https:\/\/jmmedicalec.com\/nuevo\/wp-json\/wp\/v2\/product_tag?post=26386"}],"curies":[{"name":"wp","href":"https:\/\/api.w.org\/{rel}","templated":true}]}}