{"id":26387,"date":"2022-12-20T00:02:16","date_gmt":"2022-12-20T00:02:16","guid":{"rendered":"https:\/\/jmmedicalec.com\/nuevo\/?post_type=product&#038;p=26387"},"modified":"2022-12-20T00:03:26","modified_gmt":"2022-12-20T00:03:26","slug":"goniometro-digital","status":"publish","type":"product","link":"https:\/\/jmmedicalec.com\/nuevo\/product\/goniometro-digital\/","title":{"rendered":"GONI\u00d3METRO DIGITAL"},"content":{"rendered":"<p class=\"p2\">El goni\u00f3metro digital de 10 &#8220;mide el rango de movimiento entre 0 y 360 grados. La pantalla se lee continuamente a medida que se ajustan los brazos. La funci\u00f3n de retenci\u00f3n se mantiene en la posici\u00f3n de medici\u00f3n hasta que se reinicia. La escala de \u00e1ngulo se lee en incrementos de 0.05 \u00b0. La lectura reversible le permite voltear la pantalla para obtener m\u00e1s informaci\u00f3n Lectura c\u00f3moda. Los brazos tienen una escala lineal en pulgadas y cent\u00edmetros.<span class=\"Apple-converted-space\">\u00a0<\/span><\/p>\n","protected":false},"excerpt":{"rendered":"<p class=\"p2\">El goni\u00f3metro digital de 10 &#8220;mide el rango de movimiento entre 0 y 360 grados. La pantalla se lee continuamente a medida que se ajustan los brazos. La funci\u00f3n de retenci\u00f3n se mantiene en la posici\u00f3n de medici\u00f3n hasta que se reinicia. La escala de \u00e1ngulo se lee en incrementos de 0.05 \u00b0. La lectura reversible le permite voltear la pantalla para obtener m\u00e1s informaci\u00f3n Lectura c\u00f3moda. Los brazos tienen una escala lineal en pulgadas y cent\u00edmetros.<\/p>\n","protected":false},"featured_media":26149,"comment_status":"open","ping_status":"closed","template":"","meta":{"_acf_changed":false},"product_brand":[],"product_cat":[257],"product_tag":[],"class_list":{"0":"post-26387","1":"product","2":"type-product","3":"status-publish","4":"has-post-thumbnail","6":"product_cat-diagnostico","8":"first","9":"instock","10":"taxable","11":"shipping-taxable","12":"product-type-simple"},"acf":[],"_links":{"self":[{"href":"https:\/\/jmmedicalec.com\/nuevo\/wp-json\/wp\/v2\/product\/26387","targetHints":{"allow":["GET"]}}],"collection":[{"href":"https:\/\/jmmedicalec.com\/nuevo\/wp-json\/wp\/v2\/product"}],"about":[{"href":"https:\/\/jmmedicalec.com\/nuevo\/wp-json\/wp\/v2\/types\/product"}],"replies":[{"embeddable":true,"href":"https:\/\/jmmedicalec.com\/nuevo\/wp-json\/wp\/v2\/comments?post=26387"}],"version-history":[{"count":0,"href":"https:\/\/jmmedicalec.com\/nuevo\/wp-json\/wp\/v2\/product\/26387\/revisions"}],"wp:featuredmedia":[{"embeddable":true,"href":"https:\/\/jmmedicalec.com\/nuevo\/wp-json\/wp\/v2\/media\/26149"}],"wp:attachment":[{"href":"https:\/\/jmmedicalec.com\/nuevo\/wp-json\/wp\/v2\/media?parent=26387"}],"wp:term":[{"taxonomy":"product_brand","embeddable":true,"href":"https:\/\/jmmedicalec.com\/nuevo\/wp-json\/wp\/v2\/product_brand?post=26387"},{"taxonomy":"product_cat","embeddable":true,"href":"https:\/\/jmmedicalec.com\/nuevo\/wp-json\/wp\/v2\/product_cat?post=26387"},{"taxonomy":"product_tag","embeddable":true,"href":"https:\/\/jmmedicalec.com\/nuevo\/wp-json\/wp\/v2\/product_tag?post=26387"}],"curies":[{"name":"wp","href":"https:\/\/api.w.org\/{rel}","templated":true}]}}