{"id":26399,"date":"2022-12-20T00:18:36","date_gmt":"2022-12-20T00:18:36","guid":{"rendered":"https:\/\/jmmedicalec.com\/nuevo\/?post_type=product&#038;p=26399"},"modified":"2022-12-20T00:19:41","modified_gmt":"2022-12-20T00:19:41","slug":"set-de-20-de-monofilamento","status":"publish","type":"product","link":"https:\/\/jmmedicalec.com\/nuevo\/product\/set-de-20-de-monofilamento\/","title":{"rendered":"SET DE 20 DE MONOFILAMENTO"},"content":{"rendered":"<p class=\"p2\">El evaluador de monofilamento se utiliza para medir el umbral de percepci\u00f3n sensorial cut\u00e1nea. La prueba de monofilamento proporciona una evaluaci\u00f3n no invasiva con resultados objetivos y repetibles. Cada monofilamento representa una cantidad \u00fanica de fuerza que est\u00e1 marcada por la fuerza y el tama\u00f1o. Estos monofilamentos cuentan con un filamento de nailon f\u00e1cil de plegar para protecci\u00f3n, as\u00ed como un f\u00e1cil almacenamiento y portabilidad. Este conjunto de 20 piezas incluye todos los niveles de sensaci\u00f3n cut\u00e1nea de 1,65 a 6,65. Los juegos se env\u00edan y almacenan en un estuche protector de cubierta blanda.<span class=\"Apple-converted-space\">\u00a0<\/span><\/p>\n","protected":false},"excerpt":{"rendered":"<p>El evaluador de monofilamento se utiliza para medir el umbral de percepci\u00f3n sensorial cut\u00e1nea. La prueba de monofilamento proporciona una evaluaci\u00f3n no invasiva con resultados objetivos y repetibles. Cada monofilamento representa una cantidad \u00fanica de fuerza que est\u00e1 marcada por la fuerza y el tama\u00f1o. Estos monofilamentos cuentan con un filamento de nailon f\u00e1cil de plegar para protecci\u00f3n, as\u00ed como un f\u00e1cil almacenamiento y portabilidad. Este conjunto de 20 piezas incluye todos los niveles de sensaci\u00f3n cut\u00e1nea de 1,65 a 6,65. Los juegos se env\u00edan y almacenan en un estuche protector de cubierta blanda.<\/p>\n","protected":false},"featured_media":26140,"comment_status":"open","ping_status":"closed","template":"","meta":{"_acf_changed":false},"product_brand":[],"product_cat":[257],"product_tag":[],"class_list":{"0":"post-26399","1":"product","2":"type-product","3":"status-publish","4":"has-post-thumbnail","6":"product_cat-diagnostico","8":"first","9":"instock","10":"taxable","11":"shipping-taxable","12":"product-type-simple"},"acf":[],"_links":{"self":[{"href":"https:\/\/jmmedicalec.com\/nuevo\/wp-json\/wp\/v2\/product\/26399","targetHints":{"allow":["GET"]}}],"collection":[{"href":"https:\/\/jmmedicalec.com\/nuevo\/wp-json\/wp\/v2\/product"}],"about":[{"href":"https:\/\/jmmedicalec.com\/nuevo\/wp-json\/wp\/v2\/types\/product"}],"replies":[{"embeddable":true,"href":"https:\/\/jmmedicalec.com\/nuevo\/wp-json\/wp\/v2\/comments?post=26399"}],"version-history":[{"count":0,"href":"https:\/\/jmmedicalec.com\/nuevo\/wp-json\/wp\/v2\/product\/26399\/revisions"}],"wp:featuredmedia":[{"embeddable":true,"href":"https:\/\/jmmedicalec.com\/nuevo\/wp-json\/wp\/v2\/media\/26140"}],"wp:attachment":[{"href":"https:\/\/jmmedicalec.com\/nuevo\/wp-json\/wp\/v2\/media?parent=26399"}],"wp:term":[{"taxonomy":"product_brand","embeddable":true,"href":"https:\/\/jmmedicalec.com\/nuevo\/wp-json\/wp\/v2\/product_brand?post=26399"},{"taxonomy":"product_cat","embeddable":true,"href":"https:\/\/jmmedicalec.com\/nuevo\/wp-json\/wp\/v2\/product_cat?post=26399"},{"taxonomy":"product_tag","embeddable":true,"href":"https:\/\/jmmedicalec.com\/nuevo\/wp-json\/wp\/v2\/product_tag?post=26399"}],"curies":[{"name":"wp","href":"https:\/\/api.w.org\/{rel}","templated":true}]}}