{"id":26401,"date":"2022-12-20T00:21:20","date_gmt":"2022-12-20T00:21:20","guid":{"rendered":"https:\/\/jmmedicalec.com\/nuevo\/?post_type=product&#038;p=26401"},"modified":"2023-01-26T00:02:06","modified_gmt":"2023-01-26T00:02:06","slug":"equipo-de-bio-resonancia-basico","status":"publish","type":"product","link":"https:\/\/jmmedicalec.com\/nuevo\/product\/equipo-de-bio-resonancia-basico\/","title":{"rendered":"EQUIPO DE BIO-RESONANCIA BASICO"},"content":{"rendered":"<p class=\"p2\">Bio-resonancia es la interacci\u00f3n entre un organismo vivo y sus patrones de frecuencia que rodean o resuenan como resultado de los movimientos organismos.<span class=\"Apple-converted-space\">\u00a0<\/span><\/p>\n<p class=\"p2\">Mediante el uso de un instrumento impulsado por ordenador de una manera segura, no invasiva, indolora y eficaz, se muestra informaci\u00f3n sobre los cambios sutiles a la tensi\u00f3n en el cuerpo y por lo tanto, proporciona un medio para regular estas preocupaciones.<span class=\"Apple-converted-space\">\u00a0<\/span><\/p>\n<p class=\"p2\">El objetivo final ser\u00e1 el de ayudar a aumentar la relajaci\u00f3n, aliviar el dolor, y desarrollar, los patrones de vida m\u00e1s c\u00f3moda saludables, al tiempo que mejora tanto la funci\u00f3n y el rendimiento utilizando las se\u00f1ales fisiol\u00f3gicas del cuerpo.<span class=\"Apple-converted-space\">\u00a0<\/span><\/p>\n<p class=\"p2\">Sistema de hardware-software permite la actividad de las neuronas del cerebro para ayudar al paciente a ayudarse a s\u00ed mismos en sus propios cambios de estilo de vida, la re-educaci\u00f3n muscular y la reducci\u00f3n del estr\u00e9s.<span class=\"Apple-converted-space\">\u00a0<\/span><\/p>\n<p class=\"p2\">Este dispositivo escanea cada \u00f3rgano o tejido en un nivel celular. El m\u00e9todo se basa en un an\u00e1lisis del cerebro tallos ondas electromagn\u00e9ticas (similares a Oberon y Metatron), que contienen la informaci\u00f3n completa de todo el organismo. Los resultados se pueden obtener en forma de im\u00e1genes visuales con la topograf\u00eda de la zona afectada, as\u00ed como caracter\u00edsticas gr\u00e1ficas, las cuales nos permiten ver la angustia de los tejidos del cuerpo. Nuestro an\u00e1lisis es 90% -98% exacto porque el programa permite al operador para buscar localmente y en deta-lle.<span class=\"Apple-converted-space\">\u00a0<\/span><\/p>\n<p class=\"p2\">Dispositivo f\u00e1cil de usar que proporciona una precisi\u00f3n ejemplar.<span class=\"Apple-converted-space\">\u00a0<\/span><\/p>\n<p class=\"p2\">Con su facilidad de simplicidad, est\u00e1 dise\u00f1ado para ser utilizado por cualquier persona que tiene un enfoque proactivo y se esfuerza para la buena salud y el bienestar.<span class=\"Apple-converted-space\">\u00a0<\/span><\/p>\n<p class=\"p2\">El paquete incluye: m\u00e1quina principal x 1 pieza + Cable USB x 1 pieza + Prueba de Rod x 1 pieza + CD \/ USB Software x 1 pieza + USB (Dongle \/ Key) X 1 pieza + Ear electrodos \u00d7 4<span class=\"Apple-converted-space\">\u00a0<\/span>pares + electrodo manual \u00d7 1 par + Pad de zapatos \u00d7 1 par + electrodos almohadillas \u00d7 1 par + Dos pines cable \u00d7 2 piezas + M\u00e1quina-Computer USB-Cable x 1 pieza de aluminio + caso x 1 pieza + Manual de Usuario \u00d7 1 copia. No incluye computador.<span class=\"Apple-converted-space\">\u00a0<\/span><\/p>\n","protected":false},"excerpt":{"rendered":"<p class=\"p2\">Bio-resonancia es la interacci\u00f3n entre un organismo vivo y sus patrones de frecuencia que rodean o resuenan como resultado de los movimientos organismos.<\/p>\n<p class=\"p2\">Mediante el uso de un instrumento impulsado por ordenador de una manera segura, no invasiva, indolora y eficaz, se muestra informaci\u00f3n sobre los cambios sutiles a la tensi\u00f3n en el cuerpo y por lo tanto, proporciona un medio para regular estas preocupaciones.<\/p>\n<p class=\"p2\">El objetivo final ser\u00e1 el de ayudar a aumentar la relajaci\u00f3n, aliviar el dolor, y desarrollar, los patrones de vida m\u00e1s c\u00f3moda saludables, al tiempo que mejora tanto la funci\u00f3n y el rendimiento utilizando las se\u00f1ales fisiol\u00f3gicas del cuerpo.<\/p>\n<p class=\"p2\">Sistema de hardware-software permite la actividad de las neuronas del cerebro para ayudar al paciente a ayudarse a s\u00ed mismos en sus propios cambios de estilo de vida, la re-educaci\u00f3n muscular y la reducci\u00f3n del estr\u00e9s.<\/p>\n<p class=\"p2\">Este dispositivo escanea cada \u00f3rgano o tejido en un nivel celular. El m\u00e9todo se basa en un an\u00e1lisis del cerebro tallos ondas electromagn\u00e9ticas (similares a Oberon y Metatron), que contienen la informaci\u00f3n completa de todo el organismo. Los resultados se pueden obtener en forma de im\u00e1genes visuales con la topograf\u00eda de la zona afectada, as\u00ed como caracter\u00edsticas gr\u00e1ficas, las cuales nos permiten ver la angustia de los tejidos del cuerpo. Nuestro an\u00e1lisis es 90% -98% exacto porque el programa permite al operador para buscar localmente y en deta-lle.<\/p>\n<p class=\"p2\">Dispositivo f\u00e1cil de usar que proporciona una precisi\u00f3n ejemplar.<\/p>\n<p class=\"p2\">Con su facilidad de simplicidad, est\u00e1 dise\u00f1ado para ser utilizado por cualquier persona que tiene un enfoque proactivo y se esfuerza para la buena salud y el bienestar.<\/p>\n<p class=\"p2\">El paquete incluye: m\u00e1quina principal x 1 pieza + Cable USB x 1 pieza + Prueba de Rod x 1 pieza + CD \/ USB Software x 1 pieza + USB (Dongle \/ Key) X 1 pieza + Ear electrodos \u00d7 4 pares + electrodo manual \u00d7 1 par + Pad de zapatos \u00d7 1 par + electrodos almohadillas \u00d7 1 par + Dos pines cable \u00d7 2 piezas + M\u00e1quina-Computer USB-Cable x 1 pieza de aluminio + caso x 1 pieza + Manual de Usuario \u00d7 1 copia. No incluye computador.<\/p>\n","protected":false},"featured_media":26131,"comment_status":"open","ping_status":"closed","template":"","meta":{"_acf_changed":false},"product_brand":[],"product_cat":[257],"product_tag":[],"class_list":{"0":"post-26401","1":"product","2":"type-product","3":"status-publish","4":"has-post-thumbnail","6":"product_cat-diagnostico","8":"first","9":"instock","10":"taxable","11":"shipping-taxable","12":"product-type-simple"},"acf":[],"_links":{"self":[{"href":"https:\/\/jmmedicalec.com\/nuevo\/wp-json\/wp\/v2\/product\/26401","targetHints":{"allow":["GET"]}}],"collection":[{"href":"https:\/\/jmmedicalec.com\/nuevo\/wp-json\/wp\/v2\/product"}],"about":[{"href":"https:\/\/jmmedicalec.com\/nuevo\/wp-json\/wp\/v2\/types\/product"}],"replies":[{"embeddable":true,"href":"https:\/\/jmmedicalec.com\/nuevo\/wp-json\/wp\/v2\/comments?post=26401"}],"version-history":[{"count":2,"href":"https:\/\/jmmedicalec.com\/nuevo\/wp-json\/wp\/v2\/product\/26401\/revisions"}],"predecessor-version":[{"id":26792,"href":"https:\/\/jmmedicalec.com\/nuevo\/wp-json\/wp\/v2\/product\/26401\/revisions\/26792"}],"wp:featuredmedia":[{"embeddable":true,"href":"https:\/\/jmmedicalec.com\/nuevo\/wp-json\/wp\/v2\/media\/26131"}],"wp:attachment":[{"href":"https:\/\/jmmedicalec.com\/nuevo\/wp-json\/wp\/v2\/media?parent=26401"}],"wp:term":[{"taxonomy":"product_brand","embeddable":true,"href":"https:\/\/jmmedicalec.com\/nuevo\/wp-json\/wp\/v2\/product_brand?post=26401"},{"taxonomy":"product_cat","embeddable":true,"href":"https:\/\/jmmedicalec.com\/nuevo\/wp-json\/wp\/v2\/product_cat?post=26401"},{"taxonomy":"product_tag","embeddable":true,"href":"https:\/\/jmmedicalec.com\/nuevo\/wp-json\/wp\/v2\/product_tag?post=26401"}],"curies":[{"name":"wp","href":"https:\/\/api.w.org\/{rel}","templated":true}]}}