{"id":26410,"date":"2022-12-20T00:34:52","date_gmt":"2022-12-20T00:34:52","guid":{"rendered":"https:\/\/jmmedicalec.com\/nuevo\/?post_type=product&#038;p=26410"},"modified":"2023-01-26T00:24:09","modified_gmt":"2023-01-26T00:24:09","slug":"asiento-de-microfibra","status":"publish","type":"product","link":"https:\/\/jmmedicalec.com\/nuevo\/product\/asiento-de-microfibra\/","title":{"rendered":"ASIENTO DE MICROFIBRA"},"content":{"rendered":"<ul>\n<li class=\"p2\">Fabricado en microfibra.<span class=\"Apple-converted-space\">\u00a0<\/span><\/li>\n<li class=\"p2\">F\u00e1cil de inflar y desinflar<span class=\"Apple-converted-space\">\u00a0<\/span><\/li>\n<li class=\"p2\">Suave y c\u00f3modo.<span class=\"Apple-converted-space\">\u00a0<\/span><\/li>\n<li class=\"p2\">F\u00e1cil de doblar y llevar.<span class=\"Apple-converted-space\">\u00a0<\/span><\/li>\n<li class=\"p2\">Distribuci\u00f3n efectiva del peso.<span class=\"Apple-converted-space\">\u00a0<\/span><\/li>\n<li class=\"p2\">Gran circulaci\u00f3n de aire.<span class=\"Apple-converted-space\">\u00a0<\/span><\/li>\n<li class=\"p2\">Procedencia: Taiwan.<span class=\"Apple-converted-space\">\u00a0<\/span><\/li>\n<li class=\"p2\">Medidas: 46 cm de di\u00e1metro.<span class=\"Apple-converted-space\">\u00a0<\/span><\/li>\n<li class=\"p2\">Presentaci\u00f3n: Caja x unidad, color verde.<span class=\"Apple-converted-space\">\u00a0<\/span><\/li>\n<li class=\"p2\">Uso: Son auxiliares en tratamientos de<span class=\"Apple-converted-space\">\u00a0<\/span>hemorroides, prostatitis, o incluso para mayor<span class=\"Apple-converted-space\">\u00a0<\/span>confort si pasa varias horas sentado en la oficina.<span class=\"Apple-converted-space\">\u00a0<\/span><\/li>\n<li class=\"p2\">Ayuda a mejorar la circulaci\u00f3n sangu\u00ednea y la relajaci\u00f3n muscular.<span class=\"Apple-converted-space\">\u00a0<\/span><\/li>\n<\/ul>\n","protected":false},"excerpt":{"rendered":"<ul>\n<li class=\"p2\">Fabricado en microfibra.<\/li>\n<li class=\"p2\">F\u00e1cil de inflar y desinflar<\/li>\n<li class=\"p2\">Suave y c\u00f3modo.<\/li>\n<li class=\"p2\">F\u00e1cil de doblar y llevar.<\/li>\n<li class=\"p2\">Distribuci\u00f3n efectiva del peso.<\/li>\n<li class=\"p2\">Gran circulaci\u00f3n de aire.<\/li>\n<li class=\"p2\">Procedencia: Taiwan.<\/li>\n<li class=\"p2\">Medidas: 46 cm de di\u00e1metro.<\/li>\n<li class=\"p2\">Presentaci\u00f3n: Caja x unidad, color verde.<\/li>\n<li class=\"p2\">Uso: Son auxiliares en tratamientos de hemorroides, prostatitis, o incluso para mayor confort si pasa varias horas sentado en la oficina.<\/li>\n<li class=\"p2\">Ayuda a mejorar la circulaci\u00f3n sangu\u00ednea y la relajaci\u00f3n muscular.<\/li>\n<\/ul>\n","protected":false},"featured_media":26268,"comment_status":"open","ping_status":"closed","template":"","meta":{"_acf_changed":false},"product_brand":[],"product_cat":[259],"product_tag":[],"class_list":{"0":"post-26410","1":"product","2":"type-product","3":"status-publish","4":"has-post-thumbnail","6":"product_cat-varios","8":"first","9":"instock","10":"taxable","11":"shipping-taxable","12":"product-type-simple"},"acf":[],"_links":{"self":[{"href":"https:\/\/jmmedicalec.com\/nuevo\/wp-json\/wp\/v2\/product\/26410","targetHints":{"allow":["GET"]}}],"collection":[{"href":"https:\/\/jmmedicalec.com\/nuevo\/wp-json\/wp\/v2\/product"}],"about":[{"href":"https:\/\/jmmedicalec.com\/nuevo\/wp-json\/wp\/v2\/types\/product"}],"replies":[{"embeddable":true,"href":"https:\/\/jmmedicalec.com\/nuevo\/wp-json\/wp\/v2\/comments?post=26410"}],"version-history":[{"count":1,"href":"https:\/\/jmmedicalec.com\/nuevo\/wp-json\/wp\/v2\/product\/26410\/revisions"}],"predecessor-version":[{"id":26809,"href":"https:\/\/jmmedicalec.com\/nuevo\/wp-json\/wp\/v2\/product\/26410\/revisions\/26809"}],"wp:featuredmedia":[{"embeddable":true,"href":"https:\/\/jmmedicalec.com\/nuevo\/wp-json\/wp\/v2\/media\/26268"}],"wp:attachment":[{"href":"https:\/\/jmmedicalec.com\/nuevo\/wp-json\/wp\/v2\/media?parent=26410"}],"wp:term":[{"taxonomy":"product_brand","embeddable":true,"href":"https:\/\/jmmedicalec.com\/nuevo\/wp-json\/wp\/v2\/product_brand?post=26410"},{"taxonomy":"product_cat","embeddable":true,"href":"https:\/\/jmmedicalec.com\/nuevo\/wp-json\/wp\/v2\/product_cat?post=26410"},{"taxonomy":"product_tag","embeddable":true,"href":"https:\/\/jmmedicalec.com\/nuevo\/wp-json\/wp\/v2\/product_tag?post=26410"}],"curies":[{"name":"wp","href":"https:\/\/api.w.org\/{rel}","templated":true}]}}